{"id":4723,"date":"2025-01-10T11:12:28","date_gmt":"2025-01-10T10:12:28","guid":{"rendered":"https:\/\/agriris.com\/?post_type=product&#038;p=4723"},"modified":"2026-03-22T09:59:28","modified_gmt":"2026-03-22T08:59:28","slug":"kraften-i-groddar-en-3-stegsguide-for-att-odla-och-ata-dem-varje-dag","status":"publish","type":"product","link":"https:\/\/agriris.com\/se\/product\/the-power-of-sprouts-a-3-step-guide-to-grow-and-eat-them-everyday\/","title":{"rendered":"Kraften i groddar (e-bok)"},"content":{"rendered":"<p>L\u00e4r dig om h\u00e4lsof\u00f6rdelarna med groddar med <strong>Anniken &amp; Eirik Fure Stensruds<\/strong> ultimata guiden till groddning <em>Kraften i groddar \u2013 En guide i 3 steg f\u00f6r att odla och \u00e4ta dem varje dag<\/em>.<\/p>\n<p>Den h\u00e4r e-boken \u00e4r f\u00f6r alla som vill f\u00f6rb\u00e4ttra sitt v\u00e4lbefinnande genom groddarnas otroliga kraft \u2013 naturens sm\u00e5 n\u00e4ringskraftverk.<\/p>\n<h3><strong>Vad finns inuti?<\/strong><\/h3>\n<ul>\n<li><strong>Steg-f\u00f6r-steg-v\u00e4gledning:<\/strong> L\u00e4r dig hur du enkelt odlar olika typer av groddar, oavsett om du anv\u00e4nder glasburkar, brickor eller automatiska groddmaskiner.<\/li>\n<li><strong>Vetenskapligt bevisade f\u00f6rdelar:<\/strong> Uppt\u00e4ck hur groddar kan st\u00f6dja ditt immunf\u00f6rsvar, f\u00f6rb\u00e4ttra tarmh\u00e4lsan, avgifta din kropp och ge h\u00e5llbar, prisv\u00e4rd n\u00e4ring.<\/li>\n<li><strong>Uts\u00f6kta recept<\/strong> Njut av en m\u00e4ngd recept, fr\u00e5n energigivande smoothies till mustiga m\u00e5ltider, som alla inneh\u00e5ller groddar p\u00e5 innovativa s\u00e4tt.<\/li>\n<li><strong>Fels\u00f6kningstips<\/strong> \u00d6vervinna vanliga groningsproblem med praktiska l\u00f6sningar.<\/li>\n<li><strong>H\u00e4lsosamma Insikter:<\/strong> Dyk ner i n\u00e4ringsprofilerna hos popul\u00e4ra groddar och hur de kan f\u00f6rb\u00e4ttra din kost.<\/li>\n<\/ul>\n<h3><strong>Varf\u00f6r v\u00e4lja den h\u00e4r guiden?<\/strong><\/h3>\n<p>Skriven av h\u00e4lso-coach certifierad i funktionell medicin <strong>Erik<\/strong> och v\u00e4xtforskare <strong>Anniken<\/strong>, \u00e4r denna guide en inspirerande och praktisk resurs. Oavsett om du \u00e4r nyb\u00f6rjare p\u00e5 groddning eller vill ut\u00f6ka din repertoar, ger denna e-bok dig m\u00f6jlighet att odla h\u00e4lsa hemma.<\/p>\n<hr \/>\n<p>\ud83d\udca1 <strong>Varf\u00f6r Sprouts?<\/strong> Groddar \u00e4r fullpackade med vitaminer, mineraler och antioxidanter, och ger en n\u00e4ringsm\u00e4ssig fulltr\u00e4ff i varje tugga. Med bara en liten anstr\u00e4ngning kan du odla dessa superfoods i ditt k\u00f6k, vilket bidrar till b\u00e5de personlig h\u00e4lsa och milj\u00f6m\u00e4ssig h\u00e5llbarhet.<\/p>","protected":false},"excerpt":{"rendered":"<p>Learn about the health benefits of sprouts with Anniken &amp; Eirik Fure Stensrud&#8217;s ultimate guide to sprouting The Power of Sprouts &#8211; A 3-Step Guide To Grow and Eat Them Everyday. This ebook is for anyone looking to boost their wellness through the incredible power of sprouts\u2014nature&#8217;s tiny nutritional powerhouses. What\u2019s Inside? Step-by-Step Guidance: Learn [&hellip;]<\/p>\n","protected":false},"featured_media":4738,"comment_status":"open","ping_status":"closed","template":"","meta":{"_crdt_document":"","advanced_seo_description":"","jetpack_seo_html_title":"","jetpack_seo_noindex":false},"product_brand":[],"product_cat":[1378],"product_tag":[1415],"class_list":{"0":"post-4723","1":"product","2":"type-product","3":"status-publish","4":"has-post-thumbnail","6":"product_cat-sprouting","7":"product_tag-autosprout-tray","8":"product_shipping_class-free-shipping","10":"first","11":"instock","12":"taxable","13":"shipping-taxable","14":"purchasable","15":"product-type-simple"},"exclude_global_add_ons":[],"addons":[],"jetpack_sharing_enabled":true,"jetpack_likes_enabled":false,"jetpack-related-posts":[{"id":24,"url":"https:\/\/agriris.com\/se\/product\/autosprout-premium\/","url_meta":{"origin":4723,"position":0},"title":"AutoSprout Premium","author":"Eirik Fure Stensrud","date":"oktober 11, 2023","format":false,"excerpt":"V\u00e4rldens f\u00f6rsta 100% automatiska groddningsmaskin | Odla 500 gram p\u00e5 2-6 dagar | Dimbevattning | Intelligent belysning | Enkel reng\u00f6ring | Milj\u00f6medveten design | Omfattande guider","rel":"","context":"Liknande inl\u00e4gg","block_context":{"text":"Liknande inl\u00e4gg","link":""},"img":{"alt_text":"","src":"https:\/\/i0.wp.com\/agriris.com\/wp-content\/uploads\/2023\/10\/AutoSprout-Premium.jpg?fit=1128%2C1128&ssl=1&resize=350%2C200","width":350,"height":200,"srcset":"https:\/\/i0.wp.com\/agriris.com\/wp-content\/uploads\/2023\/10\/AutoSprout-Premium.jpg?fit=1128%2C1128&ssl=1&resize=350%2C200 1x, https:\/\/i0.wp.com\/agriris.com\/wp-content\/uploads\/2023\/10\/AutoSprout-Premium.jpg?fit=1128%2C1128&ssl=1&resize=525%2C300 1.5x, https:\/\/i0.wp.com\/agriris.com\/wp-content\/uploads\/2023\/10\/AutoSprout-Premium.jpg?fit=1128%2C1128&ssl=1&resize=700%2C400 2x, https:\/\/i0.wp.com\/agriris.com\/wp-content\/uploads\/2023\/10\/AutoSprout-Premium.jpg?fit=1128%2C1128&ssl=1&resize=1050%2C600 3x"},"classes":[]},{"id":4761,"url":"https:\/\/agriris.com\/se\/product\/autosprout\/","url_meta":{"origin":4723,"position":1},"title":"AutoSprout\u24b9","author":"Eirik Fure Stensrud","date":"januari 22, 2025","format":false,"excerpt":"V\u00e4rldens f\u00f6rsta 100% automatiska groddningsmaskin | Odla 500 gram p\u00e5 2-6 dagar | Dimbevattning | Intelligent belysning | L\u00e4tt reng\u00f6ring | Milj\u00f6medveten design | Kurs &amp; e-bok","rel":"","context":"Liknande inl\u00e4gg","block_context":{"text":"Liknande inl\u00e4gg","link":""},"img":{"alt_text":"","src":"https:\/\/i0.wp.com\/agriris.com\/wp-content\/uploads\/2025\/01\/openart-image_bpOKdvjr_1765873925269_raw.png?fit=1152%2C896&ssl=1&resize=350%2C200","width":350,"height":200,"srcset":"https:\/\/i0.wp.com\/agriris.com\/wp-content\/uploads\/2025\/01\/openart-image_bpOKdvjr_1765873925269_raw.png?fit=1152%2C896&ssl=1&resize=350%2C200 1x, https:\/\/i0.wp.com\/agriris.com\/wp-content\/uploads\/2025\/01\/openart-image_bpOKdvjr_1765873925269_raw.png?fit=1152%2C896&ssl=1&resize=525%2C300 1.5x, https:\/\/i0.wp.com\/agriris.com\/wp-content\/uploads\/2025\/01\/openart-image_bpOKdvjr_1765873925269_raw.png?fit=1152%2C896&ssl=1&resize=700%2C400 2x, https:\/\/i0.wp.com\/agriris.com\/wp-content\/uploads\/2025\/01\/openart-image_bpOKdvjr_1765873925269_raw.png?fit=1152%2C896&ssl=1&resize=1050%2C600 3x"},"classes":[]},{"id":25,"url":"https:\/\/agriris.com\/se\/product\/autosprout-tray\/","url_meta":{"origin":4723,"position":2},"title":"AutoSprout Fack","author":"Eirik Fure Stensrud","date":"oktober 11, 2023","format":false,"excerpt":"Groddbricka f\u00f6r din AutoSprout \ud83c\udf00 Tv\u00e5 h\u00e5lstorlekar: V\u00e4lj mellan stora 2 mm h\u00e5l och sm\u00e5 1,2 mm h\u00e5l f\u00f6r att passa olika groddfr\u00f6n. \ud83c\udfaf Varf\u00f6r olika brickor? Vi str\u00e4var efter utm\u00e4rkt dr\u00e4nering och enkel sk\u00f6rd. Sm\u00e5 fr\u00f6n kan glida igenom stora h\u00e5l, medan stora fr\u00f6n kan bli...","rel":"","context":"Liknande inl\u00e4gg","block_context":{"text":"Liknande inl\u00e4gg","link":""},"img":{"alt_text":"","src":"https:\/\/i0.wp.com\/agriris.com\/wp-content\/uploads\/2023\/10\/tray-with-raddish.png?fit=1200%2C1200&ssl=1&resize=350%2C200","width":350,"height":200,"srcset":"https:\/\/i0.wp.com\/agriris.com\/wp-content\/uploads\/2023\/10\/tray-with-raddish.png?fit=1200%2C1200&ssl=1&resize=350%2C200 1x, https:\/\/i0.wp.com\/agriris.com\/wp-content\/uploads\/2023\/10\/tray-with-raddish.png?fit=1200%2C1200&ssl=1&resize=525%2C300 1.5x, https:\/\/i0.wp.com\/agriris.com\/wp-content\/uploads\/2023\/10\/tray-with-raddish.png?fit=1200%2C1200&ssl=1&resize=700%2C400 2x, https:\/\/i0.wp.com\/agriris.com\/wp-content\/uploads\/2023\/10\/tray-with-raddish.png?fit=1200%2C1200&ssl=1&resize=1050%2C600 3x"},"classes":[]},{"id":5806,"url":"https:\/\/agriris.com\/se\/product\/autosprout-mesh\/","url_meta":{"origin":4723,"position":3},"title":"AutoSprout Broccolifat N\u00e4t","author":"Eirik Fure Stensrud","date":"september 10, 2025","format":false,"excerpt":"Oumb\u00e4rligt till\u00e4gg f\u00f6r att odla broccolirotskott. Broccolirotskott kan vara knepiga att odla och sk\u00f6rda! Sm\u00e5 spindelv\u00e4vsr\u00f6tter slinker igenom brickan och fastnar n\u00e4r du f\u00f6rs\u00f6ker sk\u00f6rda. D\u00e4rf\u00f6r skapade vi AutoSprout\u2122 Broccolibrickans n\u00e4t \u2013 ett enkelt men kraftfullt till\u00e4gg som l\u00f6ser problemet. \u2705\u2026","rel":"","context":"Liknande inl\u00e4gg","block_context":{"text":"Liknande inl\u00e4gg","link":""},"img":{"alt_text":"","src":"https:\/\/i0.wp.com\/agriris.com\/wp-content\/uploads\/2025\/09\/IMG_1004.jpg?fit=1200%2C900&ssl=1&resize=350%2C200","width":350,"height":200,"srcset":"https:\/\/i0.wp.com\/agriris.com\/wp-content\/uploads\/2025\/09\/IMG_1004.jpg?fit=1200%2C900&ssl=1&resize=350%2C200 1x, https:\/\/i0.wp.com\/agriris.com\/wp-content\/uploads\/2025\/09\/IMG_1004.jpg?fit=1200%2C900&ssl=1&resize=525%2C300 1.5x, https:\/\/i0.wp.com\/agriris.com\/wp-content\/uploads\/2025\/09\/IMG_1004.jpg?fit=1200%2C900&ssl=1&resize=700%2C400 2x, https:\/\/i0.wp.com\/agriris.com\/wp-content\/uploads\/2025\/09\/IMG_1004.jpg?fit=1200%2C900&ssl=1&resize=1050%2C600 3x"},"classes":[]},{"id":6166,"url":"https:\/\/agriris.com\/se\/product\/growhealth-dnacore\/","url_meta":{"origin":4723,"position":4},"title":"GrowHealth DNA K\u00e4rntill\u00e4gg","author":"Eirik Fure Stensrud","date":"oktober 17, 2025","format":false,"excerpt":"Med GrowHealth\u2122 DNA Core Learning Add-On f\u00e5r du en f\u00f6rst\u00e5else f\u00f6r hur dina gener kan p\u00e5verka din energi, metabolism och potential f\u00f6r l\u00e5ngsiktig h\u00e4lsa \u2013 genom strukturerad utbildning, inte diagnos. Inom GrowHealth\u2122-systemet anv\u00e4nder du resultaten fr\u00e5n ditt DNA Core inom modulerna F\u00f6rst\u00e5 din h\u00e4lsa och \u00c5terbalansera din energi f\u00f6r att l\u00e4ra dig hur\u2026","rel":"","context":"Liknande inl\u00e4gg","block_context":{"text":"Liknande inl\u00e4gg","link":""},"img":{"alt_text":"","src":"https:\/\/i0.wp.com\/agriris.com\/wp-content\/uploads\/2025\/10\/Copy-of-Copy-of-Copy-of-GrowHealth-Starter-Bundle.png?fit=1080%2C1080&ssl=1&resize=350%2C200","width":350,"height":200,"srcset":"https:\/\/i0.wp.com\/agriris.com\/wp-content\/uploads\/2025\/10\/Copy-of-Copy-of-Copy-of-GrowHealth-Starter-Bundle.png?fit=1080%2C1080&ssl=1&resize=350%2C200 1x, https:\/\/i0.wp.com\/agriris.com\/wp-content\/uploads\/2025\/10\/Copy-of-Copy-of-Copy-of-GrowHealth-Starter-Bundle.png?fit=1080%2C1080&ssl=1&resize=525%2C300 1.5x, https:\/\/i0.wp.com\/agriris.com\/wp-content\/uploads\/2025\/10\/Copy-of-Copy-of-Copy-of-GrowHealth-Starter-Bundle.png?fit=1080%2C1080&ssl=1&resize=700%2C400 2x, https:\/\/i0.wp.com\/agriris.com\/wp-content\/uploads\/2025\/10\/Copy-of-Copy-of-Copy-of-GrowHealth-Starter-Bundle.png?fit=1080%2C1080&ssl=1&resize=1050%2C600 3x"},"classes":[]},{"id":5319,"url":"https:\/\/agriris.com\/se\/product\/growhealth-starter-bundle\/","url_meta":{"origin":4723,"position":5},"title":"GrowHealth Startpaket","author":"Eirik Fure Stensrud","date":"oktober 16, 2025","format":false,"excerpt":"GrowHealth\u2122 Startpaket ger dig den fullst\u00e4ndiga utbildningsupplevelsen: livsl\u00e5ng \u00e5tkomst till GrowHealth\u2122-programmet, alla tre l\u00e4randebonusar (GI-MAP, HTMA och DNA Core), och tre 1:1 utbildningssamtal med v\u00e5rt team. L\u00e4r dig f\u00f6rst\u00e5 din tarm, energi och genetiska m\u00f6nster genom strukturerade lektioner, datadrivna l\u00e4romedel, AI-st\u00f6d,...","rel":"","context":"Liknande inl\u00e4gg","block_context":{"text":"Liknande inl\u00e4gg","link":""},"img":{"alt_text":"","src":"https:\/\/i0.wp.com\/agriris.com\/wp-content\/uploads\/2025\/10\/GrowHealth-Starter-Bundle.png?fit=1080%2C1080&ssl=1&resize=350%2C200","width":350,"height":200,"srcset":"https:\/\/i0.wp.com\/agriris.com\/wp-content\/uploads\/2025\/10\/GrowHealth-Starter-Bundle.png?fit=1080%2C1080&ssl=1&resize=350%2C200 1x, https:\/\/i0.wp.com\/agriris.com\/wp-content\/uploads\/2025\/10\/GrowHealth-Starter-Bundle.png?fit=1080%2C1080&ssl=1&resize=525%2C300 1.5x, https:\/\/i0.wp.com\/agriris.com\/wp-content\/uploads\/2025\/10\/GrowHealth-Starter-Bundle.png?fit=1080%2C1080&ssl=1&resize=700%2C400 2x, https:\/\/i0.wp.com\/agriris.com\/wp-content\/uploads\/2025\/10\/GrowHealth-Starter-Bundle.png?fit=1080%2C1080&ssl=1&resize=1050%2C600 3x"},"classes":[]}],"_links":{"self":[{"href":"https:\/\/agriris.com\/se\/wp-json\/wp\/v2\/product\/4723","targetHints":{"allow":["GET"]}}],"collection":[{"href":"https:\/\/agriris.com\/se\/wp-json\/wp\/v2\/product"}],"about":[{"href":"https:\/\/agriris.com\/se\/wp-json\/wp\/v2\/types\/product"}],"replies":[{"embeddable":true,"href":"https:\/\/agriris.com\/se\/wp-json\/wp\/v2\/comments?post=4723"}],"version-history":[{"count":4,"href":"https:\/\/agriris.com\/se\/wp-json\/wp\/v2\/product\/4723\/revisions"}],"predecessor-version":[{"id":11298,"href":"https:\/\/agriris.com\/se\/wp-json\/wp\/v2\/product\/4723\/revisions\/11298"}],"wp:featuredmedia":[{"embeddable":true,"href":"https:\/\/agriris.com\/se\/wp-json\/wp\/v2\/media\/4738"}],"wp:attachment":[{"href":"https:\/\/agriris.com\/se\/wp-json\/wp\/v2\/media?parent=4723"}],"wp:term":[{"taxonomy":"product_brand","embeddable":true,"href":"https:\/\/agriris.com\/se\/wp-json\/wp\/v2\/product_brand?post=4723"},{"taxonomy":"product_cat","embeddable":true,"href":"https:\/\/agriris.com\/se\/wp-json\/wp\/v2\/product_cat?post=4723"},{"taxonomy":"product_tag","embeddable":true,"href":"https:\/\/agriris.com\/se\/wp-json\/wp\/v2\/product_tag?post=4723"}],"curies":[{"name":"wp","href":"https:\/\/api.w.org\/{rel}","templated":true}]}}