{"id":156,"date":"2023-10-11T14:13:24","date_gmt":"2023-10-11T12:13:24","guid":{"rendered":"https:\/\/agriris.com\/help-info\/"},"modified":"2023-10-16T13:46:40","modified_gmt":"2023-10-16T11:46:40","slug":"fraktreturer","status":"publish","type":"page","link":"https:\/\/agriris.com\/se\/shipping-returns\/","title":{"rendered":"Frakt, Returer och \u00c5terbetalningar"},"content":{"rendered":"<div data-elementor-type=\"wp-page\" data-elementor-id=\"156\" class=\"elementor elementor-156\" data-elementor-post-type=\"page\">\n\t\t\t\t<div class=\"elementor-element elementor-element-75c84c2f e-flex e-con-boxed e-con e-parent\" data-id=\"75c84c2f\" data-element_type=\"container\" data-e-type=\"container\" data-settings=\"{&quot;background_background&quot;:&quot;classic&quot;}\">\n\t\t\t\t\t<div class=\"e-con-inner\">\n\t\t\t\t<div class=\"elementor-element elementor-element-6b889213 elementor-widget elementor-widget-heading\" data-id=\"6b889213\" data-element_type=\"widget\" data-e-type=\"widget\" data-widget_type=\"heading.default\">\n\t\t\t\t\t<h2 class=\"elementor-heading-title elementor-size-default\">Frakt, Returer och \u00c5terbetalningar<\/h2>\t\t\t\t<\/div>\n\t\t\t\t<div class=\"elementor-element elementor-element-2f69bcdc elementor-widget elementor-widget-text-editor\" data-id=\"2f69bcdc\" data-element_type=\"widget\" data-e-type=\"widget\" data-widget_type=\"text-editor.default\">\n\t\t\t\t\t\t\t\t\t<p>\u00a0<\/p><p>Agriris AB<br \/>Webbplats <a href=\"https:\/\/agriris.com\/se\/\" target=\"_new\">www.agriris.com<\/a><br \/>Adress: V\u00e5rstien 14, 6630 Tingvoll, Norge<\/p><p>Uppdaterad: 16 oktober, 2023<\/p><ol><li><p><strong>FRAKTKOLLICY<\/strong><\/p><p>1.1 <strong>Leveransdestinations<\/strong><br \/>Vi skickar produkter b\u00e5de inrikes inom Norge och internationellt till utvalda l\u00e4nder. Tillg\u00e4ngligheten av leverans till din plats kommer att bekr\u00e4ftas vid kassan. Ordrar hanteras med hj\u00e4lp av v\u00e5r betrodda 3PL-partner, NextSmartShip, fr\u00e5n deras lager bel\u00e4gna i USA, EU, Australien eller Kina.<\/p><p>1.2 <strong>Fraktkostnader<\/strong><br \/>Fraktkostnaderna varierar beroende p\u00e5 plats, vikten p\u00e5 din best\u00e4llning och ursprungslager. Alla fraktavgifter kommer att anges tydligt under kassan.<\/p><p>1.3 <strong>Leverans &amp; Utl\u00e4mning<\/strong><br \/>Best\u00e4llningar skickas vanligtvis inom 1-3 arbetsdagar efter orderbekr\u00e4ftelse. Leveranstiderna kan variera men \u00e4r vanligtvis:<\/p><ul><li>Inrikes: 3-5 arbetsdagar<\/li><li>Internationellt: 7-21 arbetsdagar<\/li><\/ul><p>Observera att detta \u00e4r uppskattningar, och leveransen kan ibland ta l\u00e4ngre tid p\u00e5 grund av of\u00f6rutsedda omst\u00e4ndigheter eller tullhantering f\u00f6r internationella best\u00e4llningar.<\/p><\/li><li><p><strong>\u00c5TERBETALNINGSPOLICY<\/strong><\/p><p>2.1 <strong>30 dagars pengarna-tillbaka-garanti<\/strong><br \/>Vi st\u00e5r bakom kvaliteten p\u00e5 v\u00e5ra produkter. Om du inte \u00e4r helt n\u00f6jd med ditt k\u00f6p erbjuder vi en 30-dagars pengarna-tillbaka-garanti. Kontakta oss inom 30 dagar efter att du mottagit din best\u00e4llning, s\u00e5 behandlar vi en full \u00e5terbetalning.<\/p><p>2.2 <strong>\u00c5terbetalningsprocess<\/strong><br \/>N\u00e4r vi har tagit emot och inspekterat den returnerade produkten, och om returen godk\u00e4nns, kommer din \u00e5terbetalning att behandlas. En kredit kommer att f\u00f6ras till din ursprungliga betalningsmetod, vanligtvis inom 10 arbetsdagar.<\/p><\/li><li><p><strong>RETURNPOLICY<\/strong><\/p><p>3.1 <strong>\u00c5terbetalningsbarhet<\/strong><br \/>Produkter kan returneras inom 30 dagar efter mottagandet. F\u00f6r att vara ber\u00e4ttigad m\u00e5ste varor vara oanv\u00e4nda, i samma skick som de mottogs och i originalf\u00f6rpackningen.<\/p><p>3.2 <strong>Returfrakt<\/strong><br \/>Kunderna st\u00e5r f\u00f6r returfrakten om inte produkten som mottagits \u00e4r skadad eller felaktig. I s\u00e5dana fall, <a class=\"wpil_keyword_link\" href=\"https:\/\/agriris.com\/se\/produktetikett\/automatiskt-gro\/\"   title=\"automatiskt gro\" data-wpil-keyword-link=\"linked\"  data-wpil-monitor-id=\"6074\">Agriris<\/a> AS st\u00e5r f\u00f6r returfrakten. Returer b\u00f6r skickas till det NextSmartShip-lager som varan ursprungligen skickades ifr\u00e5n.<\/p><p>3.3 <strong>Initiera en retur<\/strong><br \/>F\u00f6r att p\u00e5b\u00f6rja en retur, kontakta v\u00e5r kundtj\u00e4nst p\u00e5 <a href=\"mailto:contact@agriris.com\" target=\"_new\">contact@agriris.com<\/a> med ditt ordernummer och returanledning. Instruktioner kommer att ges om hur du g\u00e5r vidare.<\/p><\/li><li><p><strong>KONTAKTA OSS<\/strong><br \/>F\u00f6r alla fr\u00e5gor eller f\u00f6rtydliganden ang\u00e5ende denna policy, v\u00e4nligen kontakta oss p\u00e5:<\/p><p>\ud83d\udce7 E-post: <a href=\"mailto:contact@agriris.com\" target=\"_new\">contact@agriris.com<\/a><br \/>\ud83d\udcec Adress: V\u00e5rstien 14, 6630 Tingvoll, Norge<\/p><\/li><\/ol>\t\t\t\t\t\t\t\t<\/div>\n\t\t\t\t\t<\/div>\n\t\t\t\t<\/div>\n\t\t\t\t<\/div>","protected":false},"excerpt":{"rendered":"<p>\/! elementor &#8211; v3.17.0 &#8211; 09-10-2023 *\/ .elementor-heading-title{padding:0;margin:0;line-height:1}.elementor-widget-heading .elementor-heading-title[class=elementor-size-]&gt;a{color:inherit;font-size:inherit;line-height:inherit}.elementor-widget-heading .elementor-heading-title.elementor-size-small{font-size:15px}.elementor-widget-heading .elementor-heading-title.elementor-size-medium{font-size:19px}.elementor-widget-heading .elementor-heading-title.elementor-size-large{font-size:29px}.elementor-widget-heading .elementor-heading-title.elementor-size-xl{font-size:39px}.elementor-widget-heading .elementor-heading-title.elementor-size-xxl{font-size:59px} Shipping, Returns &amp; Refunds \u00a0 Agriris ASWebsite: <a href=\"http:\/\/www.agriris.comAddress\" rel=\"nofollow\">http:\/\/www.agriris.comAddress<\/a>: V\u00e5rstien 14, 6630 Tingvoll, Norway Updated: 16 October, 2023 SHIPPING POLICY 1.1 Shipping DestinationsWe ship products both domestically within Norway and internationally to select countries. The availability of shipping to your location will [&hellip;]<\/p>\n","protected":false},"author":237397814,"featured_media":0,"parent":0,"menu_order":0,"comment_status":"closed","ping_status":"closed","template":"elementor_header_footer","meta":{"_crdt_document":"","advanced_seo_description":"","jetpack_seo_html_title":"","jetpack_seo_noindex":false,"footnotes":""},"class_list":["post-156","page","type-page","status-publish","hentry"],"jetpack_sharing_enabled":true,"jetpack_likes_enabled":false,"jetpack_shortlink":"https:\/\/wp.me\/PfchOq-2w","jetpack-related-posts":[{"id":139,"url":"https:\/\/agriris.com\/se\/global-styles\/","url_meta":{"origin":156,"position":0},"title":"Globala stilar","author":"Eirik Fure Stensrud","date":"oktober 11, 2023","format":false,"excerpt":"Globala stilar F\u00e4rger Typsnitt knappar Den h\u00e4r sidan f\u00f6rhandsgranskar globala typsnitt och f\u00e4rger f\u00f6r detta Kit. \u00c4ndringar som g\u00f6rs i Webbplatsinst\u00e4llningar visas h\u00e4r. Globala f\u00e4rger SYSTEM Prim\u00e4r Sekund\u00e4r Text som accent Egna bakgrunder Kit Bl\u00e5 Element Bl\u00e5 Ljus bakgrund Vit Transparent bakgrund som \u00f6verl\u00e4gg Globala typsnitt SYSTEM Prim\u00e4rabcd Sekund\u00e4rabcd\u2026","rel":"","context":"Liknande inl\u00e4gg","block_context":{"text":"Liknande inl\u00e4gg","link":""},"img":{"alt_text":"","src":"","width":0,"height":0},"classes":[]},{"id":159,"url":"https:\/\/agriris.com\/se\/support\/","url_meta":{"origin":156,"position":1},"title":"Support &amp; vanliga fr\u00e5gor","author":"Eirik Fure Stensrud","date":"oktober 11, 2023","format":false,"excerpt":"Support, garanti och vanliga fr\u00e5gor <h2>Kontrollera informationen nedan eller skicka ett mejl till oss p\u00e5 <strong data-start=\"1668\" data-end=\"1691\">support@agriris.com<\/strong><\/h2> <h2>AutoSprout\u2122<\/h2> <h2>Steg 1: Registrera din produktgaranti<\/h2> <h2>Ange dina uppgifter nedan f\u00f6r att registrera din garanti. Du f\u00e5r \u00e4ven direkt tillg\u00e5ng till v\u00e5rt kundforum, <b><i>OdlaMat<\/i>\u2122<\/b> kurs med detaljerade groningsguider och <i><b>Makt\u2026","rel":"","context":"Liknande inl\u00e4gg","block_context":{"text":"Liknande inl\u00e4gg","link":""},"img":{"alt_text":"","src":"","width":0,"height":0},"classes":[]},{"id":144,"url":"https:\/\/agriris.com\/se\/cart\/","url_meta":{"origin":156,"position":2},"title":"Vagn","author":"Eirik Fure Stensrud","date":"oktober 11, 2023","format":false,"excerpt":"Din varukorg Kund matchade zon \"Europa\" <!--open container--> <!--open column-1--> Ta bort post Miniatyrbild Produktpris Antal Totalt \u00d7 AutoSprout 4 988 kr AutoSprout antal 4 988 kr (inkl. moms) Ange kupong <!--close column-1--> <!--open column-2--> <!--open column-inner--> <!--open cart-totals--> <h2>Varukorgens totalbelopp<\/h2> <table cellspacing=\"0\"> <tr> <th>Delsumma<\/th> <td data-title=\"Subtotal\"><bdi>4 988 kr<\/bdi> <small>(inkl. moms)<\/small><\/td> <\/tr> <tr> <th>Kupong: vennerfamilie2025<\/th>\u2026","rel":"","context":"Liknande inl\u00e4gg","block_context":{"text":"Liknande inl\u00e4gg","link":""},"img":{"alt_text":"AutoSprout","src":"https:\/\/i0.wp.com\/agriris.com\/wp-content\/uploads\/2025\/01\/AutoSprout-ABS-Top-View-300x300.jpg?resize=350%2C200&ssl=1","width":350,"height":200},"classes":[]},{"id":147,"url":"https:\/\/agriris.com\/se\/checkout\/","url_meta":{"origin":156,"position":3},"title":"Kassan","author":"Eirik Fure Stensrud","date":"oktober 11, 2023","format":false,"excerpt":"Kolla in <h1>F\u00f6r att se alla betalningsalternativ - v\u00e4lj din lokala valuta och land<\/h1> Kundmatchad zon \"Asien &amp; Oceanien\" Faktureringsuppgifter F\u00f6rnamn\u00a0*Efternamn\u00a0*F\u00f6retagsnamn\u00a0(valfritt)Land \/ Region\u00a0*V\u00e4lj ett land \/ en region\u2026AustralienBelgienBulgarienKanadaKroatienCypernTjeckienDanmarkEstlandFinlandFrankrikeTysklandGreklandHongkongUngernIndienIndonesienIrlandItalienLettlandLitauenLuxemburgMalaysiaMaltaNederl\u00e4ndernaNya ZeelandNorgeFilippinernaPolenPortugalQatarRum\u00e4nienSaudiarabienSingaporeSlovakienSlovenienSydkoreaSpanienSverigeTaiwanThailandF\u00f6renade ArabemiratenStorbritannien (UK)USAUtvalt land \/ regionGatuadress\u00a0*L\u00e4genhet, svit, enhet, etc.\u00a0(valfritt)Stadsdel\u00a0*Stat\u00a0*\u2026","rel":"","context":"Liknande inl\u00e4gg","block_context":{"text":"Liknande inl\u00e4gg","link":""},"img":{"alt_text":"","src":"","width":0,"height":0},"classes":[]},{"id":153,"url":"https:\/\/agriris.com\/se\/terms-conditions\/","url_meta":{"origin":156,"position":4},"title":"Villkor","author":"Eirik Fure Stensrud","date":"oktober 11, 2023","format":false,"excerpt":"Terms & Conditions <strong>Agriris AS<\/strong> Website: www.agriris.com Address: V\u00e5rstien 14, 6630 Tingvoll, Norway Updated: 27 February, 2025 Terms and ConditionsAgriris ASWebsite: www.agriris.comAddress: V\u00e5rstien 14, 6630 Tingvoll, NorwayUpdated: [Insert Date] 1. Acceptance of Terms By accessing or using our website, services, or purchasing our digital products, courses, memberships, or physical products,\u2026","rel":"","context":"Liknande inl\u00e4gg","block_context":{"text":"Liknande inl\u00e4gg","link":""},"img":{"alt_text":"","src":"","width":0,"height":0},"classes":[]},{"id":150,"url":"https:\/\/agriris.com\/se\/my-account-2\/","url_meta":{"origin":156,"position":5},"title":"Mitt konto","author":"Eirik Fure Stensrud","date":"oktober 11, 2023","format":false,"excerpt":"[woocommerce_my_account] Dashboard Orders Downloads Gift Cards Addresses Account Details Logout Hello Eirik Fure Stensrud (not Eirik Fure Stensrud? Log out) From your account dashboard you can view your recent orders, manage your shipping and billing addresses, and edit your password and account details.","rel":"","context":"Liknande inl\u00e4gg","block_context":{"text":"Liknande inl\u00e4gg","link":""},"img":{"alt_text":"","src":"","width":0,"height":0},"classes":[]}],"_links":{"self":[{"href":"https:\/\/agriris.com\/se\/wp-json\/wp\/v2\/pages\/156","targetHints":{"allow":["GET"]}}],"collection":[{"href":"https:\/\/agriris.com\/se\/wp-json\/wp\/v2\/pages"}],"about":[{"href":"https:\/\/agriris.com\/se\/wp-json\/wp\/v2\/types\/page"}],"author":[{"embeddable":true,"href":"https:\/\/agriris.com\/se\/wp-json\/wp\/v2\/users\/237397814"}],"replies":[{"embeddable":true,"href":"https:\/\/agriris.com\/se\/wp-json\/wp\/v2\/comments?post=156"}],"version-history":[{"count":25,"href":"https:\/\/agriris.com\/se\/wp-json\/wp\/v2\/pages\/156\/revisions"}],"predecessor-version":[{"id":12587,"href":"https:\/\/agriris.com\/se\/wp-json\/wp\/v2\/pages\/156\/revisions\/12587"}],"wp:attachment":[{"href":"https:\/\/agriris.com\/se\/wp-json\/wp\/v2\/media?parent=156"}],"curies":[{"name":"wp","href":"https:\/\/api.w.org\/{rel}","templated":true}]}}