{"id":150,"date":"2023-10-11T14:13:24","date_gmt":"2023-10-11T12:13:24","guid":{"rendered":"https:\/\/agriris.com\/my-account-2\/"},"modified":"2023-10-11T14:13:38","modified_gmt":"2023-10-11T12:13:38","slug":"min-konto-2","status":"publish","type":"page","link":"https:\/\/agriris.com\/no\/my-account-2\/","title":{"rendered":"Min konto"},"content":{"rendered":"<div data-elementor-type=\"wp-page\" data-elementor-id=\"150\" class=\"elementor elementor-150\" data-elementor-post-type=\"page\">\n\t\t\t\t<div class=\"elementor-element elementor-element-203e94a5 e-con-full e-flex e-con e-parent\" data-id=\"203e94a5\" data-element_type=\"container\" data-e-type=\"container\" data-settings=\"{&quot;background_background&quot;:&quot;classic&quot;}\">\n\t\t\t\t<div class=\"elementor-element elementor-element-4b94d4ff e-my-account-tabs-vertical elementor-widget elementor-widget-woocommerce-my-account\" data-id=\"4b94d4ff\" data-element_type=\"widget\" data-e-type=\"widget\" data-widget_type=\"woocommerce-my-account.default\">\n\t\t\t\t\t<div class=\"e-my-account-tab e-my-account-tab__\">\t\t\t<div class=\"woocommerce\"><\/div>\t\t<\/div>\n\t\t\t\t\t\t<\/div>\n\t\t\t\t<\/div>\n\t\t\t\t<\/div>","protected":false},"excerpt":{"rendered":"<p>Oversikt Bestillinger Nedlastinger Gavekort Adresser Kontodetaljer Logg ut Hei Eirik Fure Stensrud (ikke Eirik Fure Stensrud? Logg ut) Fra din kontooversikt kan du se dine siste bestillinger, administrere dine leverings- og faktureringsadresser, og redigere passordet ditt og kontodetaljer.<\/p>","protected":false},"author":237397814,"featured_media":0,"parent":0,"menu_order":0,"comment_status":"closed","ping_status":"closed","template":"elementor_header_footer","meta":{"_crdt_document":"","advanced_seo_description":"","jetpack_seo_html_title":"","jetpack_seo_noindex":false,"footnotes":""},"class_list":["post-150","page","type-page","status-publish","hentry"],"jetpack_sharing_enabled":true,"jetpack_likes_enabled":false,"jetpack_shortlink":"https:\/\/wp.me\/PfchOq-2q","jetpack-related-posts":[{"id":45,"url":"https:\/\/agriris.com\/no\/shop\/","url_meta":{"origin":150,"position":0},"title":"Butikk","author":"Eirik Fure Stensrud","date":"oktober 11, 2023","format":false,"excerpt":"","rel":"","context":"Liknende innlegg","block_context":{"text":"Liknende innlegg","link":""},"img":{"alt_text":"","src":"","width":0,"height":0},"classes":[]},{"id":661,"url":"https:\/\/agriris.com\/no\/clients\/","url_meta":{"origin":150,"position":1},"title":"Klientportal","author":"Eirik Fure Stensrud","date":"oktober 18, 2023","format":false,"excerpt":"","rel":"","context":"Liknende innlegg","block_context":{"text":"Liknende innlegg","link":""},"img":{"alt_text":"","src":"","width":0,"height":0},"classes":[]},{"id":12282,"url":"https:\/\/agriris.com\/no\/blog\/","url_meta":{"origin":150,"position":2},"title":"Blogg","author":"Eirik Fure Stensrud","date":"april 27, 2026","format":false,"excerpt":"L\u00e6r om spiring og funksjonell ern\u00e6ring.","rel":"","context":"Liknende innlegg","block_context":{"text":"Liknende innlegg","link":""},"img":{"alt_text":"","src":"https:\/\/i0.wp.com\/agriris.com\/wp-content\/uploads\/2023\/10\/Broccoli-Sprouts-Shutterstock-2.jpg?fit=1200%2C794&ssl=1&resize=350%2C200","width":350,"height":200,"srcset":"https:\/\/i0.wp.com\/agriris.com\/wp-content\/uploads\/2023\/10\/Broccoli-Sprouts-Shutterstock-2.jpg?fit=1200%2C794&ssl=1&resize=350%2C200 1x, https:\/\/i0.wp.com\/agriris.com\/wp-content\/uploads\/2023\/10\/Broccoli-Sprouts-Shutterstock-2.jpg?fit=1200%2C794&ssl=1&resize=525%2C300 1.5x, https:\/\/i0.wp.com\/agriris.com\/wp-content\/uploads\/2023\/10\/Broccoli-Sprouts-Shutterstock-2.jpg?fit=1200%2C794&ssl=1&resize=700%2C400 2x, https:\/\/i0.wp.com\/agriris.com\/wp-content\/uploads\/2023\/10\/Broccoli-Sprouts-Shutterstock-2.jpg?fit=1200%2C794&ssl=1&resize=1050%2C600 3x"},"classes":[]},{"id":11609,"url":"https:\/\/agriris.com\/no\/blog-post\/","url_meta":{"origin":150,"position":3},"title":"Blogginnlegg","author":"Eirik Fure Stensrud","date":"april 20, 2026","format":false,"excerpt":"Relaterte innlegg Relaterte innlegg","rel":"","context":"Liknende innlegg","block_context":{"text":"Liknende innlegg","link":""},"img":{"alt_text":"","src":"","width":0,"height":0},"classes":[]},{"id":1362,"url":"https:\/\/agriris.com\/no\/affiliate-disclosure\/","url_meta":{"origin":150,"position":4},"title":"Affiliate-samarbeid","author":"Eirik Fure Stensrud","date":"november 29, 2023","format":false,"excerpt":"Bli en merkeambassad\u00f8r for Agriris Vi ser etter skapere som bryr seg om ekte mat og funksjonell ern\u00e6ring \u2013 og som \u00f8nsker \u00e5 hjelpe flere med \u00e5 dyrke ferske spirer hjemme ved hjelp av AutoSprout. Hvis du lager innhold rundt mat, helse eller b\u00e6rekraftig livsstil og verdsetter verkt\u00f8y som faktisk blir brukt, er dette\u2026","rel":"","context":"Liknende innlegg","block_context":{"text":"Liknende innlegg","link":""},"img":{"alt_text":"","src":"","width":0,"height":0},"classes":[]},{"id":144,"url":"https:\/\/agriris.com\/no\/cart\/","url_meta":{"origin":150,"position":5},"title":"Vogn","author":"Eirik Fure Stensrud","date":"oktober 11, 2023","format":false,"excerpt":"Din handlekurv Kunde tilordnet sone \"Europa\" <!--open container--> <!--open column-1--> Fjern vareminiatyrbilde produktpris antall totalsum \u00d7 AutoSprout kr4 988 AutoSprout antall kr4 988 (inkl. mva) Bruk kupong <!--close column-1--> <!--open column-2--> <!--open column-inner--> <!--open cart-totals--> <h2>Total handlekurv<\/h2> <table cellspacing=\"0\"> <tr> <th>Delsum<\/th> <td data-title=\"Subtotal\"><bdi>4 988 kr<\/bdi> <small>(inkl. mva)<\/small><\/td> <\/tr> <tr> <th>Kupong: vennerfamilie2025<\/th>\u2026","rel":"","context":"Liknende innlegg","block_context":{"text":"Liknende innlegg","link":""},"img":{"alt_text":"AutoSprout","src":"https:\/\/i0.wp.com\/agriris.com\/wp-content\/uploads\/2025\/01\/AutoSprout-ABS-Top-View-300x300.jpg?resize=350%2C200&ssl=1","width":350,"height":200},"classes":[]}],"_links":{"self":[{"href":"https:\/\/agriris.com\/no\/wp-json\/wp\/v2\/pages\/150","targetHints":{"allow":["GET"]}}],"collection":[{"href":"https:\/\/agriris.com\/no\/wp-json\/wp\/v2\/pages"}],"about":[{"href":"https:\/\/agriris.com\/no\/wp-json\/wp\/v2\/types\/page"}],"author":[{"embeddable":true,"href":"https:\/\/agriris.com\/no\/wp-json\/wp\/v2\/users\/237397814"}],"replies":[{"embeddable":true,"href":"https:\/\/agriris.com\/no\/wp-json\/wp\/v2\/comments?post=150"}],"version-history":[{"count":5,"href":"https:\/\/agriris.com\/no\/wp-json\/wp\/v2\/pages\/150\/revisions"}],"predecessor-version":[{"id":6642,"href":"https:\/\/agriris.com\/no\/wp-json\/wp\/v2\/pages\/150\/revisions\/6642"}],"wp:attachment":[{"href":"https:\/\/agriris.com\/no\/wp-json\/wp\/v2\/media?parent=150"}],"curies":[{"name":"wp","href":"https:\/\/api.w.org\/{rel}","templated":true}]}}