{"id":165,"date":"2023-10-11T14:13:25","date_gmt":"2023-10-11T12:13:25","guid":{"rendered":"https:\/\/agriris.com\/about-us\/"},"modified":"2026-02-19T10:44:40","modified_gmt":"2026-02-19T09:44:40","slug":"chi-siamo","status":"publish","type":"page","link":"https:\/\/agriris.com\/it\/about-us\/","title":{"rendered":"Chi siamo"},"content":{"rendered":"\t\t<div data-elementor-type=\"wp-page\" data-elementor-id=\"165\" class=\"elementor elementor-165\" data-elementor-post-type=\"page\">\n\t\t\t\t<div class=\"elementor-element elementor-element-29e9a6ab e-con-full e-flex e-con e-parent\" data-id=\"29e9a6ab\" data-element_type=\"container\" data-e-type=\"container\">\n\t\t<div class=\"elementor-element elementor-element-456a6de2 e-con-full e-flex e-con e-child\" data-id=\"456a6de2\" data-element_type=\"container\" data-e-type=\"container\">\n\t\t\t\t<div class=\"elementor-element elementor-element-2bb4c708 elementor-widget__width-inherit elementor-invisible elementor-widget elementor-widget-heading\" data-id=\"2bb4c708\" data-element_type=\"widget\" data-e-type=\"widget\" data-settings=\"{&quot;_animation&quot;:&quot;fadeIn&quot;}\" data-widget_type=\"heading.default\">\n\t\t\t\t\t<h2 class=\"elementor-heading-title elementor-size-default\">About Agriris<\/h2>\t\t\t\t<\/div>\n\t\t\t\t<div class=\"elementor-element elementor-element-6e677ed4 elementor-widget__width-inherit elementor-invisible elementor-widget elementor-widget-text-editor\" data-id=\"6e677ed4\" data-element_type=\"widget\" data-e-type=\"widget\" data-settings=\"{&quot;_animation&quot;:&quot;fadeIn&quot;,&quot;_animation_delay&quot;:200}\" data-widget_type=\"text-editor.default\">\n\t\t\t\t\t\t\t\t\t<p data-start=\"597\" data-end=\"653\">We build systems that make it effortless to Grow Health.<\/p><p data-start=\"655\" data-end=\"759\">Not through hacks.<br data-start=\"673\" data-end=\"676\" \/>Not through noise.<\/p><p data-start=\"655\" data-end=\"759\">But through simple, repeatable solutions that remove friction.<\/p><p data-start=\"780\" data-end=\"821\">Hi \u2014 we\u2019re Anniken and Eirik from Norway.<\/p><p data-start=\"823\" data-end=\"877\">Like many people, we didn\u2019t start from perfect health.<\/p><p data-start=\"879\" data-end=\"997\">Eirik struggled with burnout, IBS, and fatigue.<br data-start=\"926\" data-end=\"929\" \/>Anniken dealt with cravings, sleep problems, and weight instability.<\/p><p data-start=\"999\" data-end=\"1020\">We tried adding more.<\/p><p data-start=\"1022\" data-end=\"1071\">More supplements.<br data-start=\"1039\" data-end=\"1042\" \/>More routines.<br data-start=\"1056\" data-end=\"1059\" \/>More effort.<\/p><p data-start=\"1073\" data-end=\"1088\">It didn\u2019t work.<\/p><p data-start=\"1090\" data-end=\"1199\">Real change started when we focused on root causes \u2014<br data-start=\"1142\" data-end=\"1145\" \/>and removed what made healthy habits hard to maintain.<\/p><p data-start=\"1201\" data-end=\"1229\">That insight became Agriris.<\/p>\t\t\t\t\t\t\t\t<\/div>\n\t\t\t\t<\/div>\n\t\t<div class=\"elementor-element elementor-element-b5368f8 e-con-full e-flex e-con e-child\" data-id=\"b5368f8\" data-element_type=\"container\" data-e-type=\"container\" data-settings=\"{&quot;background_background&quot;:&quot;classic&quot;}\">\n\t\t\t\t<\/div>\n\t\t\t\t<\/div>\n\t\t<div class=\"elementor-element elementor-element-2bab16b6 e-con-full e-flex e-con e-parent\" data-id=\"2bab16b6\" data-element_type=\"container\" data-e-type=\"container\">\n\t\t<div class=\"elementor-element elementor-element-1dcc5868 e-con-full e-flex e-con e-child\" data-id=\"1dcc5868\" data-element_type=\"container\" data-e-type=\"container\">\n\t\t\t\t<div class=\"elementor-element elementor-element-521f6777 elementor-widget-mobile__width-initial elementor-widget elementor-widget-image\" data-id=\"521f6777\" data-element_type=\"widget\" data-e-type=\"widget\" data-settings=\"{&quot;motion_fx_motion_fx_scrolling&quot;:&quot;yes&quot;,&quot;motion_fx_translateY_effect&quot;:&quot;yes&quot;,&quot;motion_fx_translateY_speed&quot;:{&quot;unit&quot;:&quot;px&quot;,&quot;size&quot;:1,&quot;sizes&quot;:[]},&quot;motion_fx_devices&quot;:[&quot;desktop&quot;,&quot;tablet&quot;],&quot;motion_fx_translateY_affectedRange&quot;:{&quot;unit&quot;:&quot;%&quot;,&quot;size&quot;:&quot;&quot;,&quot;sizes&quot;:{&quot;start&quot;:0,&quot;end&quot;:100}}}\" data-widget_type=\"image.default\">\n\t\t\t\t\t\t\t\t\t\t\t\t\t\t\t<img fetchpriority=\"high\" decoding=\"async\" data-attachment-id=\"427\" data-permalink=\"https:\/\/agriris.com\/it\/about-us\/matcha-fine-powdered-green-tea-min\/\" data-orig-file=\"https:\/\/i0.wp.com\/agriris.com\/wp-content\/uploads\/2023\/10\/matcha-fine-powdered-green-tea-min.jpg?fit=4651%2C3101&amp;ssl=1\" data-orig-size=\"4651,3101\" data-comments-opened=\"1\" data-image-meta=\"{&quot;aperture&quot;:&quot;0&quot;,&quot;credit&quot;:&quot;&quot;,&quot;camera&quot;:&quot;&quot;,&quot;caption&quot;:&quot;&quot;,&quot;created_timestamp&quot;:&quot;0&quot;,&quot;copyright&quot;:&quot;&quot;,&quot;focal_length&quot;:&quot;0&quot;,&quot;iso&quot;:&quot;0&quot;,&quot;shutter_speed&quot;:&quot;0&quot;,&quot;title&quot;:&quot;&quot;,&quot;orientation&quot;:&quot;0&quot;}\" data-image-title=\"matcha-fine-powdered-green-tea-min\" data-image-description=\"\" data-image-caption=\"\" data-large-file=\"https:\/\/i0.wp.com\/agriris.com\/wp-content\/uploads\/2023\/10\/matcha-fine-powdered-green-tea-min.jpg?fit=800%2C534&amp;ssl=1\" width=\"800\" height=\"534\" src=\"https:\/\/i0.wp.com\/agriris.com\/wp-content\/uploads\/2023\/10\/matcha-fine-powdered-green-tea-min.jpg?fit=800%2C534&amp;ssl=1\" class=\"attachment-large size-large wp-image-427\" alt=\"\" srcset=\"https:\/\/i0.wp.com\/agriris.com\/wp-content\/uploads\/2023\/10\/matcha-fine-powdered-green-tea-min.jpg?w=4651&amp;ssl=1 4651w, https:\/\/i0.wp.com\/agriris.com\/wp-content\/uploads\/2023\/10\/matcha-fine-powdered-green-tea-min.jpg?resize=300%2C200&amp;ssl=1 300w, https:\/\/i0.wp.com\/agriris.com\/wp-content\/uploads\/2023\/10\/matcha-fine-powdered-green-tea-min.jpg?resize=1024%2C683&amp;ssl=1 1024w, https:\/\/i0.wp.com\/agriris.com\/wp-content\/uploads\/2023\/10\/matcha-fine-powdered-green-tea-min.jpg?resize=768%2C512&amp;ssl=1 768w, https:\/\/i0.wp.com\/agriris.com\/wp-content\/uploads\/2023\/10\/matcha-fine-powdered-green-tea-min.jpg?resize=1536%2C1024&amp;ssl=1 1536w, https:\/\/i0.wp.com\/agriris.com\/wp-content\/uploads\/2023\/10\/matcha-fine-powdered-green-tea-min.jpg?resize=2048%2C1365&amp;ssl=1 2048w, https:\/\/i0.wp.com\/agriris.com\/wp-content\/uploads\/2023\/10\/matcha-fine-powdered-green-tea-min.jpg?resize=1200%2C800&amp;ssl=1 1200w, https:\/\/i0.wp.com\/agriris.com\/wp-content\/uploads\/2023\/10\/matcha-fine-powdered-green-tea-min.jpg?resize=1320%2C880&amp;ssl=1 1320w, https:\/\/i0.wp.com\/agriris.com\/wp-content\/uploads\/2023\/10\/matcha-fine-powdered-green-tea-min.jpg?resize=600%2C400&amp;ssl=1 600w, https:\/\/i0.wp.com\/agriris.com\/wp-content\/uploads\/2023\/10\/matcha-fine-powdered-green-tea-min.jpg?w=1600&amp;ssl=1 1600w, https:\/\/i0.wp.com\/agriris.com\/wp-content\/uploads\/2023\/10\/matcha-fine-powdered-green-tea-min.jpg?w=2400&amp;ssl=1 2400w\" sizes=\"(max-width: 800px) 100vw, 800px\" data-attachment-id=\"427\" data-permalink=\"https:\/\/agriris.com\/it\/about-us\/matcha-fine-powdered-green-tea-min\/\" data-orig-file=\"https:\/\/i0.wp.com\/agriris.com\/wp-content\/uploads\/2023\/10\/matcha-fine-powdered-green-tea-min.jpg?fit=4651%2C3101&amp;ssl=1\" data-orig-size=\"4651,3101\" data-comments-opened=\"1\" data-image-meta=\"{&quot;aperture&quot;:&quot;0&quot;,&quot;credit&quot;:&quot;&quot;,&quot;camera&quot;:&quot;&quot;,&quot;caption&quot;:&quot;&quot;,&quot;created_timestamp&quot;:&quot;0&quot;,&quot;copyright&quot;:&quot;&quot;,&quot;focal_length&quot;:&quot;0&quot;,&quot;iso&quot;:&quot;0&quot;,&quot;shutter_speed&quot;:&quot;0&quot;,&quot;title&quot;:&quot;&quot;,&quot;orientation&quot;:&quot;0&quot;}\" data-image-title=\"matcha-fine-powdered-green-tea-min\" data-image-description=\"\" data-image-caption=\"\" data-large-file=\"https:\/\/i0.wp.com\/agriris.com\/wp-content\/uploads\/2023\/10\/matcha-fine-powdered-green-tea-min.jpg?fit=800%2C534&amp;ssl=1\" \/>\t\t\t\t\t\t\t\t\t\t\t\t\t\t\t<\/div>\n\t\t\t\t<div class=\"elementor-element elementor-element-34f35403 elementor-widget-mobile__width-initial elementor-widget elementor-widget-image\" data-id=\"34f35403\" data-element_type=\"widget\" data-e-type=\"widget\" data-settings=\"{&quot;motion_fx_motion_fx_scrolling&quot;:&quot;yes&quot;,&quot;motion_fx_translateY_effect&quot;:&quot;yes&quot;,&quot;motion_fx_translateY_direction&quot;:&quot;negative&quot;,&quot;motion_fx_translateY_speed&quot;:{&quot;unit&quot;:&quot;px&quot;,&quot;size&quot;:1,&quot;sizes&quot;:[]},&quot;motion_fx_devices&quot;:[&quot;desktop&quot;,&quot;tablet&quot;],&quot;motion_fx_translateY_affectedRange&quot;:{&quot;unit&quot;:&quot;%&quot;,&quot;size&quot;:&quot;&quot;,&quot;sizes&quot;:{&quot;start&quot;:0,&quot;end&quot;:100}}}\" data-widget_type=\"image.default\">\n\t\t\t\t\t\t\t\t\t\t\t\t\t\t\t<img decoding=\"async\" data-attachment-id=\"414\" data-permalink=\"https:\/\/agriris.com\/it\/about-us\/370226111_337460685424714_7971767664616517804_n\/\" data-orig-file=\"https:\/\/i0.wp.com\/agriris.com\/wp-content\/uploads\/2023\/10\/370226111_337460685424714_7971767664616517804_n.jpg?fit=1124%2C1500&amp;ssl=1\" data-orig-size=\"1124,1500\" data-comments-opened=\"1\" data-image-meta=\"{&quot;aperture&quot;:&quot;0&quot;,&quot;credit&quot;:&quot;&quot;,&quot;camera&quot;:&quot;&quot;,&quot;caption&quot;:&quot;&quot;,&quot;created_timestamp&quot;:&quot;0&quot;,&quot;copyright&quot;:&quot;&quot;,&quot;focal_length&quot;:&quot;0&quot;,&quot;iso&quot;:&quot;0&quot;,&quot;shutter_speed&quot;:&quot;0&quot;,&quot;title&quot;:&quot;&quot;,&quot;orientation&quot;:&quot;0&quot;}\" data-image-title=\"370226111_337460685424714_7971767664616517804_n\" data-image-description=\"\" data-image-caption=\"\" data-large-file=\"https:\/\/i0.wp.com\/agriris.com\/wp-content\/uploads\/2023\/10\/370226111_337460685424714_7971767664616517804_n.jpg?fit=767%2C1024&amp;ssl=1\" width=\"767\" height=\"1024\" src=\"https:\/\/i0.wp.com\/agriris.com\/wp-content\/uploads\/2023\/10\/370226111_337460685424714_7971767664616517804_n.jpg?fit=767%2C1024&amp;ssl=1\" class=\"attachment-large size-large wp-image-414\" alt=\"\" srcset=\"https:\/\/i0.wp.com\/agriris.com\/wp-content\/uploads\/2023\/10\/370226111_337460685424714_7971767664616517804_n.jpg?w=1124&amp;ssl=1 1124w, https:\/\/i0.wp.com\/agriris.com\/wp-content\/uploads\/2023\/10\/370226111_337460685424714_7971767664616517804_n.jpg?resize=225%2C300&amp;ssl=1 225w, https:\/\/i0.wp.com\/agriris.com\/wp-content\/uploads\/2023\/10\/370226111_337460685424714_7971767664616517804_n.jpg?resize=767%2C1024&amp;ssl=1 767w, https:\/\/i0.wp.com\/agriris.com\/wp-content\/uploads\/2023\/10\/370226111_337460685424714_7971767664616517804_n.jpg?resize=768%2C1025&amp;ssl=1 768w, https:\/\/i0.wp.com\/agriris.com\/wp-content\/uploads\/2023\/10\/370226111_337460685424714_7971767664616517804_n.jpg?resize=900%2C1200&amp;ssl=1 900w, https:\/\/i0.wp.com\/agriris.com\/wp-content\/uploads\/2023\/10\/370226111_337460685424714_7971767664616517804_n.jpg?resize=600%2C801&amp;ssl=1 600w, https:\/\/i0.wp.com\/agriris.com\/wp-content\/uploads\/2023\/10\/370226111_337460685424714_7971767664616517804_n.jpg?resize=450%2C600&amp;ssl=1 450w, https:\/\/i0.wp.com\/agriris.com\/wp-content\/uploads\/2023\/10\/370226111_337460685424714_7971767664616517804_n.jpg?resize=300%2C400&amp;ssl=1 300w, https:\/\/i0.wp.com\/agriris.com\/wp-content\/uploads\/2023\/10\/370226111_337460685424714_7971767664616517804_n.jpg?resize=150%2C200&amp;ssl=1 150w\" sizes=\"(max-width: 767px) 100vw, 767px\" data-attachment-id=\"414\" data-permalink=\"https:\/\/agriris.com\/it\/about-us\/370226111_337460685424714_7971767664616517804_n\/\" data-orig-file=\"https:\/\/i0.wp.com\/agriris.com\/wp-content\/uploads\/2023\/10\/370226111_337460685424714_7971767664616517804_n.jpg?fit=1124%2C1500&amp;ssl=1\" data-orig-size=\"1124,1500\" data-comments-opened=\"1\" data-image-meta=\"{&quot;aperture&quot;:&quot;0&quot;,&quot;credit&quot;:&quot;&quot;,&quot;camera&quot;:&quot;&quot;,&quot;caption&quot;:&quot;&quot;,&quot;created_timestamp&quot;:&quot;0&quot;,&quot;copyright&quot;:&quot;&quot;,&quot;focal_length&quot;:&quot;0&quot;,&quot;iso&quot;:&quot;0&quot;,&quot;shutter_speed&quot;:&quot;0&quot;,&quot;title&quot;:&quot;&quot;,&quot;orientation&quot;:&quot;0&quot;}\" data-image-title=\"370226111_337460685424714_7971767664616517804_n\" data-image-description=\"\" data-image-caption=\"\" data-large-file=\"https:\/\/i0.wp.com\/agriris.com\/wp-content\/uploads\/2023\/10\/370226111_337460685424714_7971767664616517804_n.jpg?fit=767%2C1024&amp;ssl=1\" \/>\t\t\t\t\t\t\t\t\t\t\t\t\t\t\t<\/div>\n\t\t\t\t<\/div>\n\t\t<div class=\"elementor-element elementor-element-13ab86aa e-con-full e-flex e-con e-child\" data-id=\"13ab86aa\" data-element_type=\"container\" data-e-type=\"container\">\n\t\t\t\t<div class=\"elementor-element elementor-element-20ffd0b elementor-invisible elementor-widget elementor-widget-heading\" data-id=\"20ffd0b\" data-element_type=\"widget\" data-e-type=\"widget\" data-settings=\"{&quot;_animation&quot;:&quot;fadeIn&quot;}\" data-widget_type=\"heading.default\">\n\t\t\t\t\t<h1 class=\"elementor-heading-title elementor-size-default\"><h2 data-start=\"1236\" data-end=\"1253\">Why \u201cAgr<b>iris<\/b>\u201d?<span style=\"font-size: 36px;font-weight: 600\"><\/span><\/h2><\/h1>\t\t\t\t<\/div>\n\t\t\t\t<div class=\"elementor-element elementor-element-52e20be3 elementor-invisible elementor-widget elementor-widget-text-editor\" data-id=\"52e20be3\" data-element_type=\"widget\" data-e-type=\"widget\" data-settings=\"{&quot;_animation&quot;:&quot;fadeIn&quot;,&quot;_animation_delay&quot;:200}\" data-widget_type=\"text-editor.default\">\n\t\t\t\t\t\t\t\t\t<p data-start=\"1255\" data-end=\"1284\">The name reflects two things:<\/p><p data-start=\"1286\" data-end=\"1387\">Agriculture \u2014 growing from the ground up.<br data-start=\"1327\" data-end=\"1330\" \/>And Iris \u2014 our first born daughter, who reminds us why this matters.<\/p><p data-start=\"1389\" data-end=\"1426\">Health should be grown.<br data-start=\"1412\" data-end=\"1415\" \/>Not chased.<\/p><h2 data-start=\"1433\" data-end=\"1455\">What We\u2019re Building<\/h2><p data-start=\"1457\" data-end=\"1499\">We create tools and systems that help you:<\/p><p data-start=\"1501\" data-end=\"1679\">\u2022 Grow real food easily \u2014 like sprouts, the original gut superfood<br data-start=\"1567\" data-end=\"1570\" \/>\u2022 Understand root causes instead of chasing symptoms<br data-start=\"1622\" data-end=\"1625\" \/>\u2022 Build habits that stick without constant willpower<\/p><p data-start=\"1681\" data-end=\"1692\">We combine:<\/p><p data-start=\"1694\" data-end=\"1765\">Technology<br data-start=\"1704\" data-end=\"1707\" \/>Community<br data-start=\"1716\" data-end=\"1719\" \/>And practical functional medicine principles<\/p><p data-start=\"1767\" data-end=\"1821\">So you can take back control \u2014 calmly and sustainably.<\/p>\t\t\t\t\t\t\t\t<\/div>\n\t\t\t\t<\/div>\n\t\t\t\t<\/div>\n\t\t<div class=\"elementor-element elementor-element-9caa856 e-flex e-con-boxed e-con e-parent\" data-id=\"9caa856\" data-element_type=\"container\" data-e-type=\"container\">\n\t\t\t\t\t<div class=\"e-con-inner\">\n\t\t\t\t<div class=\"elementor-element elementor-element-f221420 elementor-widget elementor-widget-video\" data-id=\"f221420\" data-element_type=\"widget\" data-e-type=\"widget\" data-settings=\"{&quot;youtube_url&quot;:&quot;https:\\\/\\\/youtu.be\\\/L8n3FdJlOic?si=_F7CoT9vUDsnfxyq&quot;,&quot;video_type&quot;:&quot;youtube&quot;,&quot;controls&quot;:&quot;yes&quot;}\" data-widget_type=\"video.default\">\n\t\t\t\t\t\t\t<div class=\"elementor-wrapper elementor-open-inline\">\n\t\t\t<div class=\"elementor-video\"><\/div>\t\t<\/div>\n\t\t\t\t\t\t<\/div>\n\t\t\t\t\t<\/div>\n\t\t\t\t<\/div>\n\t\t<div class=\"elementor-element elementor-element-120449c e-flex e-con-boxed e-con e-parent\" data-id=\"120449c\" data-element_type=\"container\" data-e-type=\"container\">\n\t\t\t\t\t<div class=\"e-con-inner\">\n\t\t\t\t<div class=\"elementor-element elementor-element-3faa92e elementor-widget elementor-widget-heading\" data-id=\"3faa92e\" data-element_type=\"widget\" data-e-type=\"widget\" data-widget_type=\"heading.default\">\n\t\t\t\t\t<h2 class=\"elementor-heading-title elementor-size-default\">Who are we?<\/h2>\t\t\t\t<\/div>\n\t\t\t\t\t<\/div>\n\t\t\t\t<\/div>\n\t\t<div class=\"elementor-element elementor-element-8b73c79 e-flex e-con-boxed e-con e-parent\" data-id=\"8b73c79\" data-element_type=\"container\" data-e-type=\"container\">\n\t\t\t\t\t<div class=\"e-con-inner\">\n\t\t<div class=\"elementor-element elementor-element-eab4b90 e-con-full e-flex e-con e-child\" data-id=\"eab4b90\" data-element_type=\"container\" data-e-type=\"container\">\n\t\t\t\t<div class=\"elementor-element elementor-element-667f880 elementor-author-box--image-valign-top elementor-author-box--avatar-yes elementor-author-box--name-yes elementor-author-box--biography-yes elementor-author-box--link-no elementor-widget elementor-widget-author-box\" data-id=\"667f880\" data-element_type=\"widget\" data-e-type=\"widget\" data-widget_type=\"author-box.default\">\n\t\t\t\t\t\t\t<div class=\"elementor-author-box\">\n\t\t\t\t\t\t\t<div  class=\"elementor-author-box__avatar\">\n\t\t\t\t\t<img decoding=\"async\" src=\"https:\/\/secure.gravatar.com\/avatar\/720d38dbf852c3e5465d65fa1108b35653c82b2a12b6614bd8a6ac9372170b93?s=300&#038;d=identicon&#038;r=g\" alt=\"Immagine di Eirik Fure Stensrud\" loading=\"lazy\">\n\t\t\t\t<\/div>\n\t\t\t\n\t\t\t<div class=\"elementor-author-box__text\">\n\t\t\t\t\t\t\t\t\t<div >\n\t\t\t\t\t\t<h4 class=\"elementor-author-box__name\">\n\t\t\t\t\t\t\tEirik Fure Stensrud\t\t\t\t\t\t<\/h4>\n\t\t\t\t\t<\/div>\n\t\t\t\t\n\t\t\t\t\t\t\t\t\t<div class=\"elementor-author-box__bio\">\n\t\t\t\t\t\tFounder @agriris\t\t\t\t\t<\/div>\n\t\t\t\t\n\t\t\t\t\t\t\t<\/div>\n\t\t<\/div>\n\t\t\t\t\t\t<\/div>\n\t\t\t\t<\/div>\n\t\t<div class=\"elementor-element elementor-element-6072ba0 e-con-full e-flex e-con e-child\" data-id=\"6072ba0\" data-element_type=\"container\" data-e-type=\"container\">\n\t\t\t\t<div class=\"elementor-element elementor-element-e800e0b elementor-widget elementor-widget-author-box\" data-id=\"e800e0b\" data-element_type=\"widget\" data-e-type=\"widget\" data-widget_type=\"author-box.default\">\n\t\t\t\t\t\t\t<div class=\"elementor-author-box\">\n\t\t\t\t\t\t\t<a href=\"https:\/\/www.linkedin.com\/in\/anniken-fure-stensrud-85a674114\/\" class=\"elementor-author-box__avatar\" target=\"_blank\">\n\t\t\t\t\t<img decoding=\"async\" src=\"https:\/\/i0.wp.com\/agriris.com\/wp-content\/uploads\/2023\/12\/Anniken.jpeg?fit=300%2C300&#038;ssl=1\" alt=\"Immagine di Anniken Fure Stensrud\" loading=\"lazy\">\n\t\t\t\t<\/a>\n\t\t\t\n\t\t\t<div class=\"elementor-author-box__text\">\n\t\t\t\t\t\t\t\t\t<a href=\"https:\/\/www.linkedin.com\/in\/anniken-fure-stensrud-85a674114\/\" target=\"_blank\">\n\t\t\t\t\t\t<h4 class=\"elementor-author-box__name\">\n\t\t\t\t\t\t\tAnniken Fure Stensrud\t\t\t\t\t\t<\/h4>\n\t\t\t\t\t<\/a>\n\t\t\t\t\n\t\t\t\t\t\t\t\t\t<div class=\"elementor-author-box__bio\">\n\t\t\t\t\t\t<p>Founder @agriris | & MSc Plant Science, Organic Agriculture & Food Production<\/p>\n\t\t\t\t\t<\/div>\n\t\t\t\t\n\t\t\t\t\t\t\t<\/div>\n\t\t<\/div>\n\t\t\t\t\t\t<\/div>\n\t\t\t\t<\/div>\n\t\t\t\t\t<\/div>\n\t\t\t\t<\/div>\n\t\t\t\t<\/div>\n\t\t","protected":false},"excerpt":{"rendered":"<p>About Agriris &lt;p data-start=&#8221;597&#8243; data-end=&#8221;653&#8243;&gt;We build systems that make it effortless to Grow Health.&lt;\/p&gt;&lt;p data-start=&#8221;655&#8243; data-end=&#8221;759&#8243;&gt;Not through hacks.&lt;br data-start=&#8221;673&#8243; data-end=&#8221;676&#8243; \/&gt;Not through noise.&lt;\/p&gt;&lt;p data-start=&#8221;655&#8243; data-end=&#8221;759&#8243;&gt;But through simple, repeatable solutions that remove friction.&lt;\/p&gt;&lt;p data-start=&#8221;780&#8243; data-end=&#8221;821&#8243;&gt;Hi \u2014 we\u2019re Anniken and Eirik from Norway.&lt;\/p&gt;&lt;p data-start=&#8221;823&#8243; data-end=&#8221;877&#8243;&gt;Like many people, we didn\u2019t start from perfect health.&lt;\/p&gt;&lt;p data-start=&#8221;879&#8243; data-end=&#8221;997&#8243;&gt;Eirik struggled with [&hellip;]<\/p>\n","protected":false},"author":237397814,"featured_media":0,"parent":0,"menu_order":0,"comment_status":"closed","ping_status":"closed","template":"elementor_header_footer","meta":{"_crdt_document":"","advanced_seo_description":"","jetpack_seo_html_title":"","jetpack_seo_noindex":false,"footnotes":""},"class_list":["post-165","page","type-page","status-publish","hentry"],"jetpack_sharing_enabled":true,"jetpack_likes_enabled":false,"jetpack_shortlink":"https:\/\/wp.me\/PfchOq-2F","jetpack-related-posts":[{"id":159,"url":"https:\/\/agriris.com\/it\/support\/","url_meta":{"origin":165,"position":0},"title":"Supporto e FAQ","author":"Eirik Fure Stensrud","date":"Ottobre 11, 2023","format":false,"excerpt":"Supporto, Garanzia e FAQ <h2>Controlla le informazioni qui sotto o inviaci un'e-mail a <strong data-start=\"1668\" data-end=\"1691\">support@agriris.com<\/strong><\/h2> <h2>AutoSprout\u2122<\/h2> <h2>Passaggio 1: Registra la garanzia del tuo prodotto<\/h2> <h2>Inserisci le tue informazioni qui sotto per registrare la tua garanzia. Ottieni anche l'accesso diretto alla nostra community di clienti, <b><i>ColtivaCibo<\/i>\u2122<\/b> corso con guide dettagliate alla germinazione e <i><b>Il Potere\u2026","rel":"","context":"Articolo simile","block_context":{"text":"Articolo simile","link":""},"img":{"alt_text":"","src":"","width":0,"height":0},"classes":[]},{"id":144,"url":"https:\/\/agriris.com\/it\/cart\/","url_meta":{"origin":165,"position":1},"title":"Carrello","author":"Eirik Fure Stensrud","date":"Ottobre 11, 2023","format":false,"excerpt":"Il tuo carrello Cliente ha corrisposto alla zona \"Europa\" <!--open container--> <!--open column-1--> Rimuovi articolo Immagine in miniatura Prezzo prodotto Quantit\u00e0 Totale \u00d7 AutoSprout kr4.988 Quantit\u00e0 AutoSprout kr4.988 (IVA inclusa) Applica coupon <!--close column-1--> <!--open column-2--> <!--open column-inner--> <!--open cart-totals--> <h2>Totale carrello<\/h2> <table cellspacing=\"0\"> <tr> <th>Sottototale<\/th> <td data-title=\"Subtotal\"><bdi>4.988 corone svedesi<\/bdi> <small>(IVA inclusa)<\/small><\/td> <\/tr> <tr> <th>Codice promozionale: vennerfamilie2025<\/th>\u2026","rel":"","context":"Articolo simile","block_context":{"text":"Articolo simile","link":""},"img":{"alt_text":"AutoSprout","src":"https:\/\/i0.wp.com\/agriris.com\/wp-content\/uploads\/2025\/01\/AutoSprout-ABS-Top-View-300x300.jpg?resize=350%2C200&ssl=1","width":350,"height":200},"classes":[]},{"id":4856,"url":"https:\/\/agriris.com\/it\/privacy-policy\/","url_meta":{"origin":165,"position":2},"title":"Informativa sulla privacy","author":"Eirik Fure Stensrud","date":"Febbraio 27, 2025","format":false,"excerpt":"Agriris AS\nSito web: www.agriris.com\nIndirizzo: V\u00e5rstien 14, 6630 Tingvoll, Norvegia\nAggiornato: 27 febbraio 2025\n1. Introduzione\nIn Agriris AS, ci impegniamo a proteggere la tua privacy. Questa Informativa sulla privacy descrive come raccogliamo, utilizziamo e proteggiamo le tue informazioni personali quando visiti il nostro sito web, acquisti i nostri prodotti, ti iscrivi ai nostri corsi o utilizzi\u2026","rel":"","context":"Articolo simile","block_context":{"text":"Articolo simile","link":""},"img":{"alt_text":"","src":"","width":0,"height":0},"classes":[]},{"id":153,"url":"https:\/\/agriris.com\/it\/terms-conditions\/","url_meta":{"origin":165,"position":3},"title":"Termini e Condizioni","author":"Eirik Fure Stensrud","date":"Ottobre 11, 2023","format":false,"excerpt":"Terms & Conditions <strong>Agriris AS<\/strong> Website: www.agriris.com Address: V\u00e5rstien 14, 6630 Tingvoll, Norway Updated: 27 February, 2025 Terms and ConditionsAgriris ASWebsite: www.agriris.comAddress: V\u00e5rstien 14, 6630 Tingvoll, NorwayUpdated: [Insert Date] 1. Acceptance of Terms By accessing or using our website, services, or purchasing our digital products, courses, memberships, or physical products,\u2026","rel":"","context":"Articolo simile","block_context":{"text":"Articolo simile","link":""},"img":{"alt_text":"","src":"","width":0,"height":0},"classes":[]},{"id":147,"url":"https:\/\/agriris.com\/it\/checkout\/","url_meta":{"origin":165,"position":4},"title":"Cassa","author":"Eirik Fure Stensrud","date":"Ottobre 11, 2023","format":false,"excerpt":"Dai un'occhiata <h1>Per visualizzare tutte le opzioni di pagamento, seleziona la tua valuta locale e il tuo paese<\/h1> Cliente ha abbinato la zona \"Asia e Oceania\" Dettagli di fatturazione Nome * Cognome * Nome azienda (facoltativo) Paese \/ Regione * Seleziona un paese \/ regione... Australia Austria Belgio Bulgaria Canada Croazia Cipro Repubblica Ceca Danimarca Estonia Finlandia Francia Germania Grecia Hong Kong Ungheria India Indonesia Irlanda Italia Lettonia Lituania Lussemburgo Malesia Malta Paesi Bassi Nuova Zelanda Norvegia Filippine Polonia Portogallo Qatar Romania Arabia Saudita Singapore Slovacchia Slovenia Corea del Sud Spagna Svezia Taiwan Thailandia Emirati Arabi Uniti Regno Unito (UK) Stati Uniti (US) Aggiorna paese \/ regione Indirizzo * Appartamento, suite, unit\u00e0, ecc. (facoltativo) Quartiere * Stato *...","rel":"","context":"Articolo simile","block_context":{"text":"Articolo simile","link":""},"img":{"alt_text":"","src":"","width":0,"height":0},"classes":[]},{"id":1362,"url":"https:\/\/agriris.com\/it\/affiliate-disclosure\/","url_meta":{"origin":165,"position":5},"title":"Informativa sulle affiliazioni","author":"Eirik Fure Stensrud","date":"Novembre 29, 2023","format":false,"excerpt":"Diventa un Brand Ambassador di Agriris Stiamo cercando creator che tengano al cibo vero e alla nutrizione funzionale, e che vogliano aiutare pi\u00f9 persone a coltivare germogli freschi in casa usando l'AutoSprout. Se crei contenuti su cibo, salute o vita sostenibile e apprezzi strumenti che vengono effettivamente utilizzati, questo...","rel":"","context":"Articolo simile","block_context":{"text":"Articolo simile","link":""},"img":{"alt_text":"","src":"","width":0,"height":0},"classes":[]}],"_links":{"self":[{"href":"https:\/\/agriris.com\/it\/wp-json\/wp\/v2\/pages\/165","targetHints":{"allow":["GET"]}}],"collection":[{"href":"https:\/\/agriris.com\/it\/wp-json\/wp\/v2\/pages"}],"about":[{"href":"https:\/\/agriris.com\/it\/wp-json\/wp\/v2\/types\/page"}],"author":[{"embeddable":true,"href":"https:\/\/agriris.com\/it\/wp-json\/wp\/v2\/users\/237397814"}],"replies":[{"embeddable":true,"href":"https:\/\/agriris.com\/it\/wp-json\/wp\/v2\/comments?post=165"}],"version-history":[{"count":100,"href":"https:\/\/agriris.com\/it\/wp-json\/wp\/v2\/pages\/165\/revisions"}],"predecessor-version":[{"id":11084,"href":"https:\/\/agriris.com\/it\/wp-json\/wp\/v2\/pages\/165\/revisions\/11084"}],"wp:attachment":[{"href":"https:\/\/agriris.com\/it\/wp-json\/wp\/v2\/media?parent=165"}],"curies":[{"name":"wp","href":"https:\/\/api.w.org\/{rel}","templated":true}]}}