{"id":5806,"date":"2025-09-10T09:28:12","date_gmt":"2025-09-10T07:28:12","guid":{"rendered":"https:\/\/agriris.com\/?post_type=product&#038;p=5806"},"modified":"2026-04-09T14:19:49","modified_gmt":"2026-04-09T12:19:49","slug":"filet-autocle","status":"publish","type":"product","link":"https:\/\/agriris.com\/fr\/product\/autosprout-mesh\/","title":{"rendered":"Grille de plateau de brocolis AutoSprout"},"content":{"rendered":"<h2 data-start=\"29\" data-end=\"286\"><strong>Ajout essentiel pour faire pousser des pousses de brocoli.<\/strong><\/h2>\n<p data-start=\"105\" data-end=\"254\">Les germes de brocoli peuvent \u00eatre <em data-start=\"159\" data-end=\"167\">subtil<\/em> pour grandir et r\u00e9colter ! De minuscules racines de toile d'araign\u00e9e glissent \u00e0 travers le plateau et se coincent lorsque vous essayez de r\u00e9colter.<\/p>\n<p data-start=\"256\" data-end=\"365\">C'est pourquoi nous avons cr\u00e9\u00e9 le <strong data-start=\"282\" data-end=\"307\">Grille de bac \u00e0 brocolis AutoSprout\u2122<\/strong> \u2014 un module compl\u00e9mentaire simple mais puissant qui r\u00e9sout le probl\u00e8me.<\/p>\n<p data-start=\"367\" data-end=\"573\"><strong>\u2705 <\/strong>Placez-le simplement sur vos plateaux existants et cultivez comme d'habitude<\/p>\n<p data-start=\"367\" data-end=\"573\">\u2705 Rend la r\u00e9colte propre et sans effort<\/p>\n<p data-start=\"367\" data-end=\"573\">\u2705 L'a\u00e9ration et le drainage sont toujours aussi bons<\/p>\n<h2 data-start=\"288\" data-end=\"516\"><strong>Regardez notre vid\u00e9o de d\u00e9monstration ci-dessous<\/strong><\/h2>\n<p><iframe title=\"La fa\u00e7on la plus simple de faire pousser des pousses de brocoli \u00e0 la maison #courtes\" width=\"563\" height=\"1000\" src=\"https:\/\/www.youtube.com\/embed\/VJO3E7qMr7Y?feature=oembed\" frameborder=\"0\" allow=\"accelerometer; autoplay; clipboard-write; encrypted-media; gyroscope; picture-in-picture; web-share\" referrerpolicy=\"strict-origin-when-cross-origin\" allowfullscreen><\/iframe><\/p>","protected":false},"excerpt":{"rendered":"<p>Essential add-on for growing broccoli sprouts. Broccoli sprouts can be tricky to grow and harvest! Tiny cobweb roots slip through the tray and get stuck when you try to harvest. That\u2019s why we created the AutoSprout\u2122 Broccoli Tray Mesh \u2014 a simple but powerful add-on that solves the problem. \u2705 Just place it on top [&hellip;]<\/p>\n","protected":false},"featured_media":6105,"comment_status":"open","ping_status":"closed","template":"","meta":{"_crdt_document":"","advanced_seo_description":"","jetpack_seo_html_title":"","jetpack_seo_noindex":false},"product_brand":[],"product_cat":[1378],"product_tag":[1415],"class_list":{"0":"post-5806","1":"product","2":"type-product","3":"status-publish","4":"has-post-thumbnail","6":"product_cat-sprouting","7":"product_tag-autosprout-tray","8":"product_shipping_class-flat-rate","10":"first","11":"instock","12":"taxable","13":"shipping-taxable","14":"purchasable","15":"product-type-simple"},"exclude_global_add_ons":[],"addons":[],"jetpack_sharing_enabled":true,"jetpack_likes_enabled":false,"jetpack-related-posts":[{"id":25,"url":"https:\/\/agriris.com\/fr\/product\/autosprout-tray\/","url_meta":{"origin":5806,"position":0},"title":"Bacs AutoSprout","author":"Eirik Fure Stensrud","date":"octobre 11, 2023","format":false,"excerpt":"Plateau de germination pour votre AutoSprout \ud83c\udf00 Deux tailles de trous : Choisissez entre des trous larges de 2 mm et des trous petits de 1,2 mm pour convenir \u00e0 une vari\u00e9t\u00e9 de graines \u00e0 germer. \ud83c\udfaf Pourquoi des plateaux diff\u00e9rents ? Nous visons un excellent drainage et une r\u00e9colte sans effort. Les petites graines peuvent passer par de grands trous, tandis que les grosses graines pourraient...","rel":"","context":"Article similaire","block_context":{"text":"Article similaire","link":""},"img":{"alt_text":"","src":"https:\/\/i0.wp.com\/agriris.com\/wp-content\/uploads\/2023\/10\/tray-with-raddish.png?fit=1200%2C1200&ssl=1&resize=350%2C200","width":350,"height":200,"srcset":"https:\/\/i0.wp.com\/agriris.com\/wp-content\/uploads\/2023\/10\/tray-with-raddish.png?fit=1200%2C1200&ssl=1&resize=350%2C200 1x, https:\/\/i0.wp.com\/agriris.com\/wp-content\/uploads\/2023\/10\/tray-with-raddish.png?fit=1200%2C1200&ssl=1&resize=525%2C300 1.5x, https:\/\/i0.wp.com\/agriris.com\/wp-content\/uploads\/2023\/10\/tray-with-raddish.png?fit=1200%2C1200&ssl=1&resize=700%2C400 2x, https:\/\/i0.wp.com\/agriris.com\/wp-content\/uploads\/2023\/10\/tray-with-raddish.png?fit=1200%2C1200&ssl=1&resize=1050%2C600 3x"},"classes":[]},{"id":4761,"url":"https:\/\/agriris.com\/fr\/product\/autosprout\/","url_meta":{"origin":5806,"position":1},"title":"AutoPousse \u24b9","author":"Eirik Fure Stensrud","date":"janvier 22, 2025","format":false,"excerpt":"La premi\u00e8re machine automatique de germination au monde% | Cultivez 500 grammes en 2-6 jours | Irrigation par brumisation | \u00c9clairage intelligent | Nettoyage sans effort | Conception \u00e9cologique | Cours et eBook","rel":"","context":"Article similaire","block_context":{"text":"Article similaire","link":""},"img":{"alt_text":"","src":"https:\/\/i0.wp.com\/agriris.com\/wp-content\/uploads\/2025\/01\/openart-image_bpOKdvjr_1765873925269_raw.png?fit=1152%2C896&ssl=1&resize=350%2C200","width":350,"height":200,"srcset":"https:\/\/i0.wp.com\/agriris.com\/wp-content\/uploads\/2025\/01\/openart-image_bpOKdvjr_1765873925269_raw.png?fit=1152%2C896&ssl=1&resize=350%2C200 1x, https:\/\/i0.wp.com\/agriris.com\/wp-content\/uploads\/2025\/01\/openart-image_bpOKdvjr_1765873925269_raw.png?fit=1152%2C896&ssl=1&resize=525%2C300 1.5x, https:\/\/i0.wp.com\/agriris.com\/wp-content\/uploads\/2025\/01\/openart-image_bpOKdvjr_1765873925269_raw.png?fit=1152%2C896&ssl=1&resize=700%2C400 2x, https:\/\/i0.wp.com\/agriris.com\/wp-content\/uploads\/2025\/01\/openart-image_bpOKdvjr_1765873925269_raw.png?fit=1152%2C896&ssl=1&resize=1050%2C600 3x"},"classes":[]},{"id":24,"url":"https:\/\/agriris.com\/fr\/product\/autosprout-premium\/","url_meta":{"origin":5806,"position":2},"title":"AutoSprout Premium","author":"Eirik Fure Stensrud","date":"octobre 11, 2023","format":false,"excerpt":"Premi\u00e8re machine de germination automatique au monde \u00e0 100% | Faites pousser 500 grammes en 2 \u00e0 6 jours | Arrosage par brumisation | \u00c9clairage Intelligent | Nettoyage sans effort | Conception \u00c9coresponsable | Guides Complets","rel":"","context":"Article similaire","block_context":{"text":"Article similaire","link":""},"img":{"alt_text":"","src":"https:\/\/i0.wp.com\/agriris.com\/wp-content\/uploads\/2023\/10\/AutoSprout-Premium.jpg?fit=1128%2C1128&ssl=1&resize=350%2C200","width":350,"height":200,"srcset":"https:\/\/i0.wp.com\/agriris.com\/wp-content\/uploads\/2023\/10\/AutoSprout-Premium.jpg?fit=1128%2C1128&ssl=1&resize=350%2C200 1x, https:\/\/i0.wp.com\/agriris.com\/wp-content\/uploads\/2023\/10\/AutoSprout-Premium.jpg?fit=1128%2C1128&ssl=1&resize=525%2C300 1.5x, https:\/\/i0.wp.com\/agriris.com\/wp-content\/uploads\/2023\/10\/AutoSprout-Premium.jpg?fit=1128%2C1128&ssl=1&resize=700%2C400 2x, https:\/\/i0.wp.com\/agriris.com\/wp-content\/uploads\/2023\/10\/AutoSprout-Premium.jpg?fit=1128%2C1128&ssl=1&resize=1050%2C600 3x"},"classes":[]},{"id":4723,"url":"https:\/\/agriris.com\/fr\/product\/the-power-of-sprouts-a-3-step-guide-to-grow-and-eat-them-everyday\/","url_meta":{"origin":5806,"position":3},"title":"Le pouvoir des germes (ebook)","author":"Eirik Fure Stensrud","date":"janvier 10, 2025","format":false,"excerpt":"D\u00e9couvrez les bienfaits pour la sant\u00e9 des germes avec le guide ultime d'Anniken &amp; Eirik Fure Stensrud sur la germination, The Power of Sprouts - A 3-Step Guide To Grow and Eat Them Everyday. Cet ebook s'adresse \u00e0 toute personne d\u00e9sireuse d'am\u00e9liorer son bien-\u00eatre gr\u00e2ce \u00e0 l'incroyable pouvoir des germes, ces minuscules centrales nutritionnelles de la nature...","rel":"","context":"Article similaire","block_context":{"text":"Article similaire","link":""},"img":{"alt_text":"","src":"https:\/\/i0.wp.com\/agriris.com\/wp-content\/uploads\/2025\/01\/Beige-New-Product-Mockup-Now-Available-Facebook-Post-1.png?fit=940%2C788&ssl=1&resize=350%2C200","width":350,"height":200,"srcset":"https:\/\/i0.wp.com\/agriris.com\/wp-content\/uploads\/2025\/01\/Beige-New-Product-Mockup-Now-Available-Facebook-Post-1.png?fit=940%2C788&ssl=1&resize=350%2C200 1x, https:\/\/i0.wp.com\/agriris.com\/wp-content\/uploads\/2025\/01\/Beige-New-Product-Mockup-Now-Available-Facebook-Post-1.png?fit=940%2C788&ssl=1&resize=525%2C300 1.5x, https:\/\/i0.wp.com\/agriris.com\/wp-content\/uploads\/2025\/01\/Beige-New-Product-Mockup-Now-Available-Facebook-Post-1.png?fit=940%2C788&ssl=1&resize=700%2C400 2x"},"classes":[]},{"id":5319,"url":"https:\/\/agriris.com\/fr\/product\/growhealth-starter-bundle\/","url_meta":{"origin":5806,"position":4},"title":"GrowHealth Pack D\u00e9marrage","author":"Eirik Fure Stensrud","date":"octobre 16, 2025","format":false,"excerpt":"Le Starter Bundle GrowHealth\u2122 vous offre une exp\u00e9rience \u00e9ducative compl\u00e8te : acc\u00e8s \u00e0 vie au programme GrowHealth\u2122, les trois modules d'apprentissage suppl\u00e9mentaires (GI-MAP, HTMA et DNA Core), et trois appels \u00e9ducatifs individuels avec notre \u00e9quipe. Apprenez \u00e0 comprendre votre syst\u00e8me digestif, votre \u00e9nergie et vos sch\u00e9mas g\u00e9n\u00e9tiques gr\u00e2ce \u00e0 des le\u00e7ons structur\u00e9es, des outils d'apprentissage bas\u00e9s sur des donn\u00e9es, une assistance IA,\u2026","rel":"","context":"Article similaire","block_context":{"text":"Article similaire","link":""},"img":{"alt_text":"","src":"https:\/\/i0.wp.com\/agriris.com\/wp-content\/uploads\/2025\/10\/GrowHealth-Starter-Bundle.png?fit=1080%2C1080&ssl=1&resize=350%2C200","width":350,"height":200,"srcset":"https:\/\/i0.wp.com\/agriris.com\/wp-content\/uploads\/2025\/10\/GrowHealth-Starter-Bundle.png?fit=1080%2C1080&ssl=1&resize=350%2C200 1x, https:\/\/i0.wp.com\/agriris.com\/wp-content\/uploads\/2025\/10\/GrowHealth-Starter-Bundle.png?fit=1080%2C1080&ssl=1&resize=525%2C300 1.5x, https:\/\/i0.wp.com\/agriris.com\/wp-content\/uploads\/2025\/10\/GrowHealth-Starter-Bundle.png?fit=1080%2C1080&ssl=1&resize=700%2C400 2x, https:\/\/i0.wp.com\/agriris.com\/wp-content\/uploads\/2025\/10\/GrowHealth-Starter-Bundle.png?fit=1080%2C1080&ssl=1&resize=1050%2C600 3x"},"classes":[]},{"id":5578,"url":"https:\/\/agriris.com\/fr\/product\/growhealth-gi-map\/","url_meta":{"origin":5806,"position":5},"title":"GrowHealth GI MAP Add-On","author":"Eirik Fure Stensrud","date":"octobre 17, 2025","format":false,"excerpt":"Le module d'apprentissage GrowHealth\u2122 GI-MAP vous permet d'approfondir le module intestinal GrowHealth\u2122 en utilisant vos propres r\u00e9sultats GI-MAP comme outil d'apprentissage. Vous apprendrez \u00e0 appliquer le cadre 5R pour comprendre votre digestion, votre microbiome et vos habitudes de vie gr\u00e2ce \u00e0 des le\u00e7ons structur\u00e9es, une assistance IA et des conseils p\u00e9dagogiques individuels dans notre\u2026","rel":"","context":"Article similaire","block_context":{"text":"Article similaire","link":""},"img":{"alt_text":"","src":"https:\/\/i0.wp.com\/agriris.com\/wp-content\/uploads\/2025\/10\/Copy-of-GrowHealth-Starter-Bundle-1.png?fit=1080%2C1080&ssl=1&resize=350%2C200","width":350,"height":200,"srcset":"https:\/\/i0.wp.com\/agriris.com\/wp-content\/uploads\/2025\/10\/Copy-of-GrowHealth-Starter-Bundle-1.png?fit=1080%2C1080&ssl=1&resize=350%2C200 1x, https:\/\/i0.wp.com\/agriris.com\/wp-content\/uploads\/2025\/10\/Copy-of-GrowHealth-Starter-Bundle-1.png?fit=1080%2C1080&ssl=1&resize=525%2C300 1.5x, https:\/\/i0.wp.com\/agriris.com\/wp-content\/uploads\/2025\/10\/Copy-of-GrowHealth-Starter-Bundle-1.png?fit=1080%2C1080&ssl=1&resize=700%2C400 2x, https:\/\/i0.wp.com\/agriris.com\/wp-content\/uploads\/2025\/10\/Copy-of-GrowHealth-Starter-Bundle-1.png?fit=1080%2C1080&ssl=1&resize=1050%2C600 3x"},"classes":[]}],"_links":{"self":[{"href":"https:\/\/agriris.com\/fr\/wp-json\/wp\/v2\/product\/5806","targetHints":{"allow":["GET"]}}],"collection":[{"href":"https:\/\/agriris.com\/fr\/wp-json\/wp\/v2\/product"}],"about":[{"href":"https:\/\/agriris.com\/fr\/wp-json\/wp\/v2\/types\/product"}],"replies":[{"embeddable":true,"href":"https:\/\/agriris.com\/fr\/wp-json\/wp\/v2\/comments?post=5806"}],"version-history":[{"count":14,"href":"https:\/\/agriris.com\/fr\/wp-json\/wp\/v2\/product\/5806\/revisions"}],"predecessor-version":[{"id":6117,"href":"https:\/\/agriris.com\/fr\/wp-json\/wp\/v2\/product\/5806\/revisions\/6117"}],"wp:featuredmedia":[{"embeddable":true,"href":"https:\/\/agriris.com\/fr\/wp-json\/wp\/v2\/media\/6105"}],"wp:attachment":[{"href":"https:\/\/agriris.com\/fr\/wp-json\/wp\/v2\/media?parent=5806"}],"wp:term":[{"taxonomy":"product_brand","embeddable":true,"href":"https:\/\/agriris.com\/fr\/wp-json\/wp\/v2\/product_brand?post=5806"},{"taxonomy":"product_cat","embeddable":true,"href":"https:\/\/agriris.com\/fr\/wp-json\/wp\/v2\/product_cat?post=5806"},{"taxonomy":"product_tag","embeddable":true,"href":"https:\/\/agriris.com\/fr\/wp-json\/wp\/v2\/product_tag?post=5806"}],"curies":[{"name":"wp","href":"https:\/\/api.w.org\/{rel}","templated":true}]}}