{"id":4761,"date":"2025-01-22T11:53:13","date_gmt":"2025-01-22T10:53:13","guid":{"rendered":"https:\/\/agriris.com\/?post_type=product&#038;p=4761"},"modified":"2026-04-24T15:07:36","modified_gmt":"2026-04-24T13:07:36","slug":"autoeuxin","status":"publish","type":"product","link":"https:\/\/agriris.com\/fr\/product\/autosprout\/","title":{"rendered":"AutoPousse \u24b9"},"content":{"rendered":"<div id=\"KXsSSnoYS1\" data-component=\"text\">\n<div class=\"kartra_text kartra_text--dim-grey kartra_text--extra-small kartra_text--margin-bottom-special-medium\" aria-controls=\"cke_24695\" aria-activedescendant=\"\" aria-autocomplete=\"list\" aria-expanded=\"false\">\n<div class=\"page\" title=\"Page 1\">\n<div class=\"section\">\n<div class=\"layoutArea\">\n<div class=\"column\">\n<div class=\"elementor-element elementor-element-a8155ba elementor-widget elementor-widget-text-editor\" data-id=\"a8155ba\" data-element_type=\"widget\" data-widget_type=\"text-editor.default\">\n<div class=\"elementor-widget-container\">\n<div class=\"kartra_text kartra_text--dim-grey kartra_text--extra-small kartra_text--margin-bottom-special-medium\" aria-controls=\"cke_24695\" aria-activedescendant=\"\" aria-autocomplete=\"list\" aria-expanded=\"false\">\n<div class=\"page\" title=\"Page 1\">\n<div class=\"section\">\n<div class=\"layoutArea\">\n<div class=\"column\">\n<h1>Pousses fra\u00eeches \u2013 automatiquement en 2\u20136 jours.<\/h1>\n<\/div>\n<\/div>\n<\/div>\n<\/div>\n<\/div>\n<\/div>\n<\/div>\n<div class=\"elementor-element elementor-element-9c71101 elementor-widget elementor-widget-text-editor\" data-id=\"9c71101\" data-element_type=\"widget\" data-widget_type=\"text-editor.default\">\n<div class=\"elementor-widget-container\">\n<p><span data-start=\"1386\" data-end=\"1448\"><b>La seule machine \u00e0 germer au monde qui fait le travail pour vous.<\/b><\/span><\/p>\n<\/div>\n<\/div>\n<div class=\"elementor-element elementor-element-f23b749 elementor-icon-list--layout-traditional elementor-list-item-link-full_width elementor-widget elementor-widget-icon-list\" data-id=\"f23b749\" data-element_type=\"widget\" data-widget_type=\"icon-list.default\">\n<div class=\"elementor-widget-container\">\n<ul class=\"elementor-icon-list-items\">\n<li class=\"elementor-icon-list-item\"><i class=\"far fa-clock\" aria-hidden=\"true\"><\/i><span class=\"elementor-icon-list-text\"><b>Automatisation \u00e0 la carte<\/b>\u00a0\u2013 Vos pousses s'arrosent et poussent d'elles-m\u00eames en 3-6 jours.<\/span><\/li>\n<li class=\"elementor-icon-list-item\"><i class=\"fas fa-hand-holding-heart\" aria-hidden=\"true\"><\/i><span class=\"elementor-icon-list-text\"><b>Superaliments Riches en Nutriments<\/b>\u00a0\u2013 Faites pousser du brocoli, de la luzerne, des haricots mungo et plus encore<\/span><\/li>\n<li class=\"elementor-icon-list-item\"><i class=\"fas fa-water\" aria-hidden=\"true\"><\/i><span class=\"elementor-icon-list-text\"><b>Facile \u00e0 nettoyer<\/b>\u00a0\u2013 2 bacs en acier inoxydable + s\u00e9paration des eaux us\u00e9es pour garder vos aliments en s\u00e9curit\u00e9.<\/span><\/li>\n<li class=\"elementor-icon-list-item\"><i class=\"fas fa-globe-africa\" aria-hidden=\"true\"><\/i><span class=\"elementor-icon-list-text\"><b>Faible consommation d'\u00e9nergie<\/b>\u00a0\u2013 Fonctionne sur seulement 12V \u2013 \u00e9conome en \u00e9nergie et efficace.<\/span><\/li>\n<li class=\"elementor-icon-list-item\"><i class=\"fas fa-handshake\" aria-hidden=\"true\"><\/i><span class=\"elementor-icon-list-text\"><b>Acc\u00e8s \u00e0 vie<\/b>\u00a0\u00e0 notre communaut\u00e9 de clients<\/span><\/li>\n<li class=\"elementor-icon-list-item\"><i class=\"fas fa-book\" aria-hidden=\"true\"><\/i><span class=\"elementor-icon-list-text\"><b><i>Le pouvoir des pousses eBook<\/i><\/b>\u00a0&amp; Cours GrowFood<\/span><\/li>\n<\/ul>\n<\/div>\n<\/div>\n<\/div>\n<\/div>\n<\/div>\n<\/div>\n<\/div>\n<\/div>","protected":false},"excerpt":{"rendered":"<div id=\"KXsSSnoYS1\" data-component=\"text\">\n<div class=\"kartra_text kartra_text--dim-grey kartra_text--extra-small kartra_text--margin-bottom-special-medium\" aria-controls=\"cke_24695\" aria-activedescendant=\"\" aria-autocomplete=\"list\" aria-expanded=\"false\">\n<div class=\"kartra_text kartra_text--dim-grey kartra_text--extra-small kartra_text--margin-bottom-special-medium\" aria-controls=\"cke_24695\" aria-activedescendant=\"\" aria-autocomplete=\"list\" aria-expanded=\"false\">\n<p><strong>La premi\u00e8re au monde<\/strong> <strong>100% machine \u00e0 germer automatique<\/strong> | Cultivez 500 grammes en 2-6 jours | Irrigation par pulv\u00e9risation | \u00c9clairage intelligent | Nettoyage sans effort | Design \u00c9co-conscient | Cours et eBook<\/p>\n<\/div>\n<\/div>\n<\/div>","protected":false},"featured_media":6412,"comment_status":"closed","ping_status":"closed","template":"","meta":{"_crdt_document":"","advanced_seo_description":"","jetpack_seo_html_title":"","jetpack_seo_noindex":false},"product_brand":[],"product_cat":[1378],"product_tag":[1472],"class_list":{"0":"post-4761","1":"product","2":"type-product","3":"status-publish","4":"has-post-thumbnail","6":"product_cat-sprouting","7":"product_tag-autosprout-light","8":"product_shipping_class-autosprout","10":"first","11":"instock","12":"taxable","13":"shipping-taxable","14":"purchasable","15":"product-type-simple"},"exclude_global_add_ons":false,"addons":[{"name":"Personnalisez votre configuration","type":"checkbox","position":0,"required":false,"title_format":"hide","default":"","description_enable":true,"description":"La plupart des clients ajoutent des plateaux suppl\u00e9mentaires pour plus de flexibilit\u00e9 (1 treillis + 1 petit + 1 grand sont inclus par d\u00e9faut)","placeholder_enable":false,"placeholder":"","display":"select","restrictions_type":"any_text","adjust_price":false,"price":"","price_type":"flat_fee","restrictions":false,"min":"0","max":"0","options":[{"label":"+1 fine mesh","price":"69","price_type":"flat_fee","image":0,"visibility":true},{"label":"+1 tray for small sprouts","price":"149","price_type":"flat_fee","image":0,"visibility":true},{"label":"+1 tray for large sprouts","price":"149","price_type":"flat_fee","image":0,"visibility":true}],"id":1766054411}],"jetpack_sharing_enabled":true,"jetpack_likes_enabled":false,"jetpack-related-posts":[{"id":24,"url":"https:\/\/agriris.com\/fr\/product\/autosprout-premium\/","url_meta":{"origin":4761,"position":0},"title":"AutoSprout Premium","author":"Eirik Fure Stensrud","date":"octobre 11, 2023","format":false,"excerpt":"Premi\u00e8re machine de germination automatique au monde \u00e0 100% | Faites pousser 500 grammes en 2 \u00e0 6 jours | Arrosage par brumisation | \u00c9clairage Intelligent | Nettoyage sans effort | Conception \u00c9coresponsable | Guides Complets","rel":"","context":"Article similaire","block_context":{"text":"Article similaire","link":""},"img":{"alt_text":"","src":"https:\/\/i0.wp.com\/agriris.com\/wp-content\/uploads\/2023\/10\/AutoSprout-Premium.jpg?fit=1128%2C1128&ssl=1&resize=350%2C200","width":350,"height":200,"srcset":"https:\/\/i0.wp.com\/agriris.com\/wp-content\/uploads\/2023\/10\/AutoSprout-Premium.jpg?fit=1128%2C1128&ssl=1&resize=350%2C200 1x, https:\/\/i0.wp.com\/agriris.com\/wp-content\/uploads\/2023\/10\/AutoSprout-Premium.jpg?fit=1128%2C1128&ssl=1&resize=525%2C300 1.5x, https:\/\/i0.wp.com\/agriris.com\/wp-content\/uploads\/2023\/10\/AutoSprout-Premium.jpg?fit=1128%2C1128&ssl=1&resize=700%2C400 2x, https:\/\/i0.wp.com\/agriris.com\/wp-content\/uploads\/2023\/10\/AutoSprout-Premium.jpg?fit=1128%2C1128&ssl=1&resize=1050%2C600 3x"},"classes":[]},{"id":4723,"url":"https:\/\/agriris.com\/fr\/product\/the-power-of-sprouts-a-3-step-guide-to-grow-and-eat-them-everyday\/","url_meta":{"origin":4761,"position":1},"title":"Le pouvoir des germes (ebook)","author":"Eirik Fure Stensrud","date":"janvier 10, 2025","format":false,"excerpt":"D\u00e9couvrez les bienfaits pour la sant\u00e9 des germes avec le guide ultime d'Anniken &amp; Eirik Fure Stensrud sur la germination, The Power of Sprouts - A 3-Step Guide To Grow and Eat Them Everyday. Cet ebook s'adresse \u00e0 toute personne d\u00e9sireuse d'am\u00e9liorer son bien-\u00eatre gr\u00e2ce \u00e0 l'incroyable pouvoir des germes, ces minuscules centrales nutritionnelles de la nature...","rel":"","context":"Article similaire","block_context":{"text":"Article similaire","link":""},"img":{"alt_text":"","src":"https:\/\/i0.wp.com\/agriris.com\/wp-content\/uploads\/2025\/01\/Beige-New-Product-Mockup-Now-Available-Facebook-Post-1.png?fit=940%2C788&ssl=1&resize=350%2C200","width":350,"height":200,"srcset":"https:\/\/i0.wp.com\/agriris.com\/wp-content\/uploads\/2025\/01\/Beige-New-Product-Mockup-Now-Available-Facebook-Post-1.png?fit=940%2C788&ssl=1&resize=350%2C200 1x, https:\/\/i0.wp.com\/agriris.com\/wp-content\/uploads\/2025\/01\/Beige-New-Product-Mockup-Now-Available-Facebook-Post-1.png?fit=940%2C788&ssl=1&resize=525%2C300 1.5x, https:\/\/i0.wp.com\/agriris.com\/wp-content\/uploads\/2025\/01\/Beige-New-Product-Mockup-Now-Available-Facebook-Post-1.png?fit=940%2C788&ssl=1&resize=700%2C400 2x"},"classes":[]},{"id":25,"url":"https:\/\/agriris.com\/fr\/product\/autosprout-tray\/","url_meta":{"origin":4761,"position":2},"title":"Bacs AutoSprout","author":"Eirik Fure Stensrud","date":"octobre 11, 2023","format":false,"excerpt":"Plateau de germination pour votre AutoSprout \ud83c\udf00 Deux tailles de trous : Choisissez entre des trous larges de 2 mm et des trous petits de 1,2 mm pour convenir \u00e0 une vari\u00e9t\u00e9 de graines \u00e0 germer. \ud83c\udfaf Pourquoi des plateaux diff\u00e9rents ? Nous visons un excellent drainage et une r\u00e9colte sans effort. Les petites graines peuvent passer par de grands trous, tandis que les grosses graines pourraient...","rel":"","context":"Article similaire","block_context":{"text":"Article similaire","link":""},"img":{"alt_text":"","src":"https:\/\/i0.wp.com\/agriris.com\/wp-content\/uploads\/2023\/10\/tray-with-raddish.png?fit=1200%2C1200&ssl=1&resize=350%2C200","width":350,"height":200,"srcset":"https:\/\/i0.wp.com\/agriris.com\/wp-content\/uploads\/2023\/10\/tray-with-raddish.png?fit=1200%2C1200&ssl=1&resize=350%2C200 1x, https:\/\/i0.wp.com\/agriris.com\/wp-content\/uploads\/2023\/10\/tray-with-raddish.png?fit=1200%2C1200&ssl=1&resize=525%2C300 1.5x, https:\/\/i0.wp.com\/agriris.com\/wp-content\/uploads\/2023\/10\/tray-with-raddish.png?fit=1200%2C1200&ssl=1&resize=700%2C400 2x, https:\/\/i0.wp.com\/agriris.com\/wp-content\/uploads\/2023\/10\/tray-with-raddish.png?fit=1200%2C1200&ssl=1&resize=1050%2C600 3x"},"classes":[]},{"id":5806,"url":"https:\/\/agriris.com\/fr\/product\/autosprout-mesh\/","url_meta":{"origin":4761,"position":3},"title":"Grille de plateau de brocolis AutoSprout","author":"Eirik Fure Stensrud","date":"septembre 10, 2025","format":false,"excerpt":"Ajout essentiel pour cultiver des germes de brocoli. Les germes de brocoli peuvent \u00eatre difficiles \u00e0 cultiver et \u00e0 r\u00e9colter ! De minuscules racines semblables \u00e0 des toiles d'araign\u00e9es glissent \u00e0 travers le plateau et se bloquent lorsque vous essayez de les r\u00e9colter. C'est pourquoi nous avons cr\u00e9\u00e9 le tamis pour plateau AutoSprout\u2122 Brocoli \u2014 un accessoire simple mais puissant qui r\u00e9sout le probl\u00e8me. \u2705\u2026","rel":"","context":"Article similaire","block_context":{"text":"Article similaire","link":""},"img":{"alt_text":"","src":"https:\/\/i0.wp.com\/agriris.com\/wp-content\/uploads\/2025\/09\/IMG_1004.jpg?fit=1200%2C900&ssl=1&resize=350%2C200","width":350,"height":200,"srcset":"https:\/\/i0.wp.com\/agriris.com\/wp-content\/uploads\/2025\/09\/IMG_1004.jpg?fit=1200%2C900&ssl=1&resize=350%2C200 1x, https:\/\/i0.wp.com\/agriris.com\/wp-content\/uploads\/2025\/09\/IMG_1004.jpg?fit=1200%2C900&ssl=1&resize=525%2C300 1.5x, https:\/\/i0.wp.com\/agriris.com\/wp-content\/uploads\/2025\/09\/IMG_1004.jpg?fit=1200%2C900&ssl=1&resize=700%2C400 2x, https:\/\/i0.wp.com\/agriris.com\/wp-content\/uploads\/2025\/09\/IMG_1004.jpg?fit=1200%2C900&ssl=1&resize=1050%2C600 3x"},"classes":[]},{"id":3429,"url":"https:\/\/agriris.com\/fr\/product\/large-organic-shopping-bag\/","url_meta":{"origin":4761,"position":4},"title":"Grand sac de courses bio","author":"Eirik Fure Stensrud","date":"avril 17, 2024","format":false,"excerpt":"Optez pour le vert avec notre sac de courses 100% en coton biologique. Spacieux et r\u00e9sistant, il peut contenir jusqu'\u00e0 13,6 kg de courses. Commandez maintenant pour un shopping \u00e9cologique !","rel":"","context":"Article similaire","block_context":{"text":"Article similaire","link":""},"img":{"alt_text":"","src":"https:\/\/i0.wp.com\/agriris.com\/wp-content\/uploads\/2024\/04\/large-eco-tote-black-front-661fd0885fbfb.jpg?fit=1200%2C1200&ssl=1&resize=350%2C200","width":350,"height":200,"srcset":"https:\/\/i0.wp.com\/agriris.com\/wp-content\/uploads\/2024\/04\/large-eco-tote-black-front-661fd0885fbfb.jpg?fit=1200%2C1200&ssl=1&resize=350%2C200 1x, https:\/\/i0.wp.com\/agriris.com\/wp-content\/uploads\/2024\/04\/large-eco-tote-black-front-661fd0885fbfb.jpg?fit=1200%2C1200&ssl=1&resize=525%2C300 1.5x, https:\/\/i0.wp.com\/agriris.com\/wp-content\/uploads\/2024\/04\/large-eco-tote-black-front-661fd0885fbfb.jpg?fit=1200%2C1200&ssl=1&resize=700%2C400 2x, https:\/\/i0.wp.com\/agriris.com\/wp-content\/uploads\/2024\/04\/large-eco-tote-black-front-661fd0885fbfb.jpg?fit=1200%2C1200&ssl=1&resize=1050%2C600 3x"},"classes":[]}],"_links":{"self":[{"href":"https:\/\/agriris.com\/fr\/wp-json\/wp\/v2\/product\/4761","targetHints":{"allow":["GET"]}}],"collection":[{"href":"https:\/\/agriris.com\/fr\/wp-json\/wp\/v2\/product"}],"about":[{"href":"https:\/\/agriris.com\/fr\/wp-json\/wp\/v2\/types\/product"}],"replies":[{"embeddable":true,"href":"https:\/\/agriris.com\/fr\/wp-json\/wp\/v2\/comments?post=4761"}],"version-history":[{"count":7,"href":"https:\/\/agriris.com\/fr\/wp-json\/wp\/v2\/product\/4761\/revisions"}],"predecessor-version":[{"id":4817,"href":"https:\/\/agriris.com\/fr\/wp-json\/wp\/v2\/product\/4761\/revisions\/4817"}],"wp:featuredmedia":[{"embeddable":true,"href":"https:\/\/agriris.com\/fr\/wp-json\/wp\/v2\/media\/6412"}],"wp:attachment":[{"href":"https:\/\/agriris.com\/fr\/wp-json\/wp\/v2\/media?parent=4761"}],"wp:term":[{"taxonomy":"product_brand","embeddable":true,"href":"https:\/\/agriris.com\/fr\/wp-json\/wp\/v2\/product_brand?post=4761"},{"taxonomy":"product_cat","embeddable":true,"href":"https:\/\/agriris.com\/fr\/wp-json\/wp\/v2\/product_cat?post=4761"},{"taxonomy":"product_tag","embeddable":true,"href":"https:\/\/agriris.com\/fr\/wp-json\/wp\/v2\/product_tag?post=4761"}],"curies":[{"name":"wp","href":"https:\/\/api.w.org\/{rel}","templated":true}]}}