{"id":24,"date":"2023-10-11T09:58:06","date_gmt":"2023-10-11T07:58:06","guid":{"rendered":"https:\/\/agriris.com\/?p=24"},"modified":"2025-05-22T13:18:28","modified_gmt":"2025-05-22T11:18:28","slug":"autosprout-premium","status":"publish","type":"product","link":"https:\/\/agriris.com\/fr\/product\/autosprout-premium\/","title":{"rendered":"AutoSprout Premium"},"content":{"rendered":"<div id=\"KXsSSnoYS1\" data-component=\"text\">\n<div class=\"kartra_text kartra_text--dim-grey kartra_text--extra-small kartra_text--margin-bottom-special-medium\" aria-controls=\"cke_24695\" aria-activedescendant=\"\" aria-autocomplete=\"list\" aria-expanded=\"false\">\n<p>Le\u00a0<strong>le premier au monde<\/strong>\u00a0g\u00e9n\u00e9rateur automatique pour faire pousser 500 grammes (1,10 lb) de pousses fra\u00eeches et anti-inflammatoires en seulement 2 \u00e0 6 jours, et\u00a0<strong>fait le travail pour vous<\/strong>.<\/p>\n<\/div>\n<p>\ud83d\udebf <strong>Irrigation optimis\u00e9e par brumisation<\/strong>: \ud83c\udf27\ufe0f Con\u00e7u avec pr\u00e9cision pour une croissance maximale, l'AutoSprout est dot\u00e9 d'un syst\u00e8me d'irrigation par brumisation qui garantit que vos graines sont rinc\u00e9es et hydrat\u00e9es \u00e0 la perfection.<\/p>\n<p>\ud83d\udee2\ufe0f <strong>Syst\u00e8me \u00e0 double r\u00e9servoir d'eau<\/strong>Avec des compartiments s\u00e9par\u00e9s pour les eaux us\u00e9es et l'eau fra\u00eeche, vos germes ne seront jamais en contact qu'avec de l'eau propre, \u00e9liminant ainsi efficacement le risque de moisissure et de contamination bact\u00e9rienne.<\/p>\n<p>\ud83d\udca1 <strong>\u00c9clairage intelligent<\/strong>Syst\u00e8me d'\u00e9clairage qui s'allume exactement quand vos pousses en ont besoin, garantissant une pousse verte et un go\u00fbt d\u00e9licieux.<\/p>\n<p>\ud83e\uddfc <strong>Nettoyage sans effort<\/strong>Chaque centim\u00e8tre de l'AutoSprout a \u00e9t\u00e9 con\u00e7u pour votre commodit\u00e9. Le nettoyage est un jeu d'enfant, garantissant \u00e0 la fois la long\u00e9vit\u00e9 de votre machine et la s\u00e9curit\u00e9 de vos pousses.<\/p>\n<p>\ud83c\udf31 <strong>2 Tailles de trous pour plateau de germination<\/strong>Que vous cultiviez de grosses graines comme les radis et les lentilles, ou de plus petites comme le brocoli et la luzerne, nos plateaux vous couvrent avec des trous de 2 mm et 1,2 mm, respectivement.<\/p>\n<p>\ud83d\udee0\ufe0f <strong>Qualit\u00e9 Premium<\/strong>Fabriqu\u00e9 en acier inoxydable de premi\u00e8re qualit\u00e9 et en verre tremp\u00e9, l'AutoSprout n'est pas seulement con\u00e7u pour durer, il est \u00e9galement con\u00e7u pour un auto-entretien facile en cas de remplacement de pi\u00e8ce.<\/p>\n<p>\ud83c\udf0e <strong>\u00c9co-conception<\/strong>Fonctionnant \u00e0 un faible 12V, l'AutoSprout est aussi respectueux de l'environnement qu'efficace.<\/p>\n<p>\ud83d\udcd8 <strong>\u201cLe pouvoir des germes\u201d<\/strong>: Votre achat comprend notre eBook <em>\u201cLe pouvoir des germes\u201d<\/em>\u00a0 vous fournir toutes les connaissances dont vous avez besoin sur la germination.<\/p>\n<p>\ud83e\udd1d<strong>\u00a0Communaut\u00e9<\/strong>Rejoignez une communaut\u00e9 dynamique de passionn\u00e9s de cuisine fonctionnelle partageant les m\u00eames id\u00e9es, tous d\u00e9vou\u00e9s \u00e0 am\u00e9liorer leur sant\u00e9 et \u00e0 partager leur parcours.<\/p>\n<\/div>","protected":false},"excerpt":{"rendered":"<div id=\"KXsSSnoYS1\" data-component=\"text\">\n<div class=\"kartra_text kartra_text--dim-grey kartra_text--extra-small kartra_text--margin-bottom-special-medium\" aria-controls=\"cke_24695\" aria-activedescendant=\"\" aria-autocomplete=\"list\" aria-expanded=\"false\">\n<div class=\"kartra_text kartra_text--dim-grey kartra_text--extra-small kartra_text--margin-bottom-special-medium\" aria-controls=\"cke_24695\" aria-activedescendant=\"\" aria-autocomplete=\"list\" aria-expanded=\"false\">\n<p><strong>La premi\u00e8re au monde<\/strong> <strong>100% machine \u00e0 germer automatique<\/strong> | Cultivez 500 grammes en 2-6 jours | Irrigation par brumisation | \u00c9clairage intelligent | Nettoyage sans effort | Conception \u00e9cologique | Guides complets<\/p>\n<\/div>\n<\/div>\n<\/div>","protected":false},"featured_media":4885,"comment_status":"open","ping_status":"closed","template":"","meta":{"_crdt_document":"","advanced_seo_description":"","jetpack_seo_html_title":"","jetpack_seo_noindex":false},"product_brand":[],"product_cat":[1378],"product_tag":[1414],"class_list":{"0":"post-24","1":"product","2":"type-product","3":"status-publish","4":"has-post-thumbnail","6":"product_cat-sprouting","7":"product_tag-autosprout","8":"product_shipping_class-free-shipping","10":"first","11":"outofstock","12":"taxable","13":"shipping-taxable","14":"purchasable","15":"product-type-simple"},"exclude_global_add_ons":false,"addons":[{"name":"Personnalisez votre configuration","type":"checkbox","position":0,"required":false,"title_format":"hide","default":"","description_enable":true,"description":"La plupart des clients ajoutent des plateaux suppl\u00e9mentaires pour plus de flexibilit\u00e9 (1 treillis + 1 petit + 1 grand sont inclus par d\u00e9faut)","placeholder_enable":false,"placeholder":"","display":"select","restrictions_type":"any_text","adjust_price":false,"price":"","price_type":"flat_fee","restrictions":false,"min":"0","max":"0","options":[{"label":"+1 fine mesh","price":"69","price_type":"flat_fee","image":0,"visibility":true},{"label":"+1 tray for small sprouts","price":"149","price_type":"flat_fee","image":0,"visibility":true},{"label":"+1 tray for large sprouts","price":"149","price_type":"flat_fee","image":0,"visibility":true}],"id":1766054411}],"jetpack_sharing_enabled":true,"jetpack_likes_enabled":false,"jetpack-related-posts":[{"id":4761,"url":"https:\/\/agriris.com\/fr\/product\/autosprout\/","url_meta":{"origin":24,"position":0},"title":"AutoPousse \u24b9","author":"Eirik Fure Stensrud","date":"janvier 22, 2025","format":false,"excerpt":"La premi\u00e8re machine automatique de germination au monde% | Cultivez 500 grammes en 2-6 jours | Irrigation par brumisation | \u00c9clairage intelligent | Nettoyage sans effort | Conception \u00e9cologique | Cours et eBook","rel":"","context":"Article similaire","block_context":{"text":"Article similaire","link":""},"img":{"alt_text":"","src":"https:\/\/i0.wp.com\/agriris.com\/wp-content\/uploads\/2025\/01\/openart-image_bpOKdvjr_1765873925269_raw.png?fit=1152%2C896&ssl=1&resize=350%2C200","width":350,"height":200,"srcset":"https:\/\/i0.wp.com\/agriris.com\/wp-content\/uploads\/2025\/01\/openart-image_bpOKdvjr_1765873925269_raw.png?fit=1152%2C896&ssl=1&resize=350%2C200 1x, https:\/\/i0.wp.com\/agriris.com\/wp-content\/uploads\/2025\/01\/openart-image_bpOKdvjr_1765873925269_raw.png?fit=1152%2C896&ssl=1&resize=525%2C300 1.5x, https:\/\/i0.wp.com\/agriris.com\/wp-content\/uploads\/2025\/01\/openart-image_bpOKdvjr_1765873925269_raw.png?fit=1152%2C896&ssl=1&resize=700%2C400 2x, https:\/\/i0.wp.com\/agriris.com\/wp-content\/uploads\/2025\/01\/openart-image_bpOKdvjr_1765873925269_raw.png?fit=1152%2C896&ssl=1&resize=1050%2C600 3x"},"classes":[]},{"id":5806,"url":"https:\/\/agriris.com\/fr\/product\/autosprout-mesh\/","url_meta":{"origin":24,"position":1},"title":"Grille de plateau de brocolis AutoSprout","author":"Eirik Fure Stensrud","date":"septembre 10, 2025","format":false,"excerpt":"Ajout essentiel pour cultiver des germes de brocoli. Les germes de brocoli peuvent \u00eatre difficiles \u00e0 cultiver et \u00e0 r\u00e9colter ! De minuscules racines semblables \u00e0 des toiles d'araign\u00e9es glissent \u00e0 travers le plateau et se bloquent lorsque vous essayez de les r\u00e9colter. C'est pourquoi nous avons cr\u00e9\u00e9 le tamis pour plateau AutoSprout\u2122 Brocoli \u2014 un accessoire simple mais puissant qui r\u00e9sout le probl\u00e8me. \u2705\u2026","rel":"","context":"Article similaire","block_context":{"text":"Article similaire","link":""},"img":{"alt_text":"","src":"https:\/\/i0.wp.com\/agriris.com\/wp-content\/uploads\/2025\/09\/IMG_1004.jpg?fit=1200%2C900&ssl=1&resize=350%2C200","width":350,"height":200,"srcset":"https:\/\/i0.wp.com\/agriris.com\/wp-content\/uploads\/2025\/09\/IMG_1004.jpg?fit=1200%2C900&ssl=1&resize=350%2C200 1x, https:\/\/i0.wp.com\/agriris.com\/wp-content\/uploads\/2025\/09\/IMG_1004.jpg?fit=1200%2C900&ssl=1&resize=525%2C300 1.5x, https:\/\/i0.wp.com\/agriris.com\/wp-content\/uploads\/2025\/09\/IMG_1004.jpg?fit=1200%2C900&ssl=1&resize=700%2C400 2x, https:\/\/i0.wp.com\/agriris.com\/wp-content\/uploads\/2025\/09\/IMG_1004.jpg?fit=1200%2C900&ssl=1&resize=1050%2C600 3x"},"classes":[]},{"id":25,"url":"https:\/\/agriris.com\/fr\/product\/autosprout-tray\/","url_meta":{"origin":24,"position":2},"title":"Bacs AutoSprout","author":"Eirik Fure Stensrud","date":"octobre 11, 2023","format":false,"excerpt":"Plateau de germination pour votre AutoSprout \ud83c\udf00 Deux tailles de trous : Choisissez entre des trous larges de 2 mm et des trous petits de 1,2 mm pour convenir \u00e0 une vari\u00e9t\u00e9 de graines \u00e0 germer. \ud83c\udfaf Pourquoi des plateaux diff\u00e9rents ? Nous visons un excellent drainage et une r\u00e9colte sans effort. Les petites graines peuvent passer par de grands trous, tandis que les grosses graines pourraient...","rel":"","context":"Article similaire","block_context":{"text":"Article similaire","link":""},"img":{"alt_text":"","src":"https:\/\/i0.wp.com\/agriris.com\/wp-content\/uploads\/2023\/10\/tray-with-raddish.png?fit=1200%2C1200&ssl=1&resize=350%2C200","width":350,"height":200,"srcset":"https:\/\/i0.wp.com\/agriris.com\/wp-content\/uploads\/2023\/10\/tray-with-raddish.png?fit=1200%2C1200&ssl=1&resize=350%2C200 1x, https:\/\/i0.wp.com\/agriris.com\/wp-content\/uploads\/2023\/10\/tray-with-raddish.png?fit=1200%2C1200&ssl=1&resize=525%2C300 1.5x, https:\/\/i0.wp.com\/agriris.com\/wp-content\/uploads\/2023\/10\/tray-with-raddish.png?fit=1200%2C1200&ssl=1&resize=700%2C400 2x, https:\/\/i0.wp.com\/agriris.com\/wp-content\/uploads\/2023\/10\/tray-with-raddish.png?fit=1200%2C1200&ssl=1&resize=1050%2C600 3x"},"classes":[]},{"id":4723,"url":"https:\/\/agriris.com\/fr\/product\/the-power-of-sprouts-a-3-step-guide-to-grow-and-eat-them-everyday\/","url_meta":{"origin":24,"position":3},"title":"Le pouvoir des germes (ebook)","author":"Eirik Fure Stensrud","date":"janvier 10, 2025","format":false,"excerpt":"D\u00e9couvrez les bienfaits pour la sant\u00e9 des germes avec le guide ultime d'Anniken &amp; Eirik Fure Stensrud sur la germination, The Power of Sprouts - A 3-Step Guide To Grow and Eat Them Everyday. Cet ebook s'adresse \u00e0 toute personne d\u00e9sireuse d'am\u00e9liorer son bien-\u00eatre gr\u00e2ce \u00e0 l'incroyable pouvoir des germes, ces minuscules centrales nutritionnelles de la nature...","rel":"","context":"Article similaire","block_context":{"text":"Article similaire","link":""},"img":{"alt_text":"","src":"https:\/\/i0.wp.com\/agriris.com\/wp-content\/uploads\/2025\/01\/Beige-New-Product-Mockup-Now-Available-Facebook-Post-1.png?fit=940%2C788&ssl=1&resize=350%2C200","width":350,"height":200,"srcset":"https:\/\/i0.wp.com\/agriris.com\/wp-content\/uploads\/2025\/01\/Beige-New-Product-Mockup-Now-Available-Facebook-Post-1.png?fit=940%2C788&ssl=1&resize=350%2C200 1x, https:\/\/i0.wp.com\/agriris.com\/wp-content\/uploads\/2025\/01\/Beige-New-Product-Mockup-Now-Available-Facebook-Post-1.png?fit=940%2C788&ssl=1&resize=525%2C300 1.5x, https:\/\/i0.wp.com\/agriris.com\/wp-content\/uploads\/2025\/01\/Beige-New-Product-Mockup-Now-Available-Facebook-Post-1.png?fit=940%2C788&ssl=1&resize=700%2C400 2x"},"classes":[]}],"_links":{"self":[{"href":"https:\/\/agriris.com\/fr\/wp-json\/wp\/v2\/product\/24","targetHints":{"allow":["GET"]}}],"collection":[{"href":"https:\/\/agriris.com\/fr\/wp-json\/wp\/v2\/product"}],"about":[{"href":"https:\/\/agriris.com\/fr\/wp-json\/wp\/v2\/types\/product"}],"replies":[{"embeddable":true,"href":"https:\/\/agriris.com\/fr\/wp-json\/wp\/v2\/comments?post=24"}],"version-history":[{"count":4,"href":"https:\/\/agriris.com\/fr\/wp-json\/wp\/v2\/product\/24\/revisions"}],"predecessor-version":[{"id":88,"href":"https:\/\/agriris.com\/fr\/wp-json\/wp\/v2\/product\/24\/revisions\/88"}],"wp:featuredmedia":[{"embeddable":true,"href":"https:\/\/agriris.com\/fr\/wp-json\/wp\/v2\/media\/4885"}],"wp:attachment":[{"href":"https:\/\/agriris.com\/fr\/wp-json\/wp\/v2\/media?parent=24"}],"wp:term":[{"taxonomy":"product_brand","embeddable":true,"href":"https:\/\/agriris.com\/fr\/wp-json\/wp\/v2\/product_brand?post=24"},{"taxonomy":"product_cat","embeddable":true,"href":"https:\/\/agriris.com\/fr\/wp-json\/wp\/v2\/product_cat?post=24"},{"taxonomy":"product_tag","embeddable":true,"href":"https:\/\/agriris.com\/fr\/wp-json\/wp\/v2\/product_tag?post=24"}],"curies":[{"name":"wp","href":"https:\/\/api.w.org\/{rel}","templated":true}]}}