{"id":156,"date":"2023-10-11T14:13:24","date_gmt":"2023-10-11T12:13:24","guid":{"rendered":"https:\/\/agriris.com\/help-info\/"},"modified":"2023-10-16T13:46:40","modified_gmt":"2023-10-16T11:46:40","slug":"toimituspalautukset","status":"publish","type":"page","link":"https:\/\/agriris.com\/fi\/shipping-returns\/","title":{"rendered":"Toimitus, palautukset ja hyvitykset"},"content":{"rendered":"<div data-elementor-type=\"wp-page\" data-elementor-id=\"156\" class=\"elementor elementor-156\" data-elementor-post-type=\"page\">\n\t\t\t\t<div class=\"elementor-element elementor-element-75c84c2f e-flex e-con-boxed e-con e-parent\" data-id=\"75c84c2f\" data-element_type=\"container\" data-e-type=\"container\" data-settings=\"{&quot;background_background&quot;:&quot;classic&quot;}\">\n\t\t\t\t\t<div class=\"e-con-inner\">\n\t\t\t\t<div class=\"elementor-element elementor-element-6b889213 elementor-widget elementor-widget-heading\" data-id=\"6b889213\" data-element_type=\"widget\" data-e-type=\"widget\" data-widget_type=\"heading.default\">\n\t\t\t\t\t<h2 class=\"elementor-heading-title elementor-size-default\">Toimitus, palautukset ja hyvitykset<\/h2>\t\t\t\t<\/div>\n\t\t\t\t<div class=\"elementor-element elementor-element-2f69bcdc elementor-widget elementor-widget-text-editor\" data-id=\"2f69bcdc\" data-element_type=\"widget\" data-e-type=\"widget\" data-widget_type=\"text-editor.default\">\n\t\t\t\t\t\t\t\t\t<p>\u00a0<\/p><p>Agriris AS<br \/>Verkkosivusto <a href=\"https:\/\/agriris.com\/fi\/\" target=\"_new\">www.agriris.com<\/a><br \/>Osoite: V\u00e5rstien 14, 6630 Tingvoll, Norja<\/p><p>P\u00e4ivitetty: 16. lokakuuta 2023<\/p><ol><li><p><strong>Toimitusk\u00e4yt\u00e4nt\u00f6<\/strong><\/p><p>1.1 <strong>Toimituskohteet<\/strong><br \/>Toimitamme tuotteita sek\u00e4 kotimaassa Norjassa ett\u00e4 kansainv\u00e4lisesti valittuihin maihin. Toimituksen saatavuus sijaintiisi vahvistetaan kassalla. Tilaukset hoidetaan luotettavan 3PL-kumppanimme NextSmartShipin kautta heid\u00e4n varastoistaan Yhdysvalloissa, EU:ssa, Australiassa tai Kiinassa.<\/p><p>1.2 <strong>Toimituskulut<\/strong><br \/>Toimituskulut vaihtelevat sijainnin, tilauksesi painon ja varaston sijainnin mukaan. Kaikki toimituskulut ilmoitetaan selke\u00e4sti kassalla.<\/p><p>1.3 <strong>L\u00e4hetys ja toimitus<\/strong><br \/>Tilaukset toimitetaan yleens\u00e4 1-3 arkip\u00e4iv\u00e4n kuluessa tilauksen vahvistamisesta. Toimitusajat voivat vaihdella, mutta tyypillisesti ne ovat:<\/p><ul><li>Kotimaa: 3-5 arkip\u00e4iv\u00e4\u00e4<\/li><li>Kansainv\u00e4linen: 7-21 arkip\u00e4iv\u00e4\u00e4<\/li><\/ul><p>Huomaathan, ett\u00e4 n\u00e4m\u00e4 ovat arvioita, ja toimitus voi joskus kest\u00e4\u00e4 kauemmin odottamattomien olosuhteiden tai kansainv\u00e4listen tilausten tullik\u00e4sittelyn vuoksi.<\/p><\/li><li><p><strong>HYVITYSK\u00c4YT\u00c4NT\u00d6<\/strong><\/p><p>2.1 <strong>30 p\u00e4iv\u00e4n rahanpalautustakuu<\/strong><br \/>Seisomme tuotteidemme laadun takana. Jos et ole t\u00e4ysin tyytyv\u00e4inen ostokseesi, tarjoamme 30 p\u00e4iv\u00e4n tyytyv\u00e4isyystakuun. Ota meihin yhteytt\u00e4 30 p\u00e4iv\u00e4n kuluessa tilauksesi vastaanottamisesta, niin k\u00e4sittelemme t\u00e4yden hyvityksen.<\/p><p>2.2 <strong>Hyvitysprosessi<\/strong><br \/>Kun olemme vastaanottaneet ja tarkastaneet palautetun tuotteen ja palautus hyv\u00e4ksyt\u00e4\u00e4n, hyvityksesi k\u00e4sitell\u00e4\u00e4n. Hyvitys lis\u00e4t\u00e4\u00e4n alkuper\u00e4iseen maksutapaasi, yleens\u00e4 10 arkip\u00e4iv\u00e4n kuluessa.<\/p><\/li><li><p><strong>PALAUTUSK\u00c4YT\u00c4NT\u00d6<\/strong><\/p><p>3.1 <strong>Palautusoikeus<\/strong><br \/>Tuotteet voi palauttaa 30 p\u00e4iv\u00e4n kuluessa vastaanottamisesta. Palautusoikeuden edellytyksen\u00e4 on, ett\u00e4 tuotteet ovat k\u00e4ytt\u00e4m\u00e4tt\u00f6mi\u00e4, samassa kunnossa kuin ne vastaanotettiin, ja alkuper\u00e4ispakkauksessa.<\/p><p>3.2 <strong>Palautusl\u00e4hetys<\/strong><br \/>Asiakkaat vastaavat palautuskustannuksista, ellei toimitettu tuote ole vahingoittunut tai v\u00e4\u00e4r\u00e4. T\u00e4llaisissa tapauksissa Agriris AS vastaa palautuskustannuksista. Palautukset tulee l\u00e4hett\u00e4\u00e4 sille NextSmartShip-varastolle, josta ne on l\u00e4hetetty.<\/p><p>3.3 <strong>Palautuksen aloittaminen<\/strong><br \/>Aloittaaksesi palautuksen, ota yhteytt\u00e4 asiakaspalveluumme osoitteessa <a href=\"mailto:contact@agriris.com\" target=\"_new\">contact@agriris.com<\/a> tilauksesi numeron ja palautuksen syyn. Ohjeet annetaan jatkotoimenpiteit\u00e4 varten.<\/p><\/li><li><p><strong>OTA YHTEYTT\u00c4<\/strong><br \/>Kaikissa kysymyksiss\u00e4 tai selvennyksiss\u00e4 t\u00e4h\u00e4n k\u00e4yt\u00e4nt\u00f6\u00f6n liittyen, ota yhteytt\u00e4 meihin osoitteessa:<\/p><p>S\u00e4hk\u00f6posti: <a href=\"mailto:contact@agriris.com\" target=\"_new\">contact@agriris.com<\/a><br \/>Osoite: V\u00e5rstien 14, 6630 Tingvoll, Norja<\/p><\/li><\/ol>\t\t\t\t\t\t\t\t<\/div>\n\t\t\t\t\t<\/div>\n\t\t\t\t<\/div>\n\t\t\t\t<\/div>","protected":false},"excerpt":{"rendered":"<p>\/! elementor &#8211; v3.17.0 &#8211; 09-10-2023 *\/ .elementor-heading-title{padding:0;margin:0;line-height:1}.elementor-widget-heading .elementor-heading-title[class=elementor-size-]&gt;a{color:inherit;font-size:inherit;line-height:inherit}.elementor-widget-heading .elementor-heading-title.elementor-size-small{font-size:15px}.elementor-widget-heading .elementor-heading-title.elementor-size-medium{font-size:19px}.elementor-widget-heading .elementor-heading-title.elementor-size-large{font-size:29px}.elementor-widget-heading .elementor-heading-title.elementor-size-xl{font-size:39px}.elementor-widget-heading .elementor-heading-title.elementor-size-xxl{font-size:59px} Shipping, Returns &amp; Refunds \u00a0 Agriris ASWebsite: <a href=\"http:\/\/www.agriris.comAddress\" rel=\"nofollow\">http:\/\/www.agriris.comAddress<\/a>: V\u00e5rstien 14, 6630 Tingvoll, Norway Updated: 16 October, 2023 SHIPPING POLICY 1.1 Shipping DestinationsWe ship products both domestically within Norway and internationally to select countries. The availability of shipping to your location will [&hellip;]<\/p>\n","protected":false},"author":237397814,"featured_media":0,"parent":0,"menu_order":0,"comment_status":"closed","ping_status":"closed","template":"elementor_header_footer","meta":{"_crdt_document":"","advanced_seo_description":"","jetpack_seo_html_title":"","jetpack_seo_noindex":false,"footnotes":""},"class_list":["post-156","page","type-page","status-publish","hentry"],"jetpack_sharing_enabled":true,"jetpack_likes_enabled":false,"jetpack_shortlink":"https:\/\/wp.me\/PfchOq-2w","jetpack-related-posts":[{"id":139,"url":"https:\/\/agriris.com\/fi\/global-styles\/","url_meta":{"origin":156,"position":0},"title":"Globaalit tyylit","author":"Eirik Fure Stensrud","date":"11 lokakuun, 2023","format":false,"excerpt":"Globaalit Tyylit\nV\u00e4rit\nFontit\nPainikkeet\n\nT\u00e4m\u00e4 sivu esikatselussa Globaalit Fontit ja V\u00e4rit t\u00e4lle Kitille. Sivuston asetuksissa tehdyt muutokset n\u00e4kyv\u00e4t t\u00e4\u00e4ll\u00e4.\n\nGlobaalit V\u00e4rit\nJ\u00c4RJESTELM\u00c4\nEnsisijainen\nToissijainen\nTeksti\nKorostus\nMukautettu tausta\nKit Blue\nElement Blue\nLight BG\nValkoinen\nElementti\nL\u00e4pin\u00e4kyv\u00e4\nP\u00e4\u00e4llystausta\n\nGlobaalit Fontit\nJ\u00c4RJESTELM\u00c4\nEnsisijainenabcd\nToissijainenabcd\u2026","rel":"","context":"Samankaltainen artikkeli","block_context":{"text":"Samankaltainen artikkeli","link":""},"img":{"alt_text":"","src":"","width":0,"height":0},"classes":[]},{"id":159,"url":"https:\/\/agriris.com\/fi\/support\/","url_meta":{"origin":156,"position":1},"title":"Tuki &amp; UKK","author":"Eirik Fure Stensrud","date":"11 lokakuun, 2023","format":false,"excerpt":"Tuki, takuu ja usein kysytyt kysymykset <h2>Tarkista tiedot alta tai l\u00e4het\u00e4 meille s\u00e4hk\u00f6postia osoitteeseen <strong data-start=\"1668\" data-end=\"1691\">support@agriris.com<\/strong><\/h2> <h2>AutoSprout\u2122<\/h2> <h2>Vaihe 1: Rekister\u00f6i tuotteesi takuu<\/h2> <h2>Sy\u00f6t\u00e4 tietosi alla rekister\u00f6id\u00e4ksesi takuun. Saat my\u00f6s suoran p\u00e4\u00e4syn asiakasyhteis\u00f6\u00f6mme, <b><i>KasvuRuoka<\/i>\u2122<\/b> kurssi, jossa on yksityiskohtaiset id\u00e4tys-oppaat ja <i><b>Voima\u2026","rel":"","context":"Samankaltainen artikkeli","block_context":{"text":"Samankaltainen artikkeli","link":""},"img":{"alt_text":"","src":"","width":0,"height":0},"classes":[]},{"id":144,"url":"https:\/\/agriris.com\/fi\/cart\/","url_meta":{"origin":156,"position":2},"title":"K\u00e4rry","author":"Eirik Fure Stensrud","date":"11 lokakuun, 2023","format":false,"excerpt":"Ostoskorisi Asiakas kuuluu alueeseen \"Eurooppa\" <!--open container--> <!--open column-1--> Poista tuote Tuotekuva Tuotehinta M\u00e4\u00e4r\u00e4 Summa \u00d7 AutoSprout 4,988 Automattikylv\u00f6n m\u00e4\u00e4r\u00e4 4,988 (sis. ALV) K\u00e4yt\u00e4 kuponki <!--close column-1--> <!--open column-2--> <!--open column-inner--> <!--open cart-totals--> <h2>Ostoskorin summa<\/h2> <table cellspacing=\"0\"> <tr> <th>V\u00e4lisumma<\/th> <td data-title=\"Subtotal\"><bdi>4988<\/bdi> <small>(sis. ALV)<\/small><\/td> <\/tr> <tr> <th>Kuponki: vennerfamilie2025<\/th>\u2026","rel":"","context":"Samankaltainen artikkeli","block_context":{"text":"Samankaltainen artikkeli","link":""},"img":{"alt_text":"AutoSprout","src":"https:\/\/i0.wp.com\/agriris.com\/wp-content\/uploads\/2025\/01\/AutoSprout-ABS-Top-View-300x300.jpg?resize=350%2C200&ssl=1","width":350,"height":200},"classes":[]},{"id":147,"url":"https:\/\/agriris.com\/fi\/checkout\/","url_meta":{"origin":156,"position":3},"title":"Kassalle","author":"Eirik Fure Stensrud","date":"11 lokakuun, 2023","format":false,"excerpt":"Tarkista <h1>N\u00e4et kaikki maksuvaihtoehdot - valitse kotivaluuttasi ja maasi<\/h1> Asiakas valitsi alueen \"Aasia ja Oseania\" Laskutustiedot Etunimi*Sukunimi*Yrityksen nimi (valinnainen)Maa \/ Alue*Valitse maa \/ alue\u2026AustraliaIt\u00e4valtaBelgiaBulgariaKanadaKroatiaKypros","rel":"","context":"Samankaltainen artikkeli","block_context":{"text":"Samankaltainen artikkeli","link":""},"img":{"alt_text":"","src":"","width":0,"height":0},"classes":[]},{"id":153,"url":"https:\/\/agriris.com\/fi\/terms-conditions\/","url_meta":{"origin":156,"position":4},"title":"K\u00e4ytt\u00f6ehdot","author":"Eirik Fure Stensrud","date":"11 lokakuun, 2023","format":false,"excerpt":"Terms & Conditions <strong>Agriris AS<\/strong> Website: www.agriris.com Address: V\u00e5rstien 14, 6630 Tingvoll, Norway Updated: 27 February, 2025 Terms and ConditionsAgriris ASWebsite: www.agriris.comAddress: V\u00e5rstien 14, 6630 Tingvoll, NorwayUpdated: [Insert Date] 1. Acceptance of Terms By accessing or using our website, services, or purchasing our digital products, courses, memberships, or physical products,\u2026","rel":"","context":"Samankaltainen artikkeli","block_context":{"text":"Samankaltainen artikkeli","link":""},"img":{"alt_text":"","src":"","width":0,"height":0},"classes":[]},{"id":150,"url":"https:\/\/agriris.com\/fi\/my-account-2\/","url_meta":{"origin":156,"position":5},"title":"Tilini","author":"Eirik Fure Stensrud","date":"11 lokakuun, 2023","format":false,"excerpt":"[woocommerce_my_account] Dashboard Orders Downloads Gift Cards Addresses Account Details Logout Hello Eirik Fure Stensrud (not Eirik Fure Stensrud? Log out) From your account dashboard you can view your recent orders, manage your shipping and billing addresses, and edit your password and account details.","rel":"","context":"Samankaltainen artikkeli","block_context":{"text":"Samankaltainen artikkeli","link":""},"img":{"alt_text":"","src":"","width":0,"height":0},"classes":[]}],"_links":{"self":[{"href":"https:\/\/agriris.com\/fi\/wp-json\/wp\/v2\/pages\/156","targetHints":{"allow":["GET"]}}],"collection":[{"href":"https:\/\/agriris.com\/fi\/wp-json\/wp\/v2\/pages"}],"about":[{"href":"https:\/\/agriris.com\/fi\/wp-json\/wp\/v2\/types\/page"}],"author":[{"embeddable":true,"href":"https:\/\/agriris.com\/fi\/wp-json\/wp\/v2\/users\/237397814"}],"replies":[{"embeddable":true,"href":"https:\/\/agriris.com\/fi\/wp-json\/wp\/v2\/comments?post=156"}],"version-history":[{"count":22,"href":"https:\/\/agriris.com\/fi\/wp-json\/wp\/v2\/pages\/156\/revisions"}],"predecessor-version":[{"id":12368,"href":"https:\/\/agriris.com\/fi\/wp-json\/wp\/v2\/pages\/156\/revisions\/12368"}],"wp:attachment":[{"href":"https:\/\/agriris.com\/fi\/wp-json\/wp\/v2\/media?parent=156"}],"curies":[{"name":"vp","href":"https:\/\/api.w.org\/{rel}","templated":true}]}}