{"id":5806,"date":"2025-09-10T09:28:12","date_gmt":"2025-09-10T07:28:12","guid":{"rendered":"https:\/\/agriris.com\/?post_type=product&#038;p=5806"},"modified":"2026-04-09T14:19:49","modified_gmt":"2026-04-09T12:19:49","slug":"malla-de-autosprout","status":"publish","type":"product","link":"https:\/\/agriris.com\/es\/product\/autosprout-mesh\/","title":{"rendered":"Bandeja de malla para brotes de br\u00f3coli AutoSprout"},"content":{"rendered":"<h2 data-start=\"29\" data-end=\"286\"><strong>Complemento esencial para cultivar germinados de br\u00f3coli.<\/strong><\/h2>\n<p data-start=\"105\" data-end=\"254\">Los brotes de br\u00f3coli pueden ser <em data-start=\"159\" data-end=\"167\">dif\u00edcil<\/em> \u00a1para crecer y cosechar! Las diminutas ra\u00edces de telara\u00f1a se deslizan a trav\u00e9s de la bandeja y se atascan cuando intentas cosechar.<\/p>\n<p data-start=\"256\" data-end=\"365\">Por eso creamos el <strong data-start=\"282\" data-end=\"307\">Malla para Bandeja de Br\u00f3coli AutoSprout\u2122<\/strong> \u2014 un complemento simple pero potente que resuelve el problema.<\/p>\n<p data-start=\"367\" data-end=\"573\"><strong>\u2705 <\/strong>Simplemente col\u00f3calo encima de tus bandejas existentes y cultiva como de costumbre<\/p>\n<p data-start=\"367\" data-end=\"573\">\u2705 Hace que la cosecha sea limpia y sin esfuerzo<\/p>\n<p data-start=\"367\" data-end=\"573\">\u2705 El flujo de aire y drenaje sigue siendo igual de bueno<\/p>\n<h2 data-start=\"288\" data-end=\"516\"><strong>Mira nuestro video de demostraci\u00f3n a continuaci\u00f3n<\/strong><\/h2>\n<p><iframe title=\"La forma m\u00e1s f\u00e1cil de cultivar brotes de br\u00f3coli en casa #shorts\" width=\"563\" height=\"1000\" src=\"https:\/\/www.youtube.com\/embed\/VJO3E7qMr7Y?feature=oembed\" frameborder=\"0\" allow=\"accelerometer; autoplay; clipboard-write; encrypted-media; gyroscope; picture-in-picture; web-share\" referrerpolicy=\"strict-origin-when-cross-origin\" allowfullscreen><\/iframe><\/p>","protected":false},"excerpt":{"rendered":"<p>Essential add-on for growing broccoli sprouts. Broccoli sprouts can be tricky to grow and harvest! Tiny cobweb roots slip through the tray and get stuck when you try to harvest. That\u2019s why we created the AutoSprout\u2122 Broccoli Tray Mesh \u2014 a simple but powerful add-on that solves the problem. \u2705 Just place it on top [&hellip;]<\/p>\n","protected":false},"featured_media":6105,"comment_status":"open","ping_status":"closed","template":"","meta":{"_crdt_document":"","advanced_seo_description":"","jetpack_seo_html_title":"","jetpack_seo_noindex":false},"product_brand":[],"product_cat":[1378],"product_tag":[1415],"class_list":{"0":"post-5806","1":"product","2":"type-product","3":"status-publish","4":"has-post-thumbnail","6":"product_cat-sprouting","7":"product_tag-autosprout-tray","8":"product_shipping_class-flat-rate","10":"first","11":"instock","12":"taxable","13":"shipping-taxable","14":"purchasable","15":"product-type-simple"},"exclude_global_add_ons":[],"addons":[],"jetpack_sharing_enabled":true,"jetpack_likes_enabled":false,"jetpack-related-posts":[{"id":25,"url":"https:\/\/agriris.com\/es\/product\/autosprout-tray\/","url_meta":{"origin":5806,"position":0},"title":"Bandeja AutoSprout","author":"Eirik Fure Stensrud","date":"octubre 11, 2023","format":false,"excerpt":"Bandeja de brotaci\u00f3n para tu AutoSprout \ud83c\udf00 Dos tama\u00f1os de orificio: elija entre orificios grandes de 2 mm y orificios peque\u00f1os de 1,2 mm para adaptarse a una variedad de semillas de brotes. \ud83c\udfaf \u00bfPor qu\u00e9 bandejas diferentes? Buscamos un drenaje excelente y una cosecha sin esfuerzo. Las semillas peque\u00f1as pueden pasar por orificios grandes, mientras que las semillas grandes pueden...","rel":"","context":"Entrada similar","block_context":{"text":"Entrada similar","link":""},"img":{"alt_text":"","src":"https:\/\/i0.wp.com\/agriris.com\/wp-content\/uploads\/2023\/10\/tray-with-raddish.png?fit=1200%2C1200&ssl=1&resize=350%2C200","width":350,"height":200,"srcset":"https:\/\/i0.wp.com\/agriris.com\/wp-content\/uploads\/2023\/10\/tray-with-raddish.png?fit=1200%2C1200&ssl=1&resize=350%2C200 1x, https:\/\/i0.wp.com\/agriris.com\/wp-content\/uploads\/2023\/10\/tray-with-raddish.png?fit=1200%2C1200&ssl=1&resize=525%2C300 1.5x, https:\/\/i0.wp.com\/agriris.com\/wp-content\/uploads\/2023\/10\/tray-with-raddish.png?fit=1200%2C1200&ssl=1&resize=700%2C400 2x, https:\/\/i0.wp.com\/agriris.com\/wp-content\/uploads\/2023\/10\/tray-with-raddish.png?fit=1200%2C1200&ssl=1&resize=1050%2C600 3x"},"classes":[]},{"id":4761,"url":"https:\/\/agriris.com\/es\/product\/autosprout\/","url_meta":{"origin":5806,"position":1},"title":"AutoSprout\u24b9","author":"Eirik Fure Stensrud","date":"enero 22, 2025","format":false,"excerpt":"Primera m\u00e1quina germinadora autom\u00e1tica del mundo 100% | Cultive 500 gramos en 2-6 d\u00edas | Riego por nebulizaci\u00f3n | Iluminaci\u00f3n inteligente | Limpieza sin esfuerzo | Dise\u00f1o ecol\u00f3gico | Curso y eBook","rel":"","context":"Entrada similar","block_context":{"text":"Entrada similar","link":""},"img":{"alt_text":"","src":"https:\/\/i0.wp.com\/agriris.com\/wp-content\/uploads\/2025\/01\/openart-image_bpOKdvjr_1765873925269_raw.png?fit=1152%2C896&ssl=1&resize=350%2C200","width":350,"height":200,"srcset":"https:\/\/i0.wp.com\/agriris.com\/wp-content\/uploads\/2025\/01\/openart-image_bpOKdvjr_1765873925269_raw.png?fit=1152%2C896&ssl=1&resize=350%2C200 1x, https:\/\/i0.wp.com\/agriris.com\/wp-content\/uploads\/2025\/01\/openart-image_bpOKdvjr_1765873925269_raw.png?fit=1152%2C896&ssl=1&resize=525%2C300 1.5x, https:\/\/i0.wp.com\/agriris.com\/wp-content\/uploads\/2025\/01\/openart-image_bpOKdvjr_1765873925269_raw.png?fit=1152%2C896&ssl=1&resize=700%2C400 2x, https:\/\/i0.wp.com\/agriris.com\/wp-content\/uploads\/2025\/01\/openart-image_bpOKdvjr_1765873925269_raw.png?fit=1152%2C896&ssl=1&resize=1050%2C600 3x"},"classes":[]},{"id":24,"url":"https:\/\/agriris.com\/es\/product\/autosprout-premium\/","url_meta":{"origin":5806,"position":2},"title":"AutoSprout Premium","author":"Eirik Fure Stensrud","date":"octubre 11, 2023","format":false,"excerpt":"La primera m\u00e1quina autom\u00e1tica de brotes 100% del mundo | Cultiva 500 gramos en 2-6 d\u00edas | Riego por nebulizaci\u00f3n | Iluminaci\u00f3n inteligente | Limpieza sin esfuerzo | Dise\u00f1o ecol\u00f3gico | Gu\u00edas completas","rel":"","context":"Entrada similar","block_context":{"text":"Entrada similar","link":""},"img":{"alt_text":"","src":"https:\/\/i0.wp.com\/agriris.com\/wp-content\/uploads\/2023\/10\/AutoSprout-Premium.jpg?fit=1128%2C1128&ssl=1&resize=350%2C200","width":350,"height":200,"srcset":"https:\/\/i0.wp.com\/agriris.com\/wp-content\/uploads\/2023\/10\/AutoSprout-Premium.jpg?fit=1128%2C1128&ssl=1&resize=350%2C200 1x, https:\/\/i0.wp.com\/agriris.com\/wp-content\/uploads\/2023\/10\/AutoSprout-Premium.jpg?fit=1128%2C1128&ssl=1&resize=525%2C300 1.5x, https:\/\/i0.wp.com\/agriris.com\/wp-content\/uploads\/2023\/10\/AutoSprout-Premium.jpg?fit=1128%2C1128&ssl=1&resize=700%2C400 2x, https:\/\/i0.wp.com\/agriris.com\/wp-content\/uploads\/2023\/10\/AutoSprout-Premium.jpg?fit=1128%2C1128&ssl=1&resize=1050%2C600 3x"},"classes":[]},{"id":4723,"url":"https:\/\/agriris.com\/es\/product\/the-power-of-sprouts-a-3-step-guide-to-grow-and-eat-them-everyday\/","url_meta":{"origin":5806,"position":3},"title":"El Poder de los Brotes (ebook)","author":"Eirik Fure Stensrud","date":"enero 10, 2025","format":false,"excerpt":"Conozca los beneficios para la salud de los brotes con la gu\u00eda definitiva de Anniken &amp; Eirik Fure Stensrud para germinar, El poder de los brotes: una gu\u00eda de 3 pasos para cultivarlos y comerlos todos los d\u00edas. Este libro electr\u00f3nico est\u00e1 dirigido a cualquiera que busque mejorar su bienestar a trav\u00e9s del incre\u00edble poder de los brotes, las peque\u00f1as centrales nutricionales de la naturaleza...","rel":"","context":"Entrada similar","block_context":{"text":"Entrada similar","link":""},"img":{"alt_text":"","src":"https:\/\/i0.wp.com\/agriris.com\/wp-content\/uploads\/2025\/01\/Beige-New-Product-Mockup-Now-Available-Facebook-Post-1.png?fit=940%2C788&ssl=1&resize=350%2C200","width":350,"height":200,"srcset":"https:\/\/i0.wp.com\/agriris.com\/wp-content\/uploads\/2025\/01\/Beige-New-Product-Mockup-Now-Available-Facebook-Post-1.png?fit=940%2C788&ssl=1&resize=350%2C200 1x, https:\/\/i0.wp.com\/agriris.com\/wp-content\/uploads\/2025\/01\/Beige-New-Product-Mockup-Now-Available-Facebook-Post-1.png?fit=940%2C788&ssl=1&resize=525%2C300 1.5x, https:\/\/i0.wp.com\/agriris.com\/wp-content\/uploads\/2025\/01\/Beige-New-Product-Mockup-Now-Available-Facebook-Post-1.png?fit=940%2C788&ssl=1&resize=700%2C400 2x"},"classes":[]},{"id":5319,"url":"https:\/\/agriris.com\/es\/product\/growhealth-starter-bundle\/","url_meta":{"origin":5806,"position":4},"title":"Pack Inicial GrowHealth","author":"Eirik Fure Stensrud","date":"octubre 16, 2025","format":false,"excerpt":"El Paquete Inicial GrowHealth\u2122 te ofrece la experiencia educativa completa: acceso de por vida al programa GrowHealth\u2122, los tres complementos de aprendizaje (GI-MAP, HTMA y DNA Core), y tres llamadas educativas 1:1 con nuestro equipo. Aprende a comprender tu intestino, energ\u00eda y patrones gen\u00e9ticos a trav\u00e9s de lecciones estructuradas, herramientas de aprendizaje basadas en datos, soporte de IA\u2026","rel":"","context":"Entrada similar","block_context":{"text":"Entrada similar","link":""},"img":{"alt_text":"","src":"https:\/\/i0.wp.com\/agriris.com\/wp-content\/uploads\/2025\/10\/GrowHealth-Starter-Bundle.png?fit=1080%2C1080&ssl=1&resize=350%2C200","width":350,"height":200,"srcset":"https:\/\/i0.wp.com\/agriris.com\/wp-content\/uploads\/2025\/10\/GrowHealth-Starter-Bundle.png?fit=1080%2C1080&ssl=1&resize=350%2C200 1x, https:\/\/i0.wp.com\/agriris.com\/wp-content\/uploads\/2025\/10\/GrowHealth-Starter-Bundle.png?fit=1080%2C1080&ssl=1&resize=525%2C300 1.5x, https:\/\/i0.wp.com\/agriris.com\/wp-content\/uploads\/2025\/10\/GrowHealth-Starter-Bundle.png?fit=1080%2C1080&ssl=1&resize=700%2C400 2x, https:\/\/i0.wp.com\/agriris.com\/wp-content\/uploads\/2025\/10\/GrowHealth-Starter-Bundle.png?fit=1080%2C1080&ssl=1&resize=1050%2C600 3x"},"classes":[]},{"id":5578,"url":"https:\/\/agriris.com\/es\/product\/growhealth-gi-map\/","url_meta":{"origin":5806,"position":5},"title":"GrowHealth GI MAP Complementario","author":"Eirik Fure Stensrud","date":"octubre 17, 2025","format":false,"excerpt":"El Complemento de Aprendizaje GI-MAP de GrowHealth\u2122 te ayuda a profundizar en el M\u00f3dulo Intestinal de GrowHealth\u2122 utilizando tus propios resultados de GI-MAP como herramienta de aprendizaje. Aprender\u00e1s a aplicar el marco 5R para comprender tu digesti\u00f3n, microbioma y patrones de estilo de vida a trav\u00e9s de lecciones estructuradas, soporte de IA y orientaci\u00f3n educativa 1:1 en nuestra...","rel":"","context":"Entrada similar","block_context":{"text":"Entrada similar","link":""},"img":{"alt_text":"","src":"https:\/\/i0.wp.com\/agriris.com\/wp-content\/uploads\/2025\/10\/Copy-of-GrowHealth-Starter-Bundle-1.png?fit=1080%2C1080&ssl=1&resize=350%2C200","width":350,"height":200,"srcset":"https:\/\/i0.wp.com\/agriris.com\/wp-content\/uploads\/2025\/10\/Copy-of-GrowHealth-Starter-Bundle-1.png?fit=1080%2C1080&ssl=1&resize=350%2C200 1x, https:\/\/i0.wp.com\/agriris.com\/wp-content\/uploads\/2025\/10\/Copy-of-GrowHealth-Starter-Bundle-1.png?fit=1080%2C1080&ssl=1&resize=525%2C300 1.5x, https:\/\/i0.wp.com\/agriris.com\/wp-content\/uploads\/2025\/10\/Copy-of-GrowHealth-Starter-Bundle-1.png?fit=1080%2C1080&ssl=1&resize=700%2C400 2x, https:\/\/i0.wp.com\/agriris.com\/wp-content\/uploads\/2025\/10\/Copy-of-GrowHealth-Starter-Bundle-1.png?fit=1080%2C1080&ssl=1&resize=1050%2C600 3x"},"classes":[]}],"_links":{"self":[{"href":"https:\/\/agriris.com\/es\/wp-json\/wp\/v2\/product\/5806","targetHints":{"allow":["GET"]}}],"collection":[{"href":"https:\/\/agriris.com\/es\/wp-json\/wp\/v2\/product"}],"about":[{"href":"https:\/\/agriris.com\/es\/wp-json\/wp\/v2\/types\/product"}],"replies":[{"embeddable":true,"href":"https:\/\/agriris.com\/es\/wp-json\/wp\/v2\/comments?post=5806"}],"version-history":[{"count":14,"href":"https:\/\/agriris.com\/es\/wp-json\/wp\/v2\/product\/5806\/revisions"}],"predecessor-version":[{"id":6117,"href":"https:\/\/agriris.com\/es\/wp-json\/wp\/v2\/product\/5806\/revisions\/6117"}],"wp:featuredmedia":[{"embeddable":true,"href":"https:\/\/agriris.com\/es\/wp-json\/wp\/v2\/media\/6105"}],"wp:attachment":[{"href":"https:\/\/agriris.com\/es\/wp-json\/wp\/v2\/media?parent=5806"}],"wp:term":[{"taxonomy":"product_brand","embeddable":true,"href":"https:\/\/agriris.com\/es\/wp-json\/wp\/v2\/product_brand?post=5806"},{"taxonomy":"product_cat","embeddable":true,"href":"https:\/\/agriris.com\/es\/wp-json\/wp\/v2\/product_cat?post=5806"},{"taxonomy":"product_tag","embeddable":true,"href":"https:\/\/agriris.com\/es\/wp-json\/wp\/v2\/product_tag?post=5806"}],"curies":[{"name":"wp","href":"https:\/\/api.w.org\/{rel}","templated":true}]}}