{"id":24,"date":"2023-10-11T09:58:06","date_gmt":"2023-10-11T07:58:06","guid":{"rendered":"https:\/\/agriris.com\/?p=24"},"modified":"2025-05-22T13:18:28","modified_gmt":"2025-05-22T11:18:28","slug":"autosprout-premium","status":"publish","type":"product","link":"https:\/\/agriris.com\/es\/product\/autosprout-premium\/","title":{"rendered":"AutoSprout Premium"},"content":{"rendered":"<div id=\"KXsSSnoYS1\" data-component=\"text\">\n<div class=\"kartra_text kartra_text--dim-grey kartra_text--extra-small kartra_text--margin-bottom-special-medium\" aria-controls=\"cke_24695\" aria-activedescendant=\"\" aria-autocomplete=\"list\" aria-expanded=\"false\">\n<p>La\u00a0<strong>el primero del mundo<\/strong>\u00a0germinador autom\u00e1tico que cultiva 500 gramos (1.10 lbs) de brotes frescos y antiinflamatorios en solo 2-6 d\u00edas, y\u00a0<strong>lo trabaja por ti<\/strong>.<\/p>\n<\/div>\n<p>\ud83d\udebf <strong>Riego nebulizado optimizado<\/strong>Dise\u00f1ado con precisi\u00f3n para un crecimiento m\u00e1ximo, el AutoSprout cuenta con un sistema de riego por nebulizaci\u00f3n que garantiza que tus semillas se enjuaguen e hidraten a la perfecci\u00f3n.<\/p>\n<p>Barril <strong>Sistema de Doble Tanque de Agua<\/strong>Con compartimentos separados para el agua residual y el agua dulce, sus brotes solo estar\u00e1n en contacto con agua limpia, eliminando eficazmente el riesgo de moho y contaminaci\u00f3n bacteriana.<\/p>\n<p>\ud83d\udca1 <strong>Iluminaci\u00f3n Inteligente<\/strong>: Sistema de iluminaci\u00f3n que se enciende exactamente cuando tus brotes lo necesitan, garantizando verdor y un sabor delicioso.<\/p>\n<p>\ud83e\uddfc <strong>Limpieza sin esfuerzo<\/strong>Cada cent\u00edmetro del AutoSprout ha sido dise\u00f1ado pensando en su conveniencia. La limpieza es muy sencilla, lo que garantiza tanto la longevidad de su m\u00e1quina como la seguridad de sus brotes.<\/p>\n<p>\ud83c\udf31 <strong>2 tama\u00f1os de agujero para bandeja de germinaci\u00f3n<\/strong>Ya sea que est\u00e9 cultivando semillas m\u00e1s grandes como r\u00e1banos y lentejas, o semillas m\u00e1s peque\u00f1as como br\u00f3coli y alfalfa, nuestras bandejas lo cubren con orificios de 2 mm y 1,2 mm, respectivamente.<\/p>\n<p>\ud83d\udee0\ufe0f <strong>Calidad Premium<\/strong>Hecho de acero inoxidable de primera calidad y vidrio templado, el AutoSprout no solo est\u00e1 construido para durar, sino que tambi\u00e9n est\u00e1 dise\u00f1ado para un f\u00e1cil autoservicio en caso de reemplazo de piezas.<\/p>\n<p>\ud83c\udf0e <strong>Dise\u00f1o Eco-Consciente<\/strong>Operando a bajos 12V, el AutoSprout es tan respetuoso con el medio ambiente como eficiente.<\/p>\n<p>\ud83d\udcd8 <strong>\u201cEl Poder de los Brotes\u201d<\/strong>: Su compra incluye nuestro eBook <em>\u201cEl Poder de los Brotes\u201d<\/em>\u00a0 proporcion\u00e1ndote todo el conocimiento que necesitas sobre la germinaci\u00f3n.<\/p>\n<p>\ud83e\udd1d<strong>\u00a0Comunidad<\/strong>\u00danete a una vibrante comunidad de entusiastas de alimentos funcionales con ideas afines, todos dedicados a mejorar su salud y compartir su trayectoria.<\/p>\n<\/div>","protected":false},"excerpt":{"rendered":"<div id=\"KXsSSnoYS1\" data-component=\"text\">\n<div class=\"kartra_text kartra_text--dim-grey kartra_text--extra-small kartra_text--margin-bottom-special-medium\" aria-controls=\"cke_24695\" aria-activedescendant=\"\" aria-autocomplete=\"list\" aria-expanded=\"false\">\n<div class=\"kartra_text kartra_text--dim-grey kartra_text--extra-small kartra_text--margin-bottom-special-medium\" aria-controls=\"cke_24695\" aria-activedescendant=\"\" aria-autocomplete=\"list\" aria-expanded=\"false\">\n<p><strong>El primero del mundo<\/strong> <strong>100% m\u00e1quina de germinaci\u00f3n autom\u00e1tica<\/strong> | Cultiva 500 gramos en 2-6 d\u00edas | Riego por Nebulizaci\u00f3n | Iluminaci\u00f3n Inteligente | Limpieza sin Esfuerzo | Dise\u00f1o Ecol\u00f3gico | Gu\u00edas Completas<\/p>\n<\/div>\n<\/div>\n<\/div>","protected":false},"featured_media":4885,"comment_status":"open","ping_status":"closed","template":"","meta":{"_crdt_document":"","advanced_seo_description":"","jetpack_seo_html_title":"","jetpack_seo_noindex":false},"product_brand":[],"product_cat":[1378],"product_tag":[1414],"class_list":{"0":"post-24","1":"product","2":"type-product","3":"status-publish","4":"has-post-thumbnail","6":"product_cat-sprouting","7":"product_tag-autosprout","8":"product_shipping_class-free-shipping","10":"first","11":"outofstock","12":"taxable","13":"shipping-taxable","14":"purchasable","15":"product-type-simple"},"exclude_global_add_ons":false,"addons":[{"name":"Personaliza tu configuraci\u00f3n","type":"checkbox","position":0,"required":false,"title_format":"hide","default":"","description_enable":true,"description":"La mayor\u00eda de los clientes a\u00f1aden bandejas adicionales para mayor flexibilidad (se incluyen 1 de malla + 1 peque\u00f1a + 1 grande por defecto).","placeholder_enable":false,"placeholder":"","display":"select","restrictions_type":"any_text","adjust_price":false,"price":"","price_type":"flat_fee","restrictions":false,"min":"0","max":"0","options":[{"label":"+1 fine mesh","price":"69","price_type":"flat_fee","image":0,"visibility":true},{"label":"+1 tray for small sprouts","price":"149","price_type":"flat_fee","image":0,"visibility":true},{"label":"+1 tray for large sprouts","price":"149","price_type":"flat_fee","image":0,"visibility":true}],"id":1766054411}],"jetpack_sharing_enabled":true,"jetpack_likes_enabled":false,"jetpack-related-posts":[{"id":4761,"url":"https:\/\/agriris.com\/es\/product\/autosprout\/","url_meta":{"origin":24,"position":0},"title":"AutoSprout\u24b9","author":"Eirik Fure Stensrud","date":"enero 22, 2025","format":false,"excerpt":"Primera m\u00e1quina germinadora autom\u00e1tica del mundo 100% | Cultive 500 gramos en 2-6 d\u00edas | Riego por nebulizaci\u00f3n | Iluminaci\u00f3n inteligente | Limpieza sin esfuerzo | Dise\u00f1o ecol\u00f3gico | Curso y eBook","rel":"","context":"Entrada similar","block_context":{"text":"Entrada similar","link":""},"img":{"alt_text":"","src":"https:\/\/i0.wp.com\/agriris.com\/wp-content\/uploads\/2025\/01\/openart-image_bpOKdvjr_1765873925269_raw.png?fit=1152%2C896&ssl=1&resize=350%2C200","width":350,"height":200,"srcset":"https:\/\/i0.wp.com\/agriris.com\/wp-content\/uploads\/2025\/01\/openart-image_bpOKdvjr_1765873925269_raw.png?fit=1152%2C896&ssl=1&resize=350%2C200 1x, https:\/\/i0.wp.com\/agriris.com\/wp-content\/uploads\/2025\/01\/openart-image_bpOKdvjr_1765873925269_raw.png?fit=1152%2C896&ssl=1&resize=525%2C300 1.5x, https:\/\/i0.wp.com\/agriris.com\/wp-content\/uploads\/2025\/01\/openart-image_bpOKdvjr_1765873925269_raw.png?fit=1152%2C896&ssl=1&resize=700%2C400 2x, https:\/\/i0.wp.com\/agriris.com\/wp-content\/uploads\/2025\/01\/openart-image_bpOKdvjr_1765873925269_raw.png?fit=1152%2C896&ssl=1&resize=1050%2C600 3x"},"classes":[]},{"id":5806,"url":"https:\/\/agriris.com\/es\/product\/autosprout-mesh\/","url_meta":{"origin":24,"position":1},"title":"Bandeja de malla para brotes de br\u00f3coli AutoSprout","author":"Eirik Fure Stensrud","date":"septiembre 10, 2025","format":false,"excerpt":"Accesorio esencial para cultivar brotes de br\u00f3coli. \u00a1Los brotes de br\u00f3coli pueden ser dif\u00edciles de cultivar y cosechar! Las diminutas ra\u00edces como telara\u00f1as se escapan por la bandeja y se atascan cuando intentas cosechar. Por eso creamos la Malla para Bandeja de Br\u00f3coli AutoSprout\u2122: un accesorio simple pero potente que resuelve el problema. \u2705\u2026","rel":"","context":"Entrada similar","block_context":{"text":"Entrada similar","link":""},"img":{"alt_text":"","src":"https:\/\/i0.wp.com\/agriris.com\/wp-content\/uploads\/2025\/09\/IMG_1004.jpg?fit=1200%2C900&ssl=1&resize=350%2C200","width":350,"height":200,"srcset":"https:\/\/i0.wp.com\/agriris.com\/wp-content\/uploads\/2025\/09\/IMG_1004.jpg?fit=1200%2C900&ssl=1&resize=350%2C200 1x, https:\/\/i0.wp.com\/agriris.com\/wp-content\/uploads\/2025\/09\/IMG_1004.jpg?fit=1200%2C900&ssl=1&resize=525%2C300 1.5x, https:\/\/i0.wp.com\/agriris.com\/wp-content\/uploads\/2025\/09\/IMG_1004.jpg?fit=1200%2C900&ssl=1&resize=700%2C400 2x, https:\/\/i0.wp.com\/agriris.com\/wp-content\/uploads\/2025\/09\/IMG_1004.jpg?fit=1200%2C900&ssl=1&resize=1050%2C600 3x"},"classes":[]},{"id":25,"url":"https:\/\/agriris.com\/es\/product\/autosprout-tray\/","url_meta":{"origin":24,"position":2},"title":"Bandeja AutoSprout","author":"Eirik Fure Stensrud","date":"octubre 11, 2023","format":false,"excerpt":"Bandeja de brotaci\u00f3n para tu AutoSprout \ud83c\udf00 Dos tama\u00f1os de orificio: elija entre orificios grandes de 2 mm y orificios peque\u00f1os de 1,2 mm para adaptarse a una variedad de semillas de brotes. \ud83c\udfaf \u00bfPor qu\u00e9 bandejas diferentes? Buscamos un drenaje excelente y una cosecha sin esfuerzo. Las semillas peque\u00f1as pueden pasar por orificios grandes, mientras que las semillas grandes pueden...","rel":"","context":"Entrada similar","block_context":{"text":"Entrada similar","link":""},"img":{"alt_text":"","src":"https:\/\/i0.wp.com\/agriris.com\/wp-content\/uploads\/2023\/10\/tray-with-raddish.png?fit=1200%2C1200&ssl=1&resize=350%2C200","width":350,"height":200,"srcset":"https:\/\/i0.wp.com\/agriris.com\/wp-content\/uploads\/2023\/10\/tray-with-raddish.png?fit=1200%2C1200&ssl=1&resize=350%2C200 1x, https:\/\/i0.wp.com\/agriris.com\/wp-content\/uploads\/2023\/10\/tray-with-raddish.png?fit=1200%2C1200&ssl=1&resize=525%2C300 1.5x, https:\/\/i0.wp.com\/agriris.com\/wp-content\/uploads\/2023\/10\/tray-with-raddish.png?fit=1200%2C1200&ssl=1&resize=700%2C400 2x, https:\/\/i0.wp.com\/agriris.com\/wp-content\/uploads\/2023\/10\/tray-with-raddish.png?fit=1200%2C1200&ssl=1&resize=1050%2C600 3x"},"classes":[]},{"id":4723,"url":"https:\/\/agriris.com\/es\/product\/the-power-of-sprouts-a-3-step-guide-to-grow-and-eat-them-everyday\/","url_meta":{"origin":24,"position":3},"title":"El Poder de los Brotes (ebook)","author":"Eirik Fure Stensrud","date":"enero 10, 2025","format":false,"excerpt":"Conozca los beneficios para la salud de los brotes con la gu\u00eda definitiva de Anniken &amp; Eirik Fure Stensrud para germinar, El poder de los brotes: una gu\u00eda de 3 pasos para cultivarlos y comerlos todos los d\u00edas. Este libro electr\u00f3nico est\u00e1 dirigido a cualquiera que busque mejorar su bienestar a trav\u00e9s del incre\u00edble poder de los brotes, las peque\u00f1as centrales nutricionales de la naturaleza...","rel":"","context":"Entrada similar","block_context":{"text":"Entrada similar","link":""},"img":{"alt_text":"","src":"https:\/\/i0.wp.com\/agriris.com\/wp-content\/uploads\/2025\/01\/Beige-New-Product-Mockup-Now-Available-Facebook-Post-1.png?fit=940%2C788&ssl=1&resize=350%2C200","width":350,"height":200,"srcset":"https:\/\/i0.wp.com\/agriris.com\/wp-content\/uploads\/2025\/01\/Beige-New-Product-Mockup-Now-Available-Facebook-Post-1.png?fit=940%2C788&ssl=1&resize=350%2C200 1x, https:\/\/i0.wp.com\/agriris.com\/wp-content\/uploads\/2025\/01\/Beige-New-Product-Mockup-Now-Available-Facebook-Post-1.png?fit=940%2C788&ssl=1&resize=525%2C300 1.5x, https:\/\/i0.wp.com\/agriris.com\/wp-content\/uploads\/2025\/01\/Beige-New-Product-Mockup-Now-Available-Facebook-Post-1.png?fit=940%2C788&ssl=1&resize=700%2C400 2x"},"classes":[]}],"_links":{"self":[{"href":"https:\/\/agriris.com\/es\/wp-json\/wp\/v2\/product\/24","targetHints":{"allow":["GET"]}}],"collection":[{"href":"https:\/\/agriris.com\/es\/wp-json\/wp\/v2\/product"}],"about":[{"href":"https:\/\/agriris.com\/es\/wp-json\/wp\/v2\/types\/product"}],"replies":[{"embeddable":true,"href":"https:\/\/agriris.com\/es\/wp-json\/wp\/v2\/comments?post=24"}],"version-history":[{"count":4,"href":"https:\/\/agriris.com\/es\/wp-json\/wp\/v2\/product\/24\/revisions"}],"predecessor-version":[{"id":88,"href":"https:\/\/agriris.com\/es\/wp-json\/wp\/v2\/product\/24\/revisions\/88"}],"wp:featuredmedia":[{"embeddable":true,"href":"https:\/\/agriris.com\/es\/wp-json\/wp\/v2\/media\/4885"}],"wp:attachment":[{"href":"https:\/\/agriris.com\/es\/wp-json\/wp\/v2\/media?parent=24"}],"wp:term":[{"taxonomy":"product_brand","embeddable":true,"href":"https:\/\/agriris.com\/es\/wp-json\/wp\/v2\/product_brand?post=24"},{"taxonomy":"product_cat","embeddable":true,"href":"https:\/\/agriris.com\/es\/wp-json\/wp\/v2\/product_cat?post=24"},{"taxonomy":"product_tag","embeddable":true,"href":"https:\/\/agriris.com\/es\/wp-json\/wp\/v2\/product_tag?post=24"}],"curies":[{"name":"wp","href":"https:\/\/api.w.org\/{rel}","templated":true}]}}