{"id":4761,"date":"2025-01-22T11:53:13","date_gmt":"2025-01-22T10:53:13","guid":{"rendered":"https:\/\/agriris.com\/?post_type=product&#038;p=4761"},"modified":"2026-04-24T15:07:36","modified_gmt":"2026-04-24T13:07:36","slug":"autosprout","status":"publish","type":"product","link":"https:\/\/agriris.com\/dk\/product\/autosprout\/","title":{"rendered":"AutoSprout\u24b9"},"content":{"rendered":"<div id=\"KXsSSnoYS1\" data-component=\"text\">\n<div class=\"kartra_text kartra_text--dim-grey kartra_text--extra-small kartra_text--margin-bottom-special-medium\" aria-controls=\"cke_24695\" aria-activedescendant=\"\" aria-autocomplete=\"list\" aria-expanded=\"false\">\n<div class=\"page\" title=\"Side 1\">\n<div class=\"section\">\n<div class=\"layoutArea\">\n<div class=\"column\">\n<div class=\"elementor-element elementor-element-a8155ba elementor-widget elementor-widget-text-editor\" data-id=\"a8155ba\" data-element_type=\"widget\" data-widget_type=\"text-editor.default\">\n<div class=\"elementor-widget-container\">\n<div class=\"kartra_text kartra_text--dim-grey kartra_text--extra-small kartra_text--margin-bottom-special-medium\" aria-controls=\"cke_24695\" aria-activedescendant=\"\" aria-autocomplete=\"list\" aria-expanded=\"false\">\n<div class=\"page\" title=\"Side 1\">\n<div class=\"section\">\n<div class=\"layoutArea\">\n<div class=\"column\">\n<h1>Friske spirer \u2013 automatisk p\u00e5 2\u20136 dage.<\/h1>\n<\/div>\n<\/div>\n<\/div>\n<\/div>\n<\/div>\n<\/div>\n<\/div>\n<div class=\"elementor-element elementor-element-9c71101 elementor-widget elementor-widget-text-editor\" data-id=\"9c71101\" data-element_type=\"widget\" data-widget_type=\"text-editor.default\">\n<div class=\"elementor-widget-container\">\n<p><span data-start=\"1386\" data-end=\"1448\"><b>Verdens eneste spiremaskine, der g\u00f8r arbejdet for dig.<\/b><\/span><\/p>\n<\/div>\n<\/div>\n<div class=\"elementor-element elementor-element-f23b749 elementor-icon-list--layout-traditional elementor-list-item-link-full_width elementor-widget elementor-widget-icon-list\" data-id=\"f23b749\" data-element_type=\"widget\" data-widget_type=\"icon-list.default\">\n<div class=\"elementor-widget-container\">\n<ul class=\"elementor-icon-list-items\">\n<li class=\"elementor-icon-list-item\"><i class=\"far fa-clock\" aria-hidden=\"true\"><\/i><span class=\"elementor-icon-list-text\"><b>S\u00e6t &amp; Glem Automatisering<\/b>\u00a0\u2013 Dine spirer vandes og vokser af sig selv p\u00e5 3-6 dage.<\/span><\/li>\n<li class=\"elementor-icon-list-item\"><i class=\"fas fa-hand-holding-heart\" aria-hidden=\"true\"><\/i><span class=\"elementor-icon-list-text\"><b>N\u00e6ringsstoft\u00e6tte superfoods<\/b>\u00a0\u2013 Dyrk broccoli, lucerne, mungb\u00f8nner &amp; mere<\/span><\/li>\n<li class=\"elementor-icon-list-item\"><i class=\"fas fa-water\" aria-hidden=\"true\"><\/i><span class=\"elementor-icon-list-text\"><b>Let at reng\u00f8re<\/b>\u00a0\u2013 2 bakker i rustfrit st\u00e5l + spildevandsadskillelse holder din mad sikker.<\/span><\/li>\n<li class=\"elementor-icon-list-item\"><i class=\"fas fa-globe-africa\" aria-hidden=\"true\"><\/i><span class=\"elementor-icon-list-text\"><b>Lavt energiforbrug<\/b>\u00a0\u2013 K\u00f8rer p\u00e5 kun 12V \u2013 milj\u00f8venlig og effektiv.<\/span><\/li>\n<li class=\"elementor-icon-list-item\"><i class=\"fas fa-handshake\" aria-hidden=\"true\"><\/i><span class=\"elementor-icon-list-text\"><b>Livstidsadgang<\/b>\u00a0til vores kundef\u00e6llesskab<\/span><\/li>\n<li class=\"elementor-icon-list-item\"><i class=\"fas fa-book\" aria-hidden=\"true\"><\/i><span class=\"elementor-icon-list-text\"><b><i>Kraften i Spirer e-bog<\/i><\/b>\u00a0&amp; GrowFood kursus<\/span><\/li>\n<\/ul>\n<\/div>\n<\/div>\n<\/div>\n<\/div>\n<\/div>\n<\/div>\n<\/div>\n<\/div>","protected":false},"excerpt":{"rendered":"<div id=\"KXsSSnoYS1\" data-component=\"text\">\n<div class=\"kartra_text kartra_text--dim-grey kartra_text--extra-small kartra_text--margin-bottom-special-medium\" aria-controls=\"cke_24695\" aria-activedescendant=\"\" aria-autocomplete=\"list\" aria-expanded=\"false\">\n<div class=\"kartra_text kartra_text--dim-grey kartra_text--extra-small kartra_text--margin-bottom-special-medium\" aria-controls=\"cke_24695\" aria-activedescendant=\"\" aria-autocomplete=\"list\" aria-expanded=\"false\">\n<p><strong>Verdens f\u00f8rste<\/strong> <strong>100% automatisk spiremaskine<\/strong> | Dyrk 500 gram p\u00e5 2-6 dage | T\u00e5geforst\u00f8veranl\u00e6g | Intelligent Belysning | Nem Reng\u00f8ring | Milj\u00f8venligt Design | Kursus &amp; E-bog<\/p>\n<\/div>\n<\/div>\n<\/div>","protected":false},"featured_media":6412,"comment_status":"closed","ping_status":"closed","template":"","meta":{"_crdt_document":"","advanced_seo_description":"","jetpack_seo_html_title":"","jetpack_seo_noindex":false},"product_brand":[],"product_cat":[1378],"product_tag":[1472],"class_list":{"0":"post-4761","1":"product","2":"type-product","3":"status-publish","4":"has-post-thumbnail","6":"product_cat-sprouting","7":"product_tag-autosprout-light","8":"product_shipping_class-autosprout","10":"first","11":"instock","12":"taxable","13":"shipping-taxable","14":"purchasable","15":"product-type-simple"},"exclude_global_add_ons":false,"addons":[{"name":"Tilpas din ops\u00e6tning","type":"checkbox","position":0,"required":false,"title_format":"hide","default":"","description_enable":true,"description":"De fleste kunder tilf\u00f8jer ekstra bakker for \u00f8get fleksibilitet (1 net + 1 lille + 1 stor er inkluderet som standard)","placeholder_enable":false,"placeholder":"","display":"select","restrictions_type":"any_text","adjust_price":false,"price":"","price_type":"flat_fee","restrictions":false,"min":"0","max":"0","options":[{"label":"+1 fine mesh","price":"69","price_type":"flat_fee","image":0,"visibility":true},{"label":"+1 tray for small sprouts","price":"149","price_type":"flat_fee","image":0,"visibility":true},{"label":"+1 tray for large sprouts","price":"149","price_type":"flat_fee","image":0,"visibility":true}],"id":1766054411}],"jetpack_sharing_enabled":true,"jetpack_likes_enabled":false,"jetpack-related-posts":[{"id":24,"url":"https:\/\/agriris.com\/dk\/product\/autosprout-premium\/","url_meta":{"origin":4761,"position":0},"title":"AutoSprout Premium","author":"Eirik Fure Stensrud","date":"oktober 11, 2023","format":false,"excerpt":"Verdens f\u00f8rste 100% automatiske spiremaskine | Dyrk 500 gram p\u00e5 2-6 dage | T\u00e5ge vanding | Intelligent belysning | Nem reng\u00f8ring | Milj\u00f8bevidst design | Omfattende vejledninger","rel":"","context":"Similar post","block_context":{"text":"Similar post","link":""},"img":{"alt_text":"","src":"https:\/\/i0.wp.com\/agriris.com\/wp-content\/uploads\/2023\/10\/AutoSprout-Premium.jpg?fit=1128%2C1128&ssl=1&resize=350%2C200","width":350,"height":200,"srcset":"https:\/\/i0.wp.com\/agriris.com\/wp-content\/uploads\/2023\/10\/AutoSprout-Premium.jpg?fit=1128%2C1128&ssl=1&resize=350%2C200 1x, https:\/\/i0.wp.com\/agriris.com\/wp-content\/uploads\/2023\/10\/AutoSprout-Premium.jpg?fit=1128%2C1128&ssl=1&resize=525%2C300 1.5x, https:\/\/i0.wp.com\/agriris.com\/wp-content\/uploads\/2023\/10\/AutoSprout-Premium.jpg?fit=1128%2C1128&ssl=1&resize=700%2C400 2x, https:\/\/i0.wp.com\/agriris.com\/wp-content\/uploads\/2023\/10\/AutoSprout-Premium.jpg?fit=1128%2C1128&ssl=1&resize=1050%2C600 3x"},"classes":[]},{"id":4723,"url":"https:\/\/agriris.com\/dk\/product\/the-power-of-sprouts-a-3-step-guide-to-grow-and-eat-them-everyday\/","url_meta":{"origin":4761,"position":1},"title":"Kraften af Spirer (ebook)","author":"Eirik Fure Stensrud","date":"januar 10, 2025","format":false,"excerpt":"L\u00e6r om de sundhedsm\u00e6ssige fordele ved spirer med Anniken &amp; Eirik Fure Stensruds ultimative guide til at spire: The Power of Sprouts - A 3-Step Guide To Grow and Eat Them Everyday. Denne e-bog er for alle, der \u00f8nsker at forbedre deres velv\u00e6re gennem spirenes utrolige kraft \u2013 naturens sm\u00e5 ern\u00e6ringsm\u00e6ssige kraftcentre....","rel":"","context":"Similar post","block_context":{"text":"Similar post","link":""},"img":{"alt_text":"","src":"https:\/\/i0.wp.com\/agriris.com\/wp-content\/uploads\/2025\/01\/Beige-New-Product-Mockup-Now-Available-Facebook-Post-1.png?fit=940%2C788&ssl=1&resize=350%2C200","width":350,"height":200,"srcset":"https:\/\/i0.wp.com\/agriris.com\/wp-content\/uploads\/2025\/01\/Beige-New-Product-Mockup-Now-Available-Facebook-Post-1.png?fit=940%2C788&ssl=1&resize=350%2C200 1x, https:\/\/i0.wp.com\/agriris.com\/wp-content\/uploads\/2025\/01\/Beige-New-Product-Mockup-Now-Available-Facebook-Post-1.png?fit=940%2C788&ssl=1&resize=525%2C300 1.5x, https:\/\/i0.wp.com\/agriris.com\/wp-content\/uploads\/2025\/01\/Beige-New-Product-Mockup-Now-Available-Facebook-Post-1.png?fit=940%2C788&ssl=1&resize=700%2C400 2x"},"classes":[]},{"id":25,"url":"https:\/\/agriris.com\/dk\/product\/autosprout-tray\/","url_meta":{"origin":4761,"position":2},"title":"AutoSprout Bakke","author":"Eirik Fure Stensrud","date":"oktober 11, 2023","format":false,"excerpt":"Spirebakke til din AutoSprout \ud83c\udf00 To hulst\u00f8rrelser: V\u00e6lg mellem store 2 mm huller og sm\u00e5 1,2 mm huller, s\u00e5 de passer til en bred vifte af spirefr\u00f8. \ud83c\udfaf Hvorfor forskellige bakker? Vi sigter efter fremragende dr\u00e6ning og ubesv\u00e6ret h\u00f8st. Sm\u00e5 fr\u00f8 kan glide igennem store huller, mens store fr\u00f8 m\u00e5ske f\u00e5r...","rel":"","context":"Similar post","block_context":{"text":"Similar post","link":""},"img":{"alt_text":"","src":"https:\/\/i0.wp.com\/agriris.com\/wp-content\/uploads\/2023\/10\/tray-with-raddish.png?fit=1200%2C1200&ssl=1&resize=350%2C200","width":350,"height":200,"srcset":"https:\/\/i0.wp.com\/agriris.com\/wp-content\/uploads\/2023\/10\/tray-with-raddish.png?fit=1200%2C1200&ssl=1&resize=350%2C200 1x, https:\/\/i0.wp.com\/agriris.com\/wp-content\/uploads\/2023\/10\/tray-with-raddish.png?fit=1200%2C1200&ssl=1&resize=525%2C300 1.5x, https:\/\/i0.wp.com\/agriris.com\/wp-content\/uploads\/2023\/10\/tray-with-raddish.png?fit=1200%2C1200&ssl=1&resize=700%2C400 2x, https:\/\/i0.wp.com\/agriris.com\/wp-content\/uploads\/2023\/10\/tray-with-raddish.png?fit=1200%2C1200&ssl=1&resize=1050%2C600 3x"},"classes":[]},{"id":5806,"url":"https:\/\/agriris.com\/dk\/product\/autosprout-mesh\/","url_meta":{"origin":4761,"position":3},"title":"AutoSprout Broccoli Bakke Net","author":"Eirik Fure Stensrud","date":"september 10, 2025","format":false,"excerpt":"Essentielt tilbeh\u00f8r til dyrkning af broccolispirer. Broccolispirer kan v\u00e6re sv\u00e6re at dyrke og h\u00f8ste! Sm\u00e5 spindelv\u00e6vsr\u00f8dder slipper igennem bakken og s\u00e6tter sig fast, n\u00e5r du fors\u00f8ger at h\u00f8ste. Derfor har vi skabt AutoSprout\u2122 Broccoli Tray Mesh \u2013 et simpelt men effektivt tilbeh\u00f8r, der l\u00f8ser problemet. \u2705\u2026","rel":"","context":"Similar post","block_context":{"text":"Similar post","link":""},"img":{"alt_text":"","src":"https:\/\/i0.wp.com\/agriris.com\/wp-content\/uploads\/2025\/09\/IMG_1004.jpg?fit=1200%2C900&ssl=1&resize=350%2C200","width":350,"height":200,"srcset":"https:\/\/i0.wp.com\/agriris.com\/wp-content\/uploads\/2025\/09\/IMG_1004.jpg?fit=1200%2C900&ssl=1&resize=350%2C200 1x, https:\/\/i0.wp.com\/agriris.com\/wp-content\/uploads\/2025\/09\/IMG_1004.jpg?fit=1200%2C900&ssl=1&resize=525%2C300 1.5x, https:\/\/i0.wp.com\/agriris.com\/wp-content\/uploads\/2025\/09\/IMG_1004.jpg?fit=1200%2C900&ssl=1&resize=700%2C400 2x, https:\/\/i0.wp.com\/agriris.com\/wp-content\/uploads\/2025\/09\/IMG_1004.jpg?fit=1200%2C900&ssl=1&resize=1050%2C600 3x"},"classes":[]},{"id":3429,"url":"https:\/\/agriris.com\/dk\/product\/large-organic-shopping-bag\/","url_meta":{"origin":4761,"position":4},"title":"Stor \u00f8kologisk indk\u00f8bspose","author":"Eirik Fure Stensrud","date":"april 17, 2024","format":false,"excerpt":"Bliv gr\u00f8n med vores 100% \u00f8kologiske bomuldspose. Rummelig og robust, den kan rumme op til 13,6 kg dagligvarer. Bestil nu for milj\u00f8venlig shopping!","rel":"","context":"Similar post","block_context":{"text":"Similar post","link":""},"img":{"alt_text":"","src":"https:\/\/i0.wp.com\/agriris.com\/wp-content\/uploads\/2024\/04\/large-eco-tote-black-front-661fd0885fbfb.jpg?fit=1200%2C1200&ssl=1&resize=350%2C200","width":350,"height":200,"srcset":"https:\/\/i0.wp.com\/agriris.com\/wp-content\/uploads\/2024\/04\/large-eco-tote-black-front-661fd0885fbfb.jpg?fit=1200%2C1200&ssl=1&resize=350%2C200 1x, https:\/\/i0.wp.com\/agriris.com\/wp-content\/uploads\/2024\/04\/large-eco-tote-black-front-661fd0885fbfb.jpg?fit=1200%2C1200&ssl=1&resize=525%2C300 1.5x, https:\/\/i0.wp.com\/agriris.com\/wp-content\/uploads\/2024\/04\/large-eco-tote-black-front-661fd0885fbfb.jpg?fit=1200%2C1200&ssl=1&resize=700%2C400 2x, https:\/\/i0.wp.com\/agriris.com\/wp-content\/uploads\/2024\/04\/large-eco-tote-black-front-661fd0885fbfb.jpg?fit=1200%2C1200&ssl=1&resize=1050%2C600 3x"},"classes":[]}],"_links":{"self":[{"href":"https:\/\/agriris.com\/dk\/wp-json\/wp\/v2\/product\/4761","targetHints":{"allow":["GET"]}}],"collection":[{"href":"https:\/\/agriris.com\/dk\/wp-json\/wp\/v2\/product"}],"about":[{"href":"https:\/\/agriris.com\/dk\/wp-json\/wp\/v2\/types\/product"}],"replies":[{"embeddable":true,"href":"https:\/\/agriris.com\/dk\/wp-json\/wp\/v2\/comments?post=4761"}],"version-history":[{"count":7,"href":"https:\/\/agriris.com\/dk\/wp-json\/wp\/v2\/product\/4761\/revisions"}],"predecessor-version":[{"id":4817,"href":"https:\/\/agriris.com\/dk\/wp-json\/wp\/v2\/product\/4761\/revisions\/4817"}],"wp:featuredmedia":[{"embeddable":true,"href":"https:\/\/agriris.com\/dk\/wp-json\/wp\/v2\/media\/6412"}],"wp:attachment":[{"href":"https:\/\/agriris.com\/dk\/wp-json\/wp\/v2\/media?parent=4761"}],"wp:term":[{"taxonomy":"product_brand","embeddable":true,"href":"https:\/\/agriris.com\/dk\/wp-json\/wp\/v2\/product_brand?post=4761"},{"taxonomy":"product_cat","embeddable":true,"href":"https:\/\/agriris.com\/dk\/wp-json\/wp\/v2\/product_cat?post=4761"},{"taxonomy":"product_tag","embeddable":true,"href":"https:\/\/agriris.com\/dk\/wp-json\/wp\/v2\/product_tag?post=4761"}],"curies":[{"name":"wp","href":"https:\/\/api.w.org\/{rel}","templated":true}]}}