{"id":5806,"date":"2025-09-10T09:28:12","date_gmt":"2025-09-10T07:28:12","guid":{"rendered":"https:\/\/agriris.com\/?post_type=product&#038;p=5806"},"modified":"2026-04-09T14:19:49","modified_gmt":"2026-04-09T12:19:49","slug":"autosprout-mesh","status":"publish","type":"product","link":"https:\/\/agriris.com\/de\/product\/autosprout-mesh\/","title":{"rendered":"AutoSprout Brokkoli-Schale Netz"},"content":{"rendered":"<h2 data-start=\"29\" data-end=\"286\"><strong>Wesentlicher Zusatz f\u00fcr den Anbau von Brokkolisprossen.<\/strong><\/h2>\n<p data-start=\"105\" data-end=\"254\">Brokkolisprossen k\u00f6nnen <em data-start=\"159\" data-end=\"167\">knifflig<\/em> wachsen und ernten! Winzige Spinnwebenwurzeln rutschen durch die Schale und bleiben stecken, wenn du versuchst zu ernten.<\/p>\n<p data-start=\"256\" data-end=\"365\">Deshalb haben wir die <strong data-start=\"282\" data-end=\"307\">AutoSprout\u2122 Brokkoli-Schalen-Gitter<\/strong> \u2014 ein einfaches, aber leistungsstarkes Add-on, das das Problem l\u00f6st.<\/p>\n<p data-start=\"367\" data-end=\"573\"><strong>\u2705 <\/strong>Legen Sie es einfach auf Ihre vorhandenen Schalen und z\u00fcchten Sie wie gewohnt<\/p>\n<p data-start=\"367\" data-end=\"573\">\u2705 Macht die Ernte sauber und m\u00fchelos<\/p>\n<p data-start=\"367\" data-end=\"573\">\u2705 Luftzirkulation und Entw\u00e4sserung sind weiterhin gut<\/p>\n<h2 data-start=\"288\" data-end=\"516\"><strong>Schauen Sie sich unser Demovideo unten an<\/strong><\/h2>\n<p><iframe title=\"Der einfachste Weg, Brokkolisprossen zu Hause anzubauen #Shorts\" width=\"563\" height=\"1000\" src=\"https:\/\/www.youtube.com\/embed\/VJO3E7qMr7Y?feature=oembed\" frameborder=\"0\" allow=\"accelerometer; autoplay; clipboard-write; encrypted-media; gyroscope; picture-in-picture; web-share\" referrerpolicy=\"strict-origin-when-cross-origin\" allowfullscreen><\/iframe><\/p>","protected":false},"excerpt":{"rendered":"<p>Essential add-on for growing broccoli sprouts. Broccoli sprouts can be tricky to grow and harvest! Tiny cobweb roots slip through the tray and get stuck when you try to harvest. That\u2019s why we created the AutoSprout\u2122 Broccoli Tray Mesh \u2014 a simple but powerful add-on that solves the problem. \u2705 Just place it on top [&hellip;]<\/p>\n","protected":false},"featured_media":6105,"comment_status":"open","ping_status":"closed","template":"","meta":{"_crdt_document":"","advanced_seo_description":"","jetpack_seo_html_title":"","jetpack_seo_noindex":false},"product_brand":[],"product_cat":[1378],"product_tag":[1415],"class_list":{"0":"post-5806","1":"product","2":"type-product","3":"status-publish","4":"has-post-thumbnail","6":"product_cat-sprouting","7":"product_tag-autosprout-tray","8":"product_shipping_class-flat-rate","10":"first","11":"instock","12":"taxable","13":"shipping-taxable","14":"purchasable","15":"product-type-simple"},"exclude_global_add_ons":[],"addons":[],"jetpack_sharing_enabled":true,"jetpack_likes_enabled":false,"jetpack-related-posts":[{"id":25,"url":"https:\/\/agriris.com\/de\/product\/autosprout-tray\/","url_meta":{"origin":5806,"position":0},"title":"AutoSprout-Schale","author":"Eirik Fure Stensrud","date":"Oktober 11, 2023","format":false,"excerpt":"Sprossschale f\u00fcr Ihren AutoSprout \ud83c\udf00 Zwei Lochgr\u00f6\u00dfen zur Auswahl: W\u00e4hlen Sie zwischen gro\u00dfen 2-mm-L\u00f6chern und kleinen 1,2-mm-L\u00f6chern, passend f\u00fcr eine Vielzahl von Sprosssaaten. \ud83c\udfaf Warum verschiedene Schalen? Wir streben nach hervorragender Drainage und m\u00fcheloser Ernte. Kleine Samen k\u00f6nnen durch gro\u00dfe L\u00f6cher rutschen, w\u00e4hrend gro\u00dfe Samen m\u00f6glicherweise...","rel":"","context":"\u00c4hnlicher Beitrag","block_context":{"text":"\u00c4hnlicher Beitrag","link":""},"img":{"alt_text":"","src":"https:\/\/i0.wp.com\/agriris.com\/wp-content\/uploads\/2023\/10\/tray-with-raddish.png?fit=1200%2C1200&ssl=1&resize=350%2C200","width":350,"height":200,"srcset":"https:\/\/i0.wp.com\/agriris.com\/wp-content\/uploads\/2023\/10\/tray-with-raddish.png?fit=1200%2C1200&ssl=1&resize=350%2C200 1x, https:\/\/i0.wp.com\/agriris.com\/wp-content\/uploads\/2023\/10\/tray-with-raddish.png?fit=1200%2C1200&ssl=1&resize=525%2C300 1.5x, https:\/\/i0.wp.com\/agriris.com\/wp-content\/uploads\/2023\/10\/tray-with-raddish.png?fit=1200%2C1200&ssl=1&resize=700%2C400 2x, https:\/\/i0.wp.com\/agriris.com\/wp-content\/uploads\/2023\/10\/tray-with-raddish.png?fit=1200%2C1200&ssl=1&resize=1050%2C600 3x"},"classes":[]},{"id":4761,"url":"https:\/\/agriris.com\/de\/product\/autosprout\/","url_meta":{"origin":5806,"position":1},"title":"AutoSprout\u24b9","author":"Eirik Fure Stensrud","date":"Januar 22, 2025","format":false,"excerpt":"Weltweit erste 100% automatische Sprossmaschine | 500 Gramm in 2-6 Tagen anbauen | Spr\u00fchbew\u00e4sserung | Intelligente Beleuchtung | M\u00fchelose Reinigung | Umweltbewusstes Design | Kurs &amp; eBook","rel":"","context":"\u00c4hnlicher Beitrag","block_context":{"text":"\u00c4hnlicher Beitrag","link":""},"img":{"alt_text":"","src":"https:\/\/i0.wp.com\/agriris.com\/wp-content\/uploads\/2025\/01\/openart-image_bpOKdvjr_1765873925269_raw.png?fit=1152%2C896&ssl=1&resize=350%2C200","width":350,"height":200,"srcset":"https:\/\/i0.wp.com\/agriris.com\/wp-content\/uploads\/2025\/01\/openart-image_bpOKdvjr_1765873925269_raw.png?fit=1152%2C896&ssl=1&resize=350%2C200 1x, https:\/\/i0.wp.com\/agriris.com\/wp-content\/uploads\/2025\/01\/openart-image_bpOKdvjr_1765873925269_raw.png?fit=1152%2C896&ssl=1&resize=525%2C300 1.5x, https:\/\/i0.wp.com\/agriris.com\/wp-content\/uploads\/2025\/01\/openart-image_bpOKdvjr_1765873925269_raw.png?fit=1152%2C896&ssl=1&resize=700%2C400 2x, https:\/\/i0.wp.com\/agriris.com\/wp-content\/uploads\/2025\/01\/openart-image_bpOKdvjr_1765873925269_raw.png?fit=1152%2C896&ssl=1&resize=1050%2C600 3x"},"classes":[]},{"id":24,"url":"https:\/\/agriris.com\/de\/product\/autosprout-premium\/","url_meta":{"origin":5806,"position":2},"title":"AutoSprout Premium","author":"Eirik Fure Stensrud","date":"Oktober 11, 2023","format":false,"excerpt":"Weltweit erste 100% automatische Sprossmaschine | 500 Gramm in 2-6 Tagen z\u00fcchten | Nebelbew\u00e4sserung | Intelligente Beleuchtung | M\u00fchelose Reinigung | Umweltfreundliches Design | Umfassende Anleitungen","rel":"","context":"\u00c4hnlicher Beitrag","block_context":{"text":"\u00c4hnlicher Beitrag","link":""},"img":{"alt_text":"","src":"https:\/\/i0.wp.com\/agriris.com\/wp-content\/uploads\/2023\/10\/AutoSprout-Premium.jpg?fit=1128%2C1128&ssl=1&resize=350%2C200","width":350,"height":200,"srcset":"https:\/\/i0.wp.com\/agriris.com\/wp-content\/uploads\/2023\/10\/AutoSprout-Premium.jpg?fit=1128%2C1128&ssl=1&resize=350%2C200 1x, https:\/\/i0.wp.com\/agriris.com\/wp-content\/uploads\/2023\/10\/AutoSprout-Premium.jpg?fit=1128%2C1128&ssl=1&resize=525%2C300 1.5x, https:\/\/i0.wp.com\/agriris.com\/wp-content\/uploads\/2023\/10\/AutoSprout-Premium.jpg?fit=1128%2C1128&ssl=1&resize=700%2C400 2x, https:\/\/i0.wp.com\/agriris.com\/wp-content\/uploads\/2023\/10\/AutoSprout-Premium.jpg?fit=1128%2C1128&ssl=1&resize=1050%2C600 3x"},"classes":[]},{"id":4723,"url":"https:\/\/agriris.com\/de\/product\/the-power-of-sprouts-a-3-step-guide-to-grow-and-eat-them-everyday\/","url_meta":{"origin":5806,"position":3},"title":"Die Kraft der Sprossen (eBook)","author":"Eirik Fure Stensrud","date":"Januar 10, 2025","format":false,"excerpt":"Erfahren Sie mehr \u00fcber die gesundheitlichen Vorteile von Sprossen mit dem ultimativen Leitfaden von Anniken &amp; Eirik Fure Stensrud zum Sprossenziehen: The Power of Sprouts - A 3-Step Guide To Grow and Eat Them Everyday. Dieses E-Book richtet sich an alle, die ihr Wohlbefinden durch die unglaubliche Kraft von Sprossen \u2013 den winzigen N\u00e4hrstoffbomben der Natur \u2013 steigern m\u00f6chten.","rel":"","context":"\u00c4hnlicher Beitrag","block_context":{"text":"\u00c4hnlicher Beitrag","link":""},"img":{"alt_text":"","src":"https:\/\/i0.wp.com\/agriris.com\/wp-content\/uploads\/2025\/01\/Beige-New-Product-Mockup-Now-Available-Facebook-Post-1.png?fit=940%2C788&ssl=1&resize=350%2C200","width":350,"height":200,"srcset":"https:\/\/i0.wp.com\/agriris.com\/wp-content\/uploads\/2025\/01\/Beige-New-Product-Mockup-Now-Available-Facebook-Post-1.png?fit=940%2C788&ssl=1&resize=350%2C200 1x, https:\/\/i0.wp.com\/agriris.com\/wp-content\/uploads\/2025\/01\/Beige-New-Product-Mockup-Now-Available-Facebook-Post-1.png?fit=940%2C788&ssl=1&resize=525%2C300 1.5x, https:\/\/i0.wp.com\/agriris.com\/wp-content\/uploads\/2025\/01\/Beige-New-Product-Mockup-Now-Available-Facebook-Post-1.png?fit=940%2C788&ssl=1&resize=700%2C400 2x"},"classes":[]},{"id":5319,"url":"https:\/\/agriris.com\/de\/product\/growhealth-starter-bundle\/","url_meta":{"origin":5806,"position":4},"title":"GrowHealth Starter-Paket","author":"Eirik Fure Stensrud","date":"Oktober 16, 2025","format":false,"excerpt":"Das GrowHealth\u2122 Starter-Bundle bietet Ihnen die vollst\u00e4ndige Lernerfahrung: lebenslangen Zugang zum GrowHealth\u2122 Programm, alle drei Lern-Add-ons (GI-MAP, HTMA und DNA Core) sowie drei 1:1-Schulungsgespr\u00e4che mit unserem Team. Lernen Sie, Ihre Darm-, Energie- und genetischen Muster durch strukturierte Lektionen, datengest\u00fctzte Lernwerkzeuge, KI-Unterst\u00fctzung, \u2026 zu verstehen.","rel":"","context":"\u00c4hnlicher Beitrag","block_context":{"text":"\u00c4hnlicher Beitrag","link":""},"img":{"alt_text":"","src":"https:\/\/i0.wp.com\/agriris.com\/wp-content\/uploads\/2025\/10\/GrowHealth-Starter-Bundle.png?fit=1080%2C1080&ssl=1&resize=350%2C200","width":350,"height":200,"srcset":"https:\/\/i0.wp.com\/agriris.com\/wp-content\/uploads\/2025\/10\/GrowHealth-Starter-Bundle.png?fit=1080%2C1080&ssl=1&resize=350%2C200 1x, https:\/\/i0.wp.com\/agriris.com\/wp-content\/uploads\/2025\/10\/GrowHealth-Starter-Bundle.png?fit=1080%2C1080&ssl=1&resize=525%2C300 1.5x, https:\/\/i0.wp.com\/agriris.com\/wp-content\/uploads\/2025\/10\/GrowHealth-Starter-Bundle.png?fit=1080%2C1080&ssl=1&resize=700%2C400 2x, https:\/\/i0.wp.com\/agriris.com\/wp-content\/uploads\/2025\/10\/GrowHealth-Starter-Bundle.png?fit=1080%2C1080&ssl=1&resize=1050%2C600 3x"},"classes":[]},{"id":5578,"url":"https:\/\/agriris.com\/de\/product\/growhealth-gi-map\/","url_meta":{"origin":5806,"position":5},"title":"GrowHealth GI MAP Add-On","author":"Eirik Fure Stensrud","date":"Oktober 17, 2025","format":false,"excerpt":"Das GrowHealth\u2122 GI-MAP Learning Add-On hilft Ihnen, tiefer in das GrowHealth\u2122 Gut-Modul einzusteigen, indem es Ihre eigenen GI-MAP-Ergebnisse als Lernwerkzeug nutzt. Sie lernen, den 5R-Rahmen anzuwenden, um Ihre Verdauung, Ihr Mikrobiom und Ihre Lebensstilmuster durch strukturierte Lektionen, KI-Unterst\u00fctzung und individuelle Lernberatung in unserem\u2026","rel":"","context":"\u00c4hnlicher Beitrag","block_context":{"text":"\u00c4hnlicher Beitrag","link":""},"img":{"alt_text":"","src":"https:\/\/i0.wp.com\/agriris.com\/wp-content\/uploads\/2025\/10\/Copy-of-GrowHealth-Starter-Bundle-1.png?fit=1080%2C1080&ssl=1&resize=350%2C200","width":350,"height":200,"srcset":"https:\/\/i0.wp.com\/agriris.com\/wp-content\/uploads\/2025\/10\/Copy-of-GrowHealth-Starter-Bundle-1.png?fit=1080%2C1080&ssl=1&resize=350%2C200 1x, https:\/\/i0.wp.com\/agriris.com\/wp-content\/uploads\/2025\/10\/Copy-of-GrowHealth-Starter-Bundle-1.png?fit=1080%2C1080&ssl=1&resize=525%2C300 1.5x, https:\/\/i0.wp.com\/agriris.com\/wp-content\/uploads\/2025\/10\/Copy-of-GrowHealth-Starter-Bundle-1.png?fit=1080%2C1080&ssl=1&resize=700%2C400 2x, https:\/\/i0.wp.com\/agriris.com\/wp-content\/uploads\/2025\/10\/Copy-of-GrowHealth-Starter-Bundle-1.png?fit=1080%2C1080&ssl=1&resize=1050%2C600 3x"},"classes":[]}],"_links":{"self":[{"href":"https:\/\/agriris.com\/de\/wp-json\/wp\/v2\/product\/5806","targetHints":{"allow":["GET"]}}],"collection":[{"href":"https:\/\/agriris.com\/de\/wp-json\/wp\/v2\/product"}],"about":[{"href":"https:\/\/agriris.com\/de\/wp-json\/wp\/v2\/types\/product"}],"replies":[{"embeddable":true,"href":"https:\/\/agriris.com\/de\/wp-json\/wp\/v2\/comments?post=5806"}],"version-history":[{"count":14,"href":"https:\/\/agriris.com\/de\/wp-json\/wp\/v2\/product\/5806\/revisions"}],"predecessor-version":[{"id":6117,"href":"https:\/\/agriris.com\/de\/wp-json\/wp\/v2\/product\/5806\/revisions\/6117"}],"wp:featuredmedia":[{"embeddable":true,"href":"https:\/\/agriris.com\/de\/wp-json\/wp\/v2\/media\/6105"}],"wp:attachment":[{"href":"https:\/\/agriris.com\/de\/wp-json\/wp\/v2\/media?parent=5806"}],"wp:term":[{"taxonomy":"product_brand","embeddable":true,"href":"https:\/\/agriris.com\/de\/wp-json\/wp\/v2\/product_brand?post=5806"},{"taxonomy":"product_cat","embeddable":true,"href":"https:\/\/agriris.com\/de\/wp-json\/wp\/v2\/product_cat?post=5806"},{"taxonomy":"product_tag","embeddable":true,"href":"https:\/\/agriris.com\/de\/wp-json\/wp\/v2\/product_tag?post=5806"}],"curies":[{"name":"WP","href":"https:\/\/api.w.org\/{rel}","templated":true}]}}