{"id":4761,"date":"2025-01-22T11:53:13","date_gmt":"2025-01-22T10:53:13","guid":{"rendered":"https:\/\/agriris.com\/?post_type=product&#038;p=4761"},"modified":"2026-04-24T15:07:36","modified_gmt":"2026-04-24T13:07:36","slug":"autosprout","status":"publish","type":"product","link":"https:\/\/agriris.com\/de\/product\/autosprout\/","title":{"rendered":"AutoSprout\u24b9"},"content":{"rendered":"<div id=\"KXsSSnoYS1\" data-component=\"text\">\n<div class=\"kartra_text kartra_text--dim-grey kartra_text--extra-small kartra_text--margin-bottom-special-medium\" aria-controls=\"cke_24695\" aria-activedescendant=\"\" aria-autocomplete=\"list\" aria-expanded=\"false\">\n<div class=\"page\" title=\"Seite 1\">\n<div class=\"section\">\n<div class=\"layoutArea\">\n<div class=\"column\">\n<div class=\"elementor-element elementor-element-a8155ba elementor-widget elementor-widget-text-editor\" data-id=\"a8155ba\" data-element_type=\"widget\" data-widget_type=\"text-editor.default\">\n<div class=\"elementor-widget-container\">\n<div class=\"kartra_text kartra_text--dim-grey kartra_text--extra-small kartra_text--margin-bottom-special-medium\" aria-controls=\"cke_24695\" aria-activedescendant=\"\" aria-autocomplete=\"list\" aria-expanded=\"false\">\n<div class=\"page\" title=\"Seite 1\">\n<div class=\"section\">\n<div class=\"layoutArea\">\n<div class=\"column\">\n<h1>Frische Sprossen \u2013 automatisch in 2\u20136 Tagen.<\/h1>\n<\/div>\n<\/div>\n<\/div>\n<\/div>\n<\/div>\n<\/div>\n<\/div>\n<div class=\"elementor-element elementor-element-9c71101 elementor-widget elementor-widget-text-editor\" data-id=\"9c71101\" data-element_type=\"widget\" data-widget_type=\"text-editor.default\">\n<div class=\"elementor-widget-container\">\n<p><span data-start=\"1386\" data-end=\"1448\"><b>Die weltweit einzige Sprossmaschine, die die Arbeit f\u00fcr Sie erledigt.<\/b><\/span><\/p>\n<\/div>\n<\/div>\n<div class=\"elementor-element elementor-element-f23b749 elementor-icon-list--layout-traditional elementor-list-item-link-full_width elementor-widget elementor-widget-icon-list\" data-id=\"f23b749\" data-element_type=\"widget\" data-widget_type=\"icon-list.default\">\n<div class=\"elementor-widget-container\">\n<ul class=\"elementor-icon-list-items\">\n<li class=\"elementor-icon-list-item\"><i class=\"far fa-clock\" aria-hidden=\"true\"><\/i><span class=\"elementor-icon-list-text\"><b>Setzen &amp; Vergessen Automatisierung<\/b>\u00a0\u2013 Eure Sprossen w\u00e4ssern und wachsen sich in 3-6 Tagen von selbst.<\/span><\/li>\n<li class=\"elementor-icon-list-item\"><i class=\"fas fa-hand-holding-heart\" aria-hidden=\"true\"><\/i><span class=\"elementor-icon-list-text\"><b>N\u00e4hrstoffreiche Superfoods<\/b>\u00a0\u2013 Brokkoli, Luzerne, Mungobohnen &amp; mehr anbauen<\/span><\/li>\n<li class=\"elementor-icon-list-item\"><i class=\"fas fa-water\" aria-hidden=\"true\"><\/i><span class=\"elementor-icon-list-text\"><b>Leicht zu reinigen<\/b>\u00a0\u2013 2x Edelstahlwannen + Abwassertrennung halten Ihre Lebensmittel sicher.<\/span><\/li>\n<li class=\"elementor-icon-list-item\"><i class=\"fas fa-globe-africa\" aria-hidden=\"true\"><\/i><span class=\"elementor-icon-list-text\"><b>Geringer Energieverbrauch<\/b>\u00a0\u2013 L\u00e4uft mit nur 12V \u2013 umweltbewusst und effizient.<\/span><\/li>\n<li class=\"elementor-icon-list-item\"><i class=\"fas fa-handshake\" aria-hidden=\"true\"><\/i><span class=\"elementor-icon-list-text\"><b>Lebenslanger Zugang<\/b>\u00a0an unsere Kunden-Community<\/span><\/li>\n<li class=\"elementor-icon-list-item\"><i class=\"fas fa-book\" aria-hidden=\"true\"><\/i><span class=\"elementor-icon-list-text\"><b><i>Das Kraftpaket Keimlinge eBook<\/i><\/b>\u00a0&amp; GrowFood Kurs<\/span><\/li>\n<\/ul>\n<\/div>\n<\/div>\n<\/div>\n<\/div>\n<\/div>\n<\/div>\n<\/div>\n<\/div>","protected":false},"excerpt":{"rendered":"<div id=\"KXsSSnoYS1\" data-component=\"text\">\n<div class=\"kartra_text kartra_text--dim-grey kartra_text--extra-small kartra_text--margin-bottom-special-medium\" aria-controls=\"cke_24695\" aria-activedescendant=\"\" aria-autocomplete=\"list\" aria-expanded=\"false\">\n<div class=\"kartra_text kartra_text--dim-grey kartra_text--extra-small kartra_text--margin-bottom-special-medium\" aria-controls=\"cke_24695\" aria-activedescendant=\"\" aria-autocomplete=\"list\" aria-expanded=\"false\">\n<p><strong>Weltweit die Erste<\/strong> <strong>100% automatische Sprossmaschine<\/strong> | 500 Gramm in 2-6 Tagen z\u00fcchten | Spr\u00fchbew\u00e4sserung | Intelligente Beleuchtung | M\u00fchelose Reinigung | Umweltfreundliches Design | Kurs &amp; E-Book<\/p>\n<\/div>\n<\/div>\n<\/div>","protected":false},"featured_media":6412,"comment_status":"closed","ping_status":"closed","template":"","meta":{"_crdt_document":"","advanced_seo_description":"","jetpack_seo_html_title":"","jetpack_seo_noindex":false},"product_brand":[],"product_cat":[1378],"product_tag":[1472],"class_list":{"0":"post-4761","1":"product","2":"type-product","3":"status-publish","4":"has-post-thumbnail","6":"product_cat-sprouting","7":"product_tag-autosprout-light","8":"product_shipping_class-autosprout","10":"first","11":"instock","12":"taxable","13":"shipping-taxable","14":"purchasable","15":"product-type-simple"},"exclude_global_add_ons":false,"addons":[{"name":"Konfigurieren Sie Ihre Einrichtung","type":"checkbox","position":0,"required":false,"title_format":"hide","default":"","description_enable":true,"description":"Die meisten Kunden f\u00fcgen zus\u00e4tzliche Eins\u00e4tze f\u00fcr mehr Flexibilit\u00e4t hinzu (standardm\u00e4\u00dfig sind 1 Netzstoffeinsatz + 1 kleiner Einsatz + 1 gro\u00dfer Einsatz enthalten).","placeholder_enable":false,"placeholder":"","display":"select","restrictions_type":"any_text","adjust_price":false,"price":"","price_type":"flat_fee","restrictions":false,"min":"0","max":"0","options":[{"label":"+1 fine mesh","price":"69","price_type":"flat_fee","image":0,"visibility":true},{"label":"+1 tray for small sprouts","price":"149","price_type":"flat_fee","image":0,"visibility":true},{"label":"+1 tray for large sprouts","price":"149","price_type":"flat_fee","image":0,"visibility":true}],"id":1766054411}],"jetpack_sharing_enabled":true,"jetpack_likes_enabled":false,"jetpack-related-posts":[{"id":24,"url":"https:\/\/agriris.com\/de\/product\/autosprout-premium\/","url_meta":{"origin":4761,"position":0},"title":"AutoSprout Premium","author":"Eirik Fure Stensrud","date":"Oktober 11, 2023","format":false,"excerpt":"Weltweit erste 100% automatische Sprossmaschine | 500 Gramm in 2-6 Tagen z\u00fcchten | Nebelbew\u00e4sserung | Intelligente Beleuchtung | M\u00fchelose Reinigung | Umweltfreundliches Design | Umfassende Anleitungen","rel":"","context":"\u00c4hnlicher Beitrag","block_context":{"text":"\u00c4hnlicher Beitrag","link":""},"img":{"alt_text":"","src":"https:\/\/i0.wp.com\/agriris.com\/wp-content\/uploads\/2023\/10\/AutoSprout-Premium.jpg?fit=1128%2C1128&ssl=1&resize=350%2C200","width":350,"height":200,"srcset":"https:\/\/i0.wp.com\/agriris.com\/wp-content\/uploads\/2023\/10\/AutoSprout-Premium.jpg?fit=1128%2C1128&ssl=1&resize=350%2C200 1x, https:\/\/i0.wp.com\/agriris.com\/wp-content\/uploads\/2023\/10\/AutoSprout-Premium.jpg?fit=1128%2C1128&ssl=1&resize=525%2C300 1.5x, https:\/\/i0.wp.com\/agriris.com\/wp-content\/uploads\/2023\/10\/AutoSprout-Premium.jpg?fit=1128%2C1128&ssl=1&resize=700%2C400 2x, https:\/\/i0.wp.com\/agriris.com\/wp-content\/uploads\/2023\/10\/AutoSprout-Premium.jpg?fit=1128%2C1128&ssl=1&resize=1050%2C600 3x"},"classes":[]},{"id":4723,"url":"https:\/\/agriris.com\/de\/product\/the-power-of-sprouts-a-3-step-guide-to-grow-and-eat-them-everyday\/","url_meta":{"origin":4761,"position":1},"title":"Die Kraft der Sprossen (eBook)","author":"Eirik Fure Stensrud","date":"Januar 10, 2025","format":false,"excerpt":"Erfahren Sie mehr \u00fcber die gesundheitlichen Vorteile von Sprossen mit dem ultimativen Leitfaden von Anniken &amp; Eirik Fure Stensrud zum Sprossenziehen: The Power of Sprouts - A 3-Step Guide To Grow and Eat Them Everyday. Dieses E-Book richtet sich an alle, die ihr Wohlbefinden durch die unglaubliche Kraft von Sprossen \u2013 den winzigen N\u00e4hrstoffbomben der Natur \u2013 steigern m\u00f6chten.","rel":"","context":"\u00c4hnlicher Beitrag","block_context":{"text":"\u00c4hnlicher Beitrag","link":""},"img":{"alt_text":"","src":"https:\/\/i0.wp.com\/agriris.com\/wp-content\/uploads\/2025\/01\/Beige-New-Product-Mockup-Now-Available-Facebook-Post-1.png?fit=940%2C788&ssl=1&resize=350%2C200","width":350,"height":200,"srcset":"https:\/\/i0.wp.com\/agriris.com\/wp-content\/uploads\/2025\/01\/Beige-New-Product-Mockup-Now-Available-Facebook-Post-1.png?fit=940%2C788&ssl=1&resize=350%2C200 1x, https:\/\/i0.wp.com\/agriris.com\/wp-content\/uploads\/2025\/01\/Beige-New-Product-Mockup-Now-Available-Facebook-Post-1.png?fit=940%2C788&ssl=1&resize=525%2C300 1.5x, https:\/\/i0.wp.com\/agriris.com\/wp-content\/uploads\/2025\/01\/Beige-New-Product-Mockup-Now-Available-Facebook-Post-1.png?fit=940%2C788&ssl=1&resize=700%2C400 2x"},"classes":[]},{"id":25,"url":"https:\/\/agriris.com\/de\/product\/autosprout-tray\/","url_meta":{"origin":4761,"position":2},"title":"AutoSprout-Schale","author":"Eirik Fure Stensrud","date":"Oktober 11, 2023","format":false,"excerpt":"Sprossschale f\u00fcr Ihren AutoSprout \ud83c\udf00 Zwei Lochgr\u00f6\u00dfen zur Auswahl: W\u00e4hlen Sie zwischen gro\u00dfen 2-mm-L\u00f6chern und kleinen 1,2-mm-L\u00f6chern, passend f\u00fcr eine Vielzahl von Sprosssaaten. \ud83c\udfaf Warum verschiedene Schalen? Wir streben nach hervorragender Drainage und m\u00fcheloser Ernte. Kleine Samen k\u00f6nnen durch gro\u00dfe L\u00f6cher rutschen, w\u00e4hrend gro\u00dfe Samen m\u00f6glicherweise...","rel":"","context":"\u00c4hnlicher Beitrag","block_context":{"text":"\u00c4hnlicher Beitrag","link":""},"img":{"alt_text":"","src":"https:\/\/i0.wp.com\/agriris.com\/wp-content\/uploads\/2023\/10\/tray-with-raddish.png?fit=1200%2C1200&ssl=1&resize=350%2C200","width":350,"height":200,"srcset":"https:\/\/i0.wp.com\/agriris.com\/wp-content\/uploads\/2023\/10\/tray-with-raddish.png?fit=1200%2C1200&ssl=1&resize=350%2C200 1x, https:\/\/i0.wp.com\/agriris.com\/wp-content\/uploads\/2023\/10\/tray-with-raddish.png?fit=1200%2C1200&ssl=1&resize=525%2C300 1.5x, https:\/\/i0.wp.com\/agriris.com\/wp-content\/uploads\/2023\/10\/tray-with-raddish.png?fit=1200%2C1200&ssl=1&resize=700%2C400 2x, https:\/\/i0.wp.com\/agriris.com\/wp-content\/uploads\/2023\/10\/tray-with-raddish.png?fit=1200%2C1200&ssl=1&resize=1050%2C600 3x"},"classes":[]},{"id":5806,"url":"https:\/\/agriris.com\/de\/product\/autosprout-mesh\/","url_meta":{"origin":4761,"position":3},"title":"AutoSprout Brokkoli-Schale Netz","author":"Eirik Fure Stensrud","date":"September 10, 2025","format":false,"excerpt":"Essentielles Zubeh\u00f6r f\u00fcr den Anbau von Brokkolisprossen. Brokkolisprossen k\u00f6nnen schwierig anzubauen und zu ernten sein! Winzige spinnwebartige Wurzeln rutschen durch die Schale und bleiben bei der Ernte stecken. Deshalb haben wir das AutoSprout\u2122 Brokkoli-Schalen-Mesh entwickelt \u2013 ein einfaches, aber leistungsstarkes Zusatzteil, das das Problem l\u00f6st. \u2705\u2026","rel":"","context":"\u00c4hnlicher Beitrag","block_context":{"text":"\u00c4hnlicher Beitrag","link":""},"img":{"alt_text":"","src":"https:\/\/i0.wp.com\/agriris.com\/wp-content\/uploads\/2025\/09\/IMG_1004.jpg?fit=1200%2C900&ssl=1&resize=350%2C200","width":350,"height":200,"srcset":"https:\/\/i0.wp.com\/agriris.com\/wp-content\/uploads\/2025\/09\/IMG_1004.jpg?fit=1200%2C900&ssl=1&resize=350%2C200 1x, https:\/\/i0.wp.com\/agriris.com\/wp-content\/uploads\/2025\/09\/IMG_1004.jpg?fit=1200%2C900&ssl=1&resize=525%2C300 1.5x, https:\/\/i0.wp.com\/agriris.com\/wp-content\/uploads\/2025\/09\/IMG_1004.jpg?fit=1200%2C900&ssl=1&resize=700%2C400 2x, https:\/\/i0.wp.com\/agriris.com\/wp-content\/uploads\/2025\/09\/IMG_1004.jpg?fit=1200%2C900&ssl=1&resize=1050%2C600 3x"},"classes":[]},{"id":3429,"url":"https:\/\/agriris.com\/de\/product\/large-organic-shopping-bag\/","url_meta":{"origin":4761,"position":4},"title":"Gro\u00dfe Bio-Einkaufstasche","author":"Eirik Fure Stensrud","date":"April 17, 2024","format":false,"excerpt":"Werden Sie gr\u00fcn mit unserer 100% Bio-Baumwoll-Einkaufstasche. Ger\u00e4umig und robust, kann sie bis zu 13 kg Lebensmittel aufnehmen. Bestellen Sie jetzt f\u00fcr umweltfreundliches Einkaufen!","rel":"","context":"\u00c4hnlicher Beitrag","block_context":{"text":"\u00c4hnlicher Beitrag","link":""},"img":{"alt_text":"","src":"https:\/\/i0.wp.com\/agriris.com\/wp-content\/uploads\/2024\/04\/large-eco-tote-black-front-661fd0885fbfb.jpg?fit=1200%2C1200&ssl=1&resize=350%2C200","width":350,"height":200,"srcset":"https:\/\/i0.wp.com\/agriris.com\/wp-content\/uploads\/2024\/04\/large-eco-tote-black-front-661fd0885fbfb.jpg?fit=1200%2C1200&ssl=1&resize=350%2C200 1x, https:\/\/i0.wp.com\/agriris.com\/wp-content\/uploads\/2024\/04\/large-eco-tote-black-front-661fd0885fbfb.jpg?fit=1200%2C1200&ssl=1&resize=525%2C300 1.5x, https:\/\/i0.wp.com\/agriris.com\/wp-content\/uploads\/2024\/04\/large-eco-tote-black-front-661fd0885fbfb.jpg?fit=1200%2C1200&ssl=1&resize=700%2C400 2x, https:\/\/i0.wp.com\/agriris.com\/wp-content\/uploads\/2024\/04\/large-eco-tote-black-front-661fd0885fbfb.jpg?fit=1200%2C1200&ssl=1&resize=1050%2C600 3x"},"classes":[]}],"_links":{"self":[{"href":"https:\/\/agriris.com\/de\/wp-json\/wp\/v2\/product\/4761","targetHints":{"allow":["GET"]}}],"collection":[{"href":"https:\/\/agriris.com\/de\/wp-json\/wp\/v2\/product"}],"about":[{"href":"https:\/\/agriris.com\/de\/wp-json\/wp\/v2\/types\/product"}],"replies":[{"embeddable":true,"href":"https:\/\/agriris.com\/de\/wp-json\/wp\/v2\/comments?post=4761"}],"version-history":[{"count":7,"href":"https:\/\/agriris.com\/de\/wp-json\/wp\/v2\/product\/4761\/revisions"}],"predecessor-version":[{"id":4817,"href":"https:\/\/agriris.com\/de\/wp-json\/wp\/v2\/product\/4761\/revisions\/4817"}],"wp:featuredmedia":[{"embeddable":true,"href":"https:\/\/agriris.com\/de\/wp-json\/wp\/v2\/media\/6412"}],"wp:attachment":[{"href":"https:\/\/agriris.com\/de\/wp-json\/wp\/v2\/media?parent=4761"}],"wp:term":[{"taxonomy":"product_brand","embeddable":true,"href":"https:\/\/agriris.com\/de\/wp-json\/wp\/v2\/product_brand?post=4761"},{"taxonomy":"product_cat","embeddable":true,"href":"https:\/\/agriris.com\/de\/wp-json\/wp\/v2\/product_cat?post=4761"},{"taxonomy":"product_tag","embeddable":true,"href":"https:\/\/agriris.com\/de\/wp-json\/wp\/v2\/product_tag?post=4761"}],"curies":[{"name":"WP","href":"https:\/\/api.w.org\/{rel}","templated":true}]}}