{"id":24,"date":"2023-10-11T09:58:06","date_gmt":"2023-10-11T07:58:06","guid":{"rendered":"https:\/\/agriris.com\/?p=24"},"modified":"2025-05-22T13:18:28","modified_gmt":"2025-05-22T11:18:28","slug":"autosprout-premium","status":"publish","type":"product","link":"https:\/\/agriris.com\/de\/product\/autosprout-premium\/","title":{"rendered":"AutoSprout Premium"},"content":{"rendered":"<div id=\"KXsSSnoYS1\" data-component=\"text\">\n<div class=\"kartra_text kartra_text--dim-grey kartra_text--extra-small kartra_text--margin-bottom-special-medium\" aria-controls=\"cke_24695\" aria-activedescendant=\"\" aria-autocomplete=\"list\" aria-expanded=\"false\">\n<p>Der\u00a0<strong>welterste<\/strong>\u00a0automatischer Sprossz\u00fcchter, der in nur 2-6 Tagen 500 Gramm (1,10 Pfund) frische, entz\u00fcndungshemmende Sprossen z\u00fcchtet, und\u00a0<strong>das erledigt die Arbeit f\u00fcr Sie<\/strong>.<\/p>\n<\/div>\n<p>\ud83d\udebf <strong>Optimierte Nebelbew\u00e4sserung<\/strong>: \ud83c\udf27\ufe0f Pr\u00e4zisionsgefertigt f\u00fcr maximales Wachstum, verf\u00fcgt der AutoSprout \u00fcber ein Spr\u00fchbew\u00e4sserungssystem, das sicherstellt, dass Ihre Samen perfekt gesp\u00fclt und mit Feuchtigkeit versorgt werden.<\/p>\n<p>\u26e2\ufe0f <strong>Zweischicht-Wassertanksystem<\/strong>Mit separaten Kammern f\u00fcr Abwasser und Frischwasser kommen Ihre Sprossen nur mit sauberem Wasser in Ber\u00fchrung, wodurch das Risiko von Schimmel- und Bakterienkontaminationen effektiv ausgeschlossen wird.<\/p>\n<p>\ud83d\udca1 <strong>Intelligente Beleuchtung<\/strong>Beleuchtungssystem, das genau dann angeht, wenn Ihre Sprossen es brauchen, und so f\u00fcr ein gr\u00fcnes Wachstum und einen k\u00f6stlichen Geschmack sorgt.<\/p>\n<p>\ud83e\uddfc <strong>M\u00fchelose Reinigung<\/strong>Jeder Zentimeter des AutoSprout wurde mit Blick auf Ihren Komfort entwickelt. Die Reinigung ist kinderleicht und sorgt sowohl f\u00fcr die Langlebigkeit Ihrer Maschine als auch f\u00fcr die Sicherheit Ihrer Sprossen.<\/p>\n<p>\ud83c\udf31 <strong>2 Lochgr\u00f6\u00dfen f\u00fcr Anzuchtschalen<\/strong>Ob Sie gr\u00f6\u00dfere Samen wie Radieschen und Linsen oder kleinere Samen wie Brokkoli und Luzerne anbauen, unsere Tabletts sind mit 2 mm bzw. 1,2 mm gro\u00dfen L\u00f6chern f\u00fcr Sie da.<\/p>\n<p>\ud83d\udee0\ufe0f <strong>Premium Qualit\u00e4t<\/strong>Hergestellt aus hochwertigem Edelstahl und geh\u00e4rtetem Glas, ist das AutoSprout nicht nur langlebig, sondern auch f\u00fcr eine einfache Selbstwartung im Falle eines Teiledurchtauschs konzipiert.<\/p>\n<p>\ud83c\udf0e <strong>Umweltbewusstes Design<\/strong>Mit 12V im niedrigen Bereich arbeitet der AutoSprout umweltfreundlich und effizient.<\/p>\n<p>\ud83d\udcd8 <strong>\u201cDie Kraft der Sprossen\u201d<\/strong>Ihr Kauf beinhaltet unser E-Book <em>\u201cDie Kraft der Sprossen\u201d<\/em>\u00a0 liefert Ihnen alle Informationen, die Sie \u00fcber das Keimen ben\u00f6tigen.<\/p>\n<p>\ud83e\udd1d<strong>\u00a0Gemeinschaft<\/strong>Treten Sie einer lebendigen Gemeinschaft gleichgesinnter Funktionskost-Enthusiasten bei, die alle bestrebt sind, ihre Gesundheit zu verbessern und ihre Reise zu teilen.<\/p>\n<\/div>","protected":false},"excerpt":{"rendered":"<div id=\"KXsSSnoYS1\" data-component=\"text\">\n<div class=\"kartra_text kartra_text--dim-grey kartra_text--extra-small kartra_text--margin-bottom-special-medium\" aria-controls=\"cke_24695\" aria-activedescendant=\"\" aria-autocomplete=\"list\" aria-expanded=\"false\">\n<div class=\"kartra_text kartra_text--dim-grey kartra_text--extra-small kartra_text--margin-bottom-special-medium\" aria-controls=\"cke_24695\" aria-activedescendant=\"\" aria-autocomplete=\"list\" aria-expanded=\"false\">\n<p><strong>Weltweit die Erste<\/strong> <strong>100% automatische Sprossmaschine<\/strong> | 500 Gramm in 2-6 Tagen z\u00fcchten | Nebelbew\u00e4sserung | Intelligente Beleuchtung | M\u00fchelose Reinigung | Umweltbewusstes Design | Umfassende Anleitungen<\/p>\n<\/div>\n<\/div>\n<\/div>","protected":false},"featured_media":4885,"comment_status":"open","ping_status":"closed","template":"","meta":{"_crdt_document":"","advanced_seo_description":"","jetpack_seo_html_title":"","jetpack_seo_noindex":false},"product_brand":[],"product_cat":[1378],"product_tag":[1414],"class_list":{"0":"post-24","1":"product","2":"type-product","3":"status-publish","4":"has-post-thumbnail","6":"product_cat-sprouting","7":"product_tag-autosprout","8":"product_shipping_class-free-shipping","10":"first","11":"outofstock","12":"taxable","13":"shipping-taxable","14":"purchasable","15":"product-type-simple"},"exclude_global_add_ons":false,"addons":[{"name":"Konfigurieren Sie Ihre Einrichtung","type":"checkbox","position":0,"required":false,"title_format":"hide","default":"","description_enable":true,"description":"Die meisten Kunden f\u00fcgen zus\u00e4tzliche Eins\u00e4tze f\u00fcr mehr Flexibilit\u00e4t hinzu (standardm\u00e4\u00dfig sind 1 Netzstoffeinsatz + 1 kleiner Einsatz + 1 gro\u00dfer Einsatz enthalten).","placeholder_enable":false,"placeholder":"","display":"select","restrictions_type":"any_text","adjust_price":false,"price":"","price_type":"flat_fee","restrictions":false,"min":"0","max":"0","options":[{"label":"+1 fine mesh","price":"69","price_type":"flat_fee","image":0,"visibility":true},{"label":"+1 tray for small sprouts","price":"149","price_type":"flat_fee","image":0,"visibility":true},{"label":"+1 tray for large sprouts","price":"149","price_type":"flat_fee","image":0,"visibility":true}],"id":1766054411}],"jetpack_sharing_enabled":true,"jetpack_likes_enabled":false,"jetpack-related-posts":[{"id":4761,"url":"https:\/\/agriris.com\/de\/product\/autosprout\/","url_meta":{"origin":24,"position":0},"title":"AutoSprout\u24b9","author":"Eirik Fure Stensrud","date":"Januar 22, 2025","format":false,"excerpt":"Weltweit erste 100% automatische Sprossmaschine | 500 Gramm in 2-6 Tagen anbauen | Spr\u00fchbew\u00e4sserung | Intelligente Beleuchtung | M\u00fchelose Reinigung | Umweltbewusstes Design | Kurs &amp; eBook","rel":"","context":"\u00c4hnlicher Beitrag","block_context":{"text":"\u00c4hnlicher Beitrag","link":""},"img":{"alt_text":"","src":"https:\/\/i0.wp.com\/agriris.com\/wp-content\/uploads\/2025\/01\/openart-image_bpOKdvjr_1765873925269_raw.png?fit=1152%2C896&ssl=1&resize=350%2C200","width":350,"height":200,"srcset":"https:\/\/i0.wp.com\/agriris.com\/wp-content\/uploads\/2025\/01\/openart-image_bpOKdvjr_1765873925269_raw.png?fit=1152%2C896&ssl=1&resize=350%2C200 1x, https:\/\/i0.wp.com\/agriris.com\/wp-content\/uploads\/2025\/01\/openart-image_bpOKdvjr_1765873925269_raw.png?fit=1152%2C896&ssl=1&resize=525%2C300 1.5x, https:\/\/i0.wp.com\/agriris.com\/wp-content\/uploads\/2025\/01\/openart-image_bpOKdvjr_1765873925269_raw.png?fit=1152%2C896&ssl=1&resize=700%2C400 2x, https:\/\/i0.wp.com\/agriris.com\/wp-content\/uploads\/2025\/01\/openart-image_bpOKdvjr_1765873925269_raw.png?fit=1152%2C896&ssl=1&resize=1050%2C600 3x"},"classes":[]},{"id":5806,"url":"https:\/\/agriris.com\/de\/product\/autosprout-mesh\/","url_meta":{"origin":24,"position":1},"title":"AutoSprout Brokkoli-Schale Netz","author":"Eirik Fure Stensrud","date":"September 10, 2025","format":false,"excerpt":"Essentielles Zubeh\u00f6r f\u00fcr den Anbau von Brokkolisprossen. Brokkolisprossen k\u00f6nnen schwierig anzubauen und zu ernten sein! Winzige spinnwebartige Wurzeln rutschen durch die Schale und bleiben bei der Ernte stecken. Deshalb haben wir das AutoSprout\u2122 Brokkoli-Schalen-Mesh entwickelt \u2013 ein einfaches, aber leistungsstarkes Zusatzteil, das das Problem l\u00f6st. \u2705\u2026","rel":"","context":"\u00c4hnlicher Beitrag","block_context":{"text":"\u00c4hnlicher Beitrag","link":""},"img":{"alt_text":"","src":"https:\/\/i0.wp.com\/agriris.com\/wp-content\/uploads\/2025\/09\/IMG_1004.jpg?fit=1200%2C900&ssl=1&resize=350%2C200","width":350,"height":200,"srcset":"https:\/\/i0.wp.com\/agriris.com\/wp-content\/uploads\/2025\/09\/IMG_1004.jpg?fit=1200%2C900&ssl=1&resize=350%2C200 1x, https:\/\/i0.wp.com\/agriris.com\/wp-content\/uploads\/2025\/09\/IMG_1004.jpg?fit=1200%2C900&ssl=1&resize=525%2C300 1.5x, https:\/\/i0.wp.com\/agriris.com\/wp-content\/uploads\/2025\/09\/IMG_1004.jpg?fit=1200%2C900&ssl=1&resize=700%2C400 2x, https:\/\/i0.wp.com\/agriris.com\/wp-content\/uploads\/2025\/09\/IMG_1004.jpg?fit=1200%2C900&ssl=1&resize=1050%2C600 3x"},"classes":[]},{"id":25,"url":"https:\/\/agriris.com\/de\/product\/autosprout-tray\/","url_meta":{"origin":24,"position":2},"title":"AutoSprout-Schale","author":"Eirik Fure Stensrud","date":"Oktober 11, 2023","format":false,"excerpt":"Sprossschale f\u00fcr Ihren AutoSprout \ud83c\udf00 Zwei Lochgr\u00f6\u00dfen zur Auswahl: W\u00e4hlen Sie zwischen gro\u00dfen 2-mm-L\u00f6chern und kleinen 1,2-mm-L\u00f6chern, passend f\u00fcr eine Vielzahl von Sprosssaaten. \ud83c\udfaf Warum verschiedene Schalen? Wir streben nach hervorragender Drainage und m\u00fcheloser Ernte. Kleine Samen k\u00f6nnen durch gro\u00dfe L\u00f6cher rutschen, w\u00e4hrend gro\u00dfe Samen m\u00f6glicherweise...","rel":"","context":"\u00c4hnlicher Beitrag","block_context":{"text":"\u00c4hnlicher Beitrag","link":""},"img":{"alt_text":"","src":"https:\/\/i0.wp.com\/agriris.com\/wp-content\/uploads\/2023\/10\/tray-with-raddish.png?fit=1200%2C1200&ssl=1&resize=350%2C200","width":350,"height":200,"srcset":"https:\/\/i0.wp.com\/agriris.com\/wp-content\/uploads\/2023\/10\/tray-with-raddish.png?fit=1200%2C1200&ssl=1&resize=350%2C200 1x, https:\/\/i0.wp.com\/agriris.com\/wp-content\/uploads\/2023\/10\/tray-with-raddish.png?fit=1200%2C1200&ssl=1&resize=525%2C300 1.5x, https:\/\/i0.wp.com\/agriris.com\/wp-content\/uploads\/2023\/10\/tray-with-raddish.png?fit=1200%2C1200&ssl=1&resize=700%2C400 2x, https:\/\/i0.wp.com\/agriris.com\/wp-content\/uploads\/2023\/10\/tray-with-raddish.png?fit=1200%2C1200&ssl=1&resize=1050%2C600 3x"},"classes":[]},{"id":4723,"url":"https:\/\/agriris.com\/de\/product\/the-power-of-sprouts-a-3-step-guide-to-grow-and-eat-them-everyday\/","url_meta":{"origin":24,"position":3},"title":"Die Kraft der Sprossen (eBook)","author":"Eirik Fure Stensrud","date":"Januar 10, 2025","format":false,"excerpt":"Erfahren Sie mehr \u00fcber die gesundheitlichen Vorteile von Sprossen mit dem ultimativen Leitfaden von Anniken &amp; Eirik Fure Stensrud zum Sprossenziehen: The Power of Sprouts - A 3-Step Guide To Grow and Eat Them Everyday. Dieses E-Book richtet sich an alle, die ihr Wohlbefinden durch die unglaubliche Kraft von Sprossen \u2013 den winzigen N\u00e4hrstoffbomben der Natur \u2013 steigern m\u00f6chten.","rel":"","context":"\u00c4hnlicher Beitrag","block_context":{"text":"\u00c4hnlicher Beitrag","link":""},"img":{"alt_text":"","src":"https:\/\/i0.wp.com\/agriris.com\/wp-content\/uploads\/2025\/01\/Beige-New-Product-Mockup-Now-Available-Facebook-Post-1.png?fit=940%2C788&ssl=1&resize=350%2C200","width":350,"height":200,"srcset":"https:\/\/i0.wp.com\/agriris.com\/wp-content\/uploads\/2025\/01\/Beige-New-Product-Mockup-Now-Available-Facebook-Post-1.png?fit=940%2C788&ssl=1&resize=350%2C200 1x, https:\/\/i0.wp.com\/agriris.com\/wp-content\/uploads\/2025\/01\/Beige-New-Product-Mockup-Now-Available-Facebook-Post-1.png?fit=940%2C788&ssl=1&resize=525%2C300 1.5x, https:\/\/i0.wp.com\/agriris.com\/wp-content\/uploads\/2025\/01\/Beige-New-Product-Mockup-Now-Available-Facebook-Post-1.png?fit=940%2C788&ssl=1&resize=700%2C400 2x"},"classes":[]}],"_links":{"self":[{"href":"https:\/\/agriris.com\/de\/wp-json\/wp\/v2\/product\/24","targetHints":{"allow":["GET"]}}],"collection":[{"href":"https:\/\/agriris.com\/de\/wp-json\/wp\/v2\/product"}],"about":[{"href":"https:\/\/agriris.com\/de\/wp-json\/wp\/v2\/types\/product"}],"replies":[{"embeddable":true,"href":"https:\/\/agriris.com\/de\/wp-json\/wp\/v2\/comments?post=24"}],"version-history":[{"count":4,"href":"https:\/\/agriris.com\/de\/wp-json\/wp\/v2\/product\/24\/revisions"}],"predecessor-version":[{"id":88,"href":"https:\/\/agriris.com\/de\/wp-json\/wp\/v2\/product\/24\/revisions\/88"}],"wp:featuredmedia":[{"embeddable":true,"href":"https:\/\/agriris.com\/de\/wp-json\/wp\/v2\/media\/4885"}],"wp:attachment":[{"href":"https:\/\/agriris.com\/de\/wp-json\/wp\/v2\/media?parent=24"}],"wp:term":[{"taxonomy":"product_brand","embeddable":true,"href":"https:\/\/agriris.com\/de\/wp-json\/wp\/v2\/product_brand?post=24"},{"taxonomy":"product_cat","embeddable":true,"href":"https:\/\/agriris.com\/de\/wp-json\/wp\/v2\/product_cat?post=24"},{"taxonomy":"product_tag","embeddable":true,"href":"https:\/\/agriris.com\/de\/wp-json\/wp\/v2\/product_tag?post=24"}],"curies":[{"name":"WP","href":"https:\/\/api.w.org\/{rel}","templated":true}]}}